{"id":993,"date":"2026-02-16T08:44:46","date_gmt":"2026-02-16T08:44:46","guid":{"rendered":"https:\/\/test.fitnessworldgym27.com\/?post_type=product&#038;p=993"},"modified":"2026-03-30T19:24:54","modified_gmt":"2026-03-30T19:24:54","slug":"bioderma-creme-main-et-ongle","status":"publish","type":"product","link":"https:\/\/cosmeticstoredz.com\/ar\/product\/bioderma-creme-main-et-ongle\/","title":{"rendered":"BIODERMA CREME MAIN ET ONGLE"},"content":{"rendered":"<p>La technologie hydro-absorbante renforce la barri\u00e8re cutan\u00e9e, tandis que la Glyc\u00e9rine corrige le manque d\u2019hydratation cutan\u00e9e en renfon\u00e7ant la barri\u00e8re de la peau. Elle aide \u00e0 capturer et maintenir l\u2019eau ambiante en s\u2019adaptant \u00e0 l\u2019humidit\u00e9 atmosph\u00e9rique.<br \/>\nULTRA-NOURRISSANTE &amp; RELIPIDANTE<br \/>\nLa vitamine PP stimule la synth\u00e8se des lipides en restaurant la fonction barri\u00e8re de la peau.<br \/>\nL\u2019huile de karit\u00e9 nourrit la peau, ses acides gras peuvent avoir un effet b\u00e9n\u00e9fique sur les ongles cassants en les nourrissant et en rempla\u00e7ant le potentiel film hydrolipidique alt\u00e9r\u00e9.<br \/>\nEFFET DOUCEUR DURABLE<br \/>\nLes agents g\u00e9lifiants et sa texture d\u00e9riv\u00e9e de l\u2019amidon permettent un excellent cr\u00e9mage pour une p\u00e9n\u00e9tration rapide et une sensation de mains extr\u00eamement douces et velout\u00e9es.<\/p>","protected":false},"excerpt":{"rendered":"<p>Le soin quotidien ultra-r\u00e9parateur et apaisant qui r\u00e9siste aux lavages, renforce le film hydrolipidique et prot\u00e8ge durablement la peau.<\/p>","protected":false},"featured_media":1059,"comment_status":"open","ping_status":"closed","template":"","meta":[],"product_brand":[],"product_cat":[148,82,75,81],"product_tag":[125],"class_list":{"0":"post-993","1":"product","2":"type-product","3":"status-publish","4":"has-post-thumbnail","6":"product_cat-bioderma","7":"product_cat-creme-hydratante-fc","8":"product_cat-femme","9":"product_cat-soin-corps-f","10":"product_tag-made-in-france","12":"first","13":"outofstock","14":"shipping-taxable","15":"purchasable","16":"product-type-simple"},"_links":{"self":[{"href":"https:\/\/cosmeticstoredz.com\/ar\/wp-json\/wp\/v2\/product\/993","targetHints":{"allow":["GET"]}}],"collection":[{"href":"https:\/\/cosmeticstoredz.com\/ar\/wp-json\/wp\/v2\/product"}],"about":[{"href":"https:\/\/cosmeticstoredz.com\/ar\/wp-json\/wp\/v2\/types\/product"}],"replies":[{"embeddable":true,"href":"https:\/\/cosmeticstoredz.com\/ar\/wp-json\/wp\/v2\/comments?post=993"}],"version-history":[{"count":1,"href":"https:\/\/cosmeticstoredz.com\/ar\/wp-json\/wp\/v2\/product\/993\/revisions"}],"predecessor-version":[{"id":1060,"href":"https:\/\/cosmeticstoredz.com\/ar\/wp-json\/wp\/v2\/product\/993\/revisions\/1060"}],"wp:featuredmedia":[{"embeddable":true,"href":"https:\/\/cosmeticstoredz.com\/ar\/wp-json\/wp\/v2\/media\/1059"}],"wp:attachment":[{"href":"https:\/\/cosmeticstoredz.com\/ar\/wp-json\/wp\/v2\/media?parent=993"}],"wp:term":[{"taxonomy":"product_brand","embeddable":true,"href":"https:\/\/cosmeticstoredz.com\/ar\/wp-json\/wp\/v2\/product_brand?post=993"},{"taxonomy":"product_cat","embeddable":true,"href":"https:\/\/cosmeticstoredz.com\/ar\/wp-json\/wp\/v2\/product_cat?post=993"},{"taxonomy":"product_tag","embeddable":true,"href":"https:\/\/cosmeticstoredz.com\/ar\/wp-json\/wp\/v2\/product_tag?post=993"}],"curies":[{"name":"wp","href":"https:\/\/api.w.org\/{rel}","templated":true}]}}