{"id":991,"date":"2026-02-16T08:44:46","date_gmt":"2026-02-16T08:44:46","guid":{"rendered":"https:\/\/test.fitnessworldgym27.com\/?post_type=product&#038;p=991"},"modified":"2026-04-27T15:53:20","modified_gmt":"2026-04-27T15:53:20","slug":"biafine-soleil-emulsion-solaire-visage-fluide-50-spf","status":"publish","type":"product","link":"https:\/\/cosmeticstoredz.com\/ar\/product\/biafine-soleil-emulsion-solaire-visage-fluide-50-spf\/","title":{"rendered":"BIAFINE SOLEIL EMULSION SOLAIRE VISAGE FLUIDE 50 SPF"},"content":{"rendered":"<p>La protection solaire visage des peaux les plus sensibles, tr\u00e8s claires ou claires offre une double protection:<\/p>\n<ul>\n<li><strong>Prot\u00e8ge des coups de soleil<\/strong>\u00a0gr\u00e2ce au syst\u00e8me performant et photostable de filtres anti-UVA et UVB \u00e0 large spectre.<\/li>\n<li><strong>Prot\u00e8ge des dommages cutan\u00e9s\u00a0<\/strong>\u00e0 long terme.<\/li>\n<\/ul>\n<p>Formule haute tol\u00e9rance, d\u00e9velopp\u00e9e\u00a0sous contr\u00f4le m\u00e9dical et test\u00e9e cliniquement.<\/p>\n<h3>Indicateurs :<\/h3>\n<p>D\u00e9velopp\u00e9 pour les\u00a0<strong>peaux tr\u00e8s claires<\/strong>,\u00a0<strong>claires\u00a0<\/strong>ou\u00a0<strong>sensibles\u00a0<\/strong>de toute la famille (enfants de plus de 3 ans).<\/p>\n<p>Protection solaire du visage.<\/p>\n<h3>Conseils d&rsquo;utilisation\u00a0:<\/h3>\n<p>Avant l\u2019exposition au soleil, appliquer g\u00e9n\u00e9reusement et uniform\u00e9ment sur l\u2019ensemble des zones expos\u00e9es.<\/p>\n<p>Une application r\u00e9duite de protection solaire peut baisser significativement le niveau de protection.<\/p>\n<p>Renouveler fr\u00e9quemment l\u2019application, en particulier apr\u00e8s avoir transpir\u00e9, nag\u00e9 ou vous \u00eatre essuy\u00e9.<\/p>\n<h3>Pr\u00e9cautions\u00a0:<\/h3>\n<p>Garder les b\u00e9b\u00e9s et enfants \u00e0 l\u2019\u00e9cart des rayons de soleil directs.<\/p>\n<p>\u00c9viter le soleil en milieu de journ\u00e9e et une exposition prolong\u00e9e au soleil, m\u00eame en utilisant une protection solaire.<\/p>","protected":false},"excerpt":{"rendered":"<p>La protection solaire visage des peaux les plus sensibles, tr\u00e8s claires ou claires offre une double protection<\/p>","protected":false},"featured_media":1055,"comment_status":"open","ping_status":"closed","template":"","meta":[],"product_brand":[],"product_cat":[147,75,81,76,131],"product_tag":[125],"class_list":{"0":"post-991","1":"product","2":"type-product","3":"status-publish","4":"has-post-thumbnail","6":"product_cat-biafine","7":"product_cat-femme","8":"product_cat-soin-corps-f","9":"product_cat-soin-visage-f","10":"product_cat-solaire","11":"product_tag-made-in-france","13":"first","14":"outofstock","15":"shipping-taxable","16":"purchasable","17":"product-type-simple"},"yoast_head":"<!-- This site is optimized with the Yoast SEO plugin v27.3 - https:\/\/yoast.com\/product\/yoast-seo-wordpress\/ -->\n<title>BIAFINE SOLEIL EMULSION SOLAIRE VISAGE FLUIDE 50 SPF - Cosmetic Store<\/title>\n<meta name=\"robots\" content=\"index, follow, max-snippet:-1, max-image-preview:large, max-video-preview:-1\" \/>\n<link rel=\"canonical\" href=\"https:\/\/cosmeticstoredz.com\/ar\/product\/biafine-soleil-emulsion-solaire-visage-fluide-50-spf\/\" \/>\n<meta property=\"og:locale\" content=\"ar_AR\" \/>\n<meta property=\"og:type\" content=\"article\" \/>\n<meta property=\"og:title\" content=\"BIAFINE SOLEIL EMULSION SOLAIRE VISAGE FLUIDE 50 SPF - Cosmetic Store\" \/>\n<meta property=\"og:description\" content=\"La protection solaire visage des peaux les plus sensibles, tr\u00e8s claires ou claires offre une double protection\" \/>\n<meta property=\"og:url\" content=\"https:\/\/cosmeticstoredz.com\/ar\/product\/biafine-soleil-emulsion-solaire-visage-fluide-50-spf\/\" \/>\n<meta property=\"og:site_name\" content=\"Cosmetic Store\" \/>\n<meta property=\"article:publisher\" content=\"https:\/\/www.facebook.com\/profile.php?id=61564954260683\" \/>\n<meta property=\"article:modified_time\" content=\"2026-04-27T15:53:20+00:00\" \/>\n<meta property=\"og:image\" content=\"https:\/\/cosmeticstoredz.com\/wp-content\/uploads\/2026\/02\/Ajouter-un-titre-2024-08-06T164650.984.png\" \/>\n\t<meta property=\"og:image:width\" content=\"1563\" \/>\n\t<meta property=\"og:image:height\" content=\"1563\" \/>\n\t<meta property=\"og:image:type\" content=\"image\/png\" \/>\n<meta name=\"twitter:card\" content=\"summary_large_image\" \/>\n<meta name=\"twitter:label1\" content=\"\u0648\u0642\u062a \u0627\u0644\u0642\u0631\u0627\u0621\u0629 \u0627\u0644\u0645\u064f\u0642\u062f\u0651\u0631\" \/>\n\t<meta name=\"twitter:data1\" content=\"\u062f\u0642\u064a\u0642\u0629 \u0648\u0627\u062d\u062f\u0629\" \/>\n<script type=\"application\/ld+json\" class=\"yoast-schema-graph\">{\"@context\":\"https:\\\/\\\/schema.org\",\"@graph\":[{\"@type\":\"WebPage\",\"@id\":\"https:\\\/\\\/cosmeticstoredz.com\\\/produit\\\/biafine-soleil-emulsion-solaire-visage-fluide-50-spf\\\/\",\"url\":\"https:\\\/\\\/cosmeticstoredz.com\\\/produit\\\/biafine-soleil-emulsion-solaire-visage-fluide-50-spf\\\/\",\"name\":\"BIAFINE SOLEIL EMULSION SOLAIRE VISAGE FLUIDE 50 SPF - Cosmetic Store\",\"isPartOf\":{\"@id\":\"https:\\\/\\\/cosmeticstoredz.com\\\/#website\"},\"primaryImageOfPage\":{\"@id\":\"https:\\\/\\\/cosmeticstoredz.com\\\/produit\\\/biafine-soleil-emulsion-solaire-visage-fluide-50-spf\\\/#primaryimage\"},\"image\":{\"@id\":\"https:\\\/\\\/cosmeticstoredz.com\\\/produit\\\/biafine-soleil-emulsion-solaire-visage-fluide-50-spf\\\/#primaryimage\"},\"thumbnailUrl\":\"https:\\\/\\\/cosmeticstoredz.com\\\/wp-content\\\/uploads\\\/2026\\\/02\\\/Ajouter-un-titre-2024-08-06T164650.984.png\",\"datePublished\":\"2026-02-16T08:44:46+00:00\",\"dateModified\":\"2026-04-27T15:53:20+00:00\",\"breadcrumb\":{\"@id\":\"https:\\\/\\\/cosmeticstoredz.com\\\/produit\\\/biafine-soleil-emulsion-solaire-visage-fluide-50-spf\\\/#breadcrumb\"},\"inLanguage\":\"ar\",\"potentialAction\":[{\"@type\":\"ReadAction\",\"target\":[\"https:\\\/\\\/cosmeticstoredz.com\\\/produit\\\/biafine-soleil-emulsion-solaire-visage-fluide-50-spf\\\/\"]}]},{\"@type\":\"ImageObject\",\"inLanguage\":\"ar\",\"@id\":\"https:\\\/\\\/cosmeticstoredz.com\\\/produit\\\/biafine-soleil-emulsion-solaire-visage-fluide-50-spf\\\/#primaryimage\",\"url\":\"https:\\\/\\\/cosmeticstoredz.com\\\/wp-content\\\/uploads\\\/2026\\\/02\\\/Ajouter-un-titre-2024-08-06T164650.984.png\",\"contentUrl\":\"https:\\\/\\\/cosmeticstoredz.com\\\/wp-content\\\/uploads\\\/2026\\\/02\\\/Ajouter-un-titre-2024-08-06T164650.984.png\",\"width\":1563,\"height\":1563},{\"@type\":\"BreadcrumbList\",\"@id\":\"https:\\\/\\\/cosmeticstoredz.com\\\/produit\\\/biafine-soleil-emulsion-solaire-visage-fluide-50-spf\\\/#breadcrumb\",\"itemListElement\":[{\"@type\":\"ListItem\",\"position\":1,\"name\":\"Accueil\",\"item\":\"https:\\\/\\\/cosmeticstoredz.com\\\/\"},{\"@type\":\"ListItem\",\"position\":2,\"name\":\"Boutique\",\"item\":\"https:\\\/\\\/cosmeticstoredz.com\\\/boutique\\\/\"},{\"@type\":\"ListItem\",\"position\":3,\"name\":\"BIAFINE SOLEIL EMULSION SOLAIRE VISAGE FLUIDE 50 SPF\"}]},{\"@type\":\"WebSite\",\"@id\":\"https:\\\/\\\/cosmeticstoredz.com\\\/#website\",\"url\":\"https:\\\/\\\/cosmeticstoredz.com\\\/\",\"name\":\"Cosmetic Store\",\"description\":\"\",\"publisher\":{\"@id\":\"https:\\\/\\\/cosmeticstoredz.com\\\/#organization\"},\"potentialAction\":[{\"@type\":\"SearchAction\",\"target\":{\"@type\":\"EntryPoint\",\"urlTemplate\":\"https:\\\/\\\/cosmeticstoredz.com\\\/?s={search_term_string}\"},\"query-input\":{\"@type\":\"PropertyValueSpecification\",\"valueRequired\":true,\"valueName\":\"search_term_string\"}}],\"inLanguage\":\"ar\"},{\"@type\":\"Organization\",\"@id\":\"https:\\\/\\\/cosmeticstoredz.com\\\/#organization\",\"name\":\"Cosmetic Store\",\"url\":\"https:\\\/\\\/cosmeticstoredz.com\\\/\",\"logo\":{\"@type\":\"ImageObject\",\"inLanguage\":\"ar\",\"@id\":\"https:\\\/\\\/cosmeticstoredz.com\\\/#\\\/schema\\\/logo\\\/image\\\/\",\"url\":\"https:\\\/\\\/cosmeticstoredz.com\\\/wp-content\\\/uploads\\\/2026\\\/02\\\/cropped-LOGO_CS-512x512-1-1-e1771275285345.webp\",\"contentUrl\":\"https:\\\/\\\/cosmeticstoredz.com\\\/wp-content\\\/uploads\\\/2026\\\/02\\\/cropped-LOGO_CS-512x512-1-1-e1771275285345.webp\",\"width\":265,\"height\":319,\"caption\":\"Cosmetic Store\"},\"image\":{\"@id\":\"https:\\\/\\\/cosmeticstoredz.com\\\/#\\\/schema\\\/logo\\\/image\\\/\"},\"sameAs\":[\"https:\\\/\\\/www.facebook.com\\\/profile.php?id=61564954260683\",\"https:\\\/\\\/www.instagram.com\\\/cosmetic.storedz\\\/\"]}]}<\/script>\n<!-- \/ Yoast SEO plugin. -->","yoast_head_json":{"title":"BIAFINE SOLEIL EMULSION SOLAIRE VISAGE FLUIDE 50 SPF - Cosmetic Store","robots":{"index":"index","follow":"follow","max-snippet":"max-snippet:-1","max-image-preview":"max-image-preview:large","max-video-preview":"max-video-preview:-1"},"canonical":"https:\/\/cosmeticstoredz.com\/ar\/product\/biafine-soleil-emulsion-solaire-visage-fluide-50-spf\/","og_locale":"ar_AR","og_type":"article","og_title":"BIAFINE SOLEIL EMULSION SOLAIRE VISAGE FLUIDE 50 SPF - Cosmetic Store","og_description":"La protection solaire visage des peaux les plus sensibles, tr\u00e8s claires ou claires offre une double protection","og_url":"https:\/\/cosmeticstoredz.com\/ar\/product\/biafine-soleil-emulsion-solaire-visage-fluide-50-spf\/","og_site_name":"Cosmetic Store","article_publisher":"https:\/\/www.facebook.com\/profile.php?id=61564954260683","article_modified_time":"2026-04-27T15:53:20+00:00","og_image":[{"width":1563,"height":1563,"url":"https:\/\/cosmeticstoredz.com\/wp-content\/uploads\/2026\/02\/Ajouter-un-titre-2024-08-06T164650.984.png","type":"image\/png"}],"twitter_card":"summary_large_image","twitter_misc":{"\u0648\u0642\u062a \u0627\u0644\u0642\u0631\u0627\u0621\u0629 \u0627\u0644\u0645\u064f\u0642\u062f\u0651\u0631":"\u062f\u0642\u064a\u0642\u0629 \u0648\u0627\u062d\u062f\u0629"},"schema":{"@context":"https:\/\/schema.org","@graph":[{"@type":"WebPage","@id":"https:\/\/cosmeticstoredz.com\/produit\/biafine-soleil-emulsion-solaire-visage-fluide-50-spf\/","url":"https:\/\/cosmeticstoredz.com\/produit\/biafine-soleil-emulsion-solaire-visage-fluide-50-spf\/","name":"BIAFINE SOLEIL EMULSION SOLAIRE VISAGE FLUIDE 50 SPF - Cosmetic Store","isPartOf":{"@id":"https:\/\/cosmeticstoredz.com\/#website"},"primaryImageOfPage":{"@id":"https:\/\/cosmeticstoredz.com\/produit\/biafine-soleil-emulsion-solaire-visage-fluide-50-spf\/#primaryimage"},"image":{"@id":"https:\/\/cosmeticstoredz.com\/produit\/biafine-soleil-emulsion-solaire-visage-fluide-50-spf\/#primaryimage"},"thumbnailUrl":"https:\/\/cosmeticstoredz.com\/wp-content\/uploads\/2026\/02\/Ajouter-un-titre-2024-08-06T164650.984.png","datePublished":"2026-02-16T08:44:46+00:00","dateModified":"2026-04-27T15:53:20+00:00","breadcrumb":{"@id":"https:\/\/cosmeticstoredz.com\/produit\/biafine-soleil-emulsion-solaire-visage-fluide-50-spf\/#breadcrumb"},"inLanguage":"ar","potentialAction":[{"@type":"ReadAction","target":["https:\/\/cosmeticstoredz.com\/produit\/biafine-soleil-emulsion-solaire-visage-fluide-50-spf\/"]}]},{"@type":"ImageObject","inLanguage":"ar","@id":"https:\/\/cosmeticstoredz.com\/produit\/biafine-soleil-emulsion-solaire-visage-fluide-50-spf\/#primaryimage","url":"https:\/\/cosmeticstoredz.com\/wp-content\/uploads\/2026\/02\/Ajouter-un-titre-2024-08-06T164650.984.png","contentUrl":"https:\/\/cosmeticstoredz.com\/wp-content\/uploads\/2026\/02\/Ajouter-un-titre-2024-08-06T164650.984.png","width":1563,"height":1563},{"@type":"BreadcrumbList","@id":"https:\/\/cosmeticstoredz.com\/produit\/biafine-soleil-emulsion-solaire-visage-fluide-50-spf\/#breadcrumb","itemListElement":[{"@type":"ListItem","position":1,"name":"Accueil","item":"https:\/\/cosmeticstoredz.com\/"},{"@type":"ListItem","position":2,"name":"Boutique","item":"https:\/\/cosmeticstoredz.com\/boutique\/"},{"@type":"ListItem","position":3,"name":"BIAFINE SOLEIL EMULSION SOLAIRE VISAGE FLUIDE 50 SPF"}]},{"@type":"WebSite","@id":"https:\/\/cosmeticstoredz.com\/#website","url":"https:\/\/cosmeticstoredz.com\/","name":"Cosmetic Store","description":"","publisher":{"@id":"https:\/\/cosmeticstoredz.com\/#organization"},"potentialAction":[{"@type":"SearchAction","target":{"@type":"EntryPoint","urlTemplate":"https:\/\/cosmeticstoredz.com\/?s={search_term_string}"},"query-input":{"@type":"PropertyValueSpecification","valueRequired":true,"valueName":"search_term_string"}}],"inLanguage":"ar"},{"@type":"Organization","@id":"https:\/\/cosmeticstoredz.com\/#organization","name":"Cosmetic Store","url":"https:\/\/cosmeticstoredz.com\/","logo":{"@type":"ImageObject","inLanguage":"ar","@id":"https:\/\/cosmeticstoredz.com\/#\/schema\/logo\/image\/","url":"https:\/\/cosmeticstoredz.com\/wp-content\/uploads\/2026\/02\/cropped-LOGO_CS-512x512-1-1-e1771275285345.webp","contentUrl":"https:\/\/cosmeticstoredz.com\/wp-content\/uploads\/2026\/02\/cropped-LOGO_CS-512x512-1-1-e1771275285345.webp","width":265,"height":319,"caption":"Cosmetic Store"},"image":{"@id":"https:\/\/cosmeticstoredz.com\/#\/schema\/logo\/image\/"},"sameAs":["https:\/\/www.facebook.com\/profile.php?id=61564954260683","https:\/\/www.instagram.com\/cosmetic.storedz\/"]}]}},"_links":{"self":[{"href":"https:\/\/cosmeticstoredz.com\/ar\/wp-json\/wp\/v2\/product\/991","targetHints":{"allow":["GET"]}}],"collection":[{"href":"https:\/\/cosmeticstoredz.com\/ar\/wp-json\/wp\/v2\/product"}],"about":[{"href":"https:\/\/cosmeticstoredz.com\/ar\/wp-json\/wp\/v2\/types\/product"}],"replies":[{"embeddable":true,"href":"https:\/\/cosmeticstoredz.com\/ar\/wp-json\/wp\/v2\/comments?post=991"}],"version-history":[{"count":1,"href":"https:\/\/cosmeticstoredz.com\/ar\/wp-json\/wp\/v2\/product\/991\/revisions"}],"predecessor-version":[{"id":1056,"href":"https:\/\/cosmeticstoredz.com\/ar\/wp-json\/wp\/v2\/product\/991\/revisions\/1056"}],"wp:featuredmedia":[{"embeddable":true,"href":"https:\/\/cosmeticstoredz.com\/ar\/wp-json\/wp\/v2\/media\/1055"}],"wp:attachment":[{"href":"https:\/\/cosmeticstoredz.com\/ar\/wp-json\/wp\/v2\/media?parent=991"}],"wp:term":[{"taxonomy":"product_brand","embeddable":true,"href":"https:\/\/cosmeticstoredz.com\/ar\/wp-json\/wp\/v2\/product_brand?post=991"},{"taxonomy":"product_cat","embeddable":true,"href":"https:\/\/cosmeticstoredz.com\/ar\/wp-json\/wp\/v2\/product_cat?post=991"},{"taxonomy":"product_tag","embeddable":true,"href":"https:\/\/cosmeticstoredz.com\/ar\/wp-json\/wp\/v2\/product_tag?post=991"}],"curies":[{"name":"wp","href":"https:\/\/api.w.org\/{rel}","templated":true}]}}