{"id":990,"date":"2026-02-16T08:44:46","date_gmt":"2026-02-16T08:44:46","guid":{"rendered":"https:\/\/test.fitnessworldgym27.com\/?post_type=product&#038;p=990"},"modified":"2026-03-30T19:24:54","modified_gmt":"2026-03-30T19:24:54","slug":"bedouine-parfum-evasion","status":"publish","type":"product","link":"https:\/\/cosmeticstoredz.com\/ar\/product\/bedouine-parfum-evasion\/","title":{"rendered":"BEDOUINE PARFUM EVASION"},"content":{"rendered":"<p>PARFUM \u00c9VASION DE B\u00c9DOUINE COSM\u00c9TIQUE<\/p>\n<p>\u00c9VASION , L&rsquo;EAU DE PARFUM<\/p>\n<p>&nbsp;<\/p>\n<p>FLORALE , FRUIT\u00c9E ET L\u00c9G\u00c8REMENT DE MUSC TRADITIONNEL .<\/p>\n<p>LA FRAGRANCE EXHALE DES NOTES DE GRENADE GLAC\u00c9E, DE CITRON \u00c9CLATANT ET DE P\u00c9TALES DE ROSE, ASSOCI\u00c9ES \u00c0 DES NOTES DE POMME CROQUANTE ET DE JASMIN, POUR UN PARFUM INTENS\u00c9MENT F\u00c9MININ.<\/p>\n<p>&nbsp;<\/p>\n<p>Contenance : 100 ml<\/p>","protected":false},"excerpt":{"rendered":"<p>PARFUM \u00c9VASION DE B\u00c9DOUINE COSM\u00c9TIQUE<\/p>\n<p>\u00c9VASION , L&rsquo;EAU DE PARFUM<\/p>\n<p>&nbsp;<\/p>\n<p>FLORALE , FRUIT\u00c9E ET L\u00c9G\u00c8REMENT DE MUSC TRADITIONNEL .<\/p>\n<p>LA FRAGRANCE EXHALE DES NOTES DE GRENADE GLAC\u00c9E, DE CITRON \u00c9CLATANT ET DE P\u00c9TALES DE ROSE, ASSOCI\u00c9ES \u00c0 DES NOTES DE POMME CROQUANTE ET DE JASMIN, POUR UN PARFUM INTENS\u00c9MENT F\u00c9MININ.<\/p>\n<p>&nbsp;<\/p>","protected":false},"featured_media":1053,"comment_status":"open","ping_status":"closed","template":"","meta":[],"product_brand":[],"product_cat":[145,146,75,78],"product_tag":[90],"class_list":{"0":"post-990","1":"product","2":"type-product","3":"status-publish","4":"has-post-thumbnail","6":"product_cat-bedouine","7":"product_cat-eau-de-toilette-f","8":"product_cat-femme","9":"product_cat-parfum-f","10":"product_tag-made-in-algeria","12":"first","13":"instock","14":"shipping-taxable","15":"purchasable","16":"product-type-simple"},"_links":{"self":[{"href":"https:\/\/cosmeticstoredz.com\/ar\/wp-json\/wp\/v2\/product\/990","targetHints":{"allow":["GET"]}}],"collection":[{"href":"https:\/\/cosmeticstoredz.com\/ar\/wp-json\/wp\/v2\/product"}],"about":[{"href":"https:\/\/cosmeticstoredz.com\/ar\/wp-json\/wp\/v2\/types\/product"}],"replies":[{"embeddable":true,"href":"https:\/\/cosmeticstoredz.com\/ar\/wp-json\/wp\/v2\/comments?post=990"}],"version-history":[{"count":1,"href":"https:\/\/cosmeticstoredz.com\/ar\/wp-json\/wp\/v2\/product\/990\/revisions"}],"predecessor-version":[{"id":1054,"href":"https:\/\/cosmeticstoredz.com\/ar\/wp-json\/wp\/v2\/product\/990\/revisions\/1054"}],"wp:featuredmedia":[{"embeddable":true,"href":"https:\/\/cosmeticstoredz.com\/ar\/wp-json\/wp\/v2\/media\/1053"}],"wp:attachment":[{"href":"https:\/\/cosmeticstoredz.com\/ar\/wp-json\/wp\/v2\/media?parent=990"}],"wp:term":[{"taxonomy":"product_brand","embeddable":true,"href":"https:\/\/cosmeticstoredz.com\/ar\/wp-json\/wp\/v2\/product_brand?post=990"},{"taxonomy":"product_cat","embeddable":true,"href":"https:\/\/cosmeticstoredz.com\/ar\/wp-json\/wp\/v2\/product_cat?post=990"},{"taxonomy":"product_tag","embeddable":true,"href":"https:\/\/cosmeticstoredz.com\/ar\/wp-json\/wp\/v2\/product_tag?post=990"}],"curies":[{"name":"wp","href":"https:\/\/api.w.org\/{rel}","templated":true}]}}