{"id":988,"date":"2026-02-16T08:44:46","date_gmt":"2026-02-16T08:44:46","guid":{"rendered":"https:\/\/test.fitnessworldgym27.com\/?post_type=product&#038;p=988"},"modified":"2026-03-30T19:25:59","modified_gmt":"2026-03-30T19:25:59","slug":"bedouine-gommage-a-la-lavande","status":"publish","type":"product","link":"https:\/\/cosmeticstoredz.com\/ar\/product\/bedouine-gommage-a-la-lavande\/","title":{"rendered":"BEDOUINE GOMMAGE A LA LAVANDE"},"content":{"rendered":"<p>Offrez \u00e0 votre peau un moment de d\u00e9tente et de douceur avec le gommage B\u00e9douine \u00e0 la lavande. Ce gommage exfoliant d\u00e9licat \u00e9limine en douceur les cellules mortes, r\u00e9v\u00e9lant une peau lisse et soyeuse<\/p>","protected":false},"excerpt":{"rendered":"<p>Offrez \u00e0 votre peau un moment de d\u00e9tente et de douceur avec le gommage B\u00e9douine \u00e0 la lavande. Ce gommage exfoliant d\u00e9licat \u00e9limine en douceur les cellules mortes, r\u00e9v\u00e9lant une peau lisse et soyeuse<\/p>","protected":false},"featured_media":1049,"comment_status":"open","ping_status":"closed","template":"","meta":[],"product_brand":[],"product_cat":[75,94,81],"product_tag":[],"class_list":{"0":"post-988","1":"product","2":"type-product","3":"status-publish","4":"has-post-thumbnail","6":"product_cat-femme","7":"product_cat-gommage-fc","8":"product_cat-soin-corps-f","10":"first","11":"outofstock","12":"shipping-taxable","13":"purchasable","14":"product-type-simple"},"_links":{"self":[{"href":"https:\/\/cosmeticstoredz.com\/ar\/wp-json\/wp\/v2\/product\/988","targetHints":{"allow":["GET"]}}],"collection":[{"href":"https:\/\/cosmeticstoredz.com\/ar\/wp-json\/wp\/v2\/product"}],"about":[{"href":"https:\/\/cosmeticstoredz.com\/ar\/wp-json\/wp\/v2\/types\/product"}],"replies":[{"embeddable":true,"href":"https:\/\/cosmeticstoredz.com\/ar\/wp-json\/wp\/v2\/comments?post=988"}],"version-history":[{"count":1,"href":"https:\/\/cosmeticstoredz.com\/ar\/wp-json\/wp\/v2\/product\/988\/revisions"}],"predecessor-version":[{"id":1050,"href":"https:\/\/cosmeticstoredz.com\/ar\/wp-json\/wp\/v2\/product\/988\/revisions\/1050"}],"wp:featuredmedia":[{"embeddable":true,"href":"https:\/\/cosmeticstoredz.com\/ar\/wp-json\/wp\/v2\/media\/1049"}],"wp:attachment":[{"href":"https:\/\/cosmeticstoredz.com\/ar\/wp-json\/wp\/v2\/media?parent=988"}],"wp:term":[{"taxonomy":"product_brand","embeddable":true,"href":"https:\/\/cosmeticstoredz.com\/ar\/wp-json\/wp\/v2\/product_brand?post=988"},{"taxonomy":"product_cat","embeddable":true,"href":"https:\/\/cosmeticstoredz.com\/ar\/wp-json\/wp\/v2\/product_cat?post=988"},{"taxonomy":"product_tag","embeddable":true,"href":"https:\/\/cosmeticstoredz.com\/ar\/wp-json\/wp\/v2\/product_tag?post=988"}],"curies":[{"name":"wp","href":"https:\/\/api.w.org\/{rel}","templated":true}]}}