{"id":987,"date":"2026-02-16T08:44:46","date_gmt":"2026-02-16T08:44:46","guid":{"rendered":"https:\/\/test.fitnessworldgym27.com\/?post_type=product&#038;p=987"},"modified":"2026-03-30T19:24:54","modified_gmt":"2026-03-30T19:24:54","slug":"bedouine-beurre-de-karite","status":"publish","type":"product","link":"https:\/\/cosmeticstoredz.com\/ar\/product\/bedouine-beurre-de-karite\/","title":{"rendered":"BEDOUINE BEURRE DE KARITE"},"content":{"rendered":"<p>BEURRE-DE-KARITE : L&rsquo;arbre \u00e0 karit\u00e9 pousse naturellement dans les savanes d&rsquo;Afrique de l&rsquo;ouest et produit des fruits, de couleur verte, &#8230;<\/p>","protected":false},"excerpt":{"rendered":"<p>Beurre de karit\u00e9 | Produit bio artisanal d&rsquo;Alg\u00e9rie<\/p>\n<p>Bedouine Beurre de karit\u00e9 naturel bio apaisant, hydratant, assouplissant, protecteur, nourrissant, r\u00e9g\u00e9n\u00e9rant, cicatrisant<\/p>","protected":false},"featured_media":1047,"comment_status":"open","ping_status":"closed","template":"","meta":[],"product_brand":[],"product_cat":[145,75,96,95],"product_tag":[90],"class_list":{"0":"post-987","1":"product","2":"type-product","3":"status-publish","4":"has-post-thumbnail","6":"product_cat-bedouine","7":"product_cat-femme","8":"product_cat-huile","9":"product_cat-soin-cheveux-f","10":"product_tag-made-in-algeria","12":"first","13":"outofstock","14":"shipping-taxable","15":"purchasable","16":"product-type-simple"},"_links":{"self":[{"href":"https:\/\/cosmeticstoredz.com\/ar\/wp-json\/wp\/v2\/product\/987","targetHints":{"allow":["GET"]}}],"collection":[{"href":"https:\/\/cosmeticstoredz.com\/ar\/wp-json\/wp\/v2\/product"}],"about":[{"href":"https:\/\/cosmeticstoredz.com\/ar\/wp-json\/wp\/v2\/types\/product"}],"replies":[{"embeddable":true,"href":"https:\/\/cosmeticstoredz.com\/ar\/wp-json\/wp\/v2\/comments?post=987"}],"version-history":[{"count":1,"href":"https:\/\/cosmeticstoredz.com\/ar\/wp-json\/wp\/v2\/product\/987\/revisions"}],"predecessor-version":[{"id":1048,"href":"https:\/\/cosmeticstoredz.com\/ar\/wp-json\/wp\/v2\/product\/987\/revisions\/1048"}],"wp:featuredmedia":[{"embeddable":true,"href":"https:\/\/cosmeticstoredz.com\/ar\/wp-json\/wp\/v2\/media\/1047"}],"wp:attachment":[{"href":"https:\/\/cosmeticstoredz.com\/ar\/wp-json\/wp\/v2\/media?parent=987"}],"wp:term":[{"taxonomy":"product_brand","embeddable":true,"href":"https:\/\/cosmeticstoredz.com\/ar\/wp-json\/wp\/v2\/product_brand?post=987"},{"taxonomy":"product_cat","embeddable":true,"href":"https:\/\/cosmeticstoredz.com\/ar\/wp-json\/wp\/v2\/product_cat?post=987"},{"taxonomy":"product_tag","embeddable":true,"href":"https:\/\/cosmeticstoredz.com\/ar\/wp-json\/wp\/v2\/product_tag?post=987"}],"curies":[{"name":"wp","href":"https:\/\/api.w.org\/{rel}","templated":true}]}}