{"id":981,"date":"2026-02-16T08:44:46","date_gmt":"2026-02-16T08:44:46","guid":{"rendered":"https:\/\/test.fitnessworldgym27.com\/?post_type=product&#038;p=981"},"modified":"2026-03-30T19:24:53","modified_gmt":"2026-03-30T19:24:53","slug":"babyliss-ultrasonic-protocol","status":"publish","type":"product","link":"https:\/\/cosmeticstoredz.com\/ar\/product\/babyliss-ultrasonic-protocol\/","title":{"rendered":"BABYLISS ULTRASONIC PROTOCOL"},"content":{"rendered":"<p>Le lisseur professionnel BaBylissPRO BAB2091EPE est un mat\u00e9riel de coiffure de haute qualit\u00e9 qui est con\u00e7u pour offrir des performances de lissage exceptionnelles. Avec ses plaques en EP Technologie et ses fonctionnalit\u00e9s avanc\u00e9es, cet appareil est capable de lisser les cheveux les plus \u00e9pais et les plus fris\u00e9s en un temps record !<\/p>\n<p>&nbsp;<\/p>\n<p>Caract\u00e9ristiques<\/p>\n<p>\u2022 Plaques 28mm x 110mm EP TECHNOLOGY 5.0<\/p>\n<p>\u2022 Technologie ionique<\/p>\n<p>\u2022 Advanced Heat Management System\u2122 : mise \u00e0 temp\u00e9rature imm\u00e9diate<\/p>\n<p>\u2022 S\u00e9lecteur de temp\u00e9rature \u2013 5 positions (150\u00b0C \u2013 170\u00b0C \u2013 190\u00b0C \u2013 210\u00b0C \u2013 230\u00b0C)<\/p>\n<p>\u2022 Interrupteur marche\/arr\u00eat &amp; affichage de la temp\u00e9rature<\/p>\n<p>\u2022 Cordon professionnel rotatif 2.70m<\/p>\n<p>&nbsp;<\/p>\n<p>Le lisseur professionnel BAB2091EPE BaBylissPRO est \u00e9quip\u00e9 de plaques en EP Technologie 5.0 ultra-lisses qui sont capables de glisser sans effort sur les cheveux pour un lissage rapide et facile. Recommand\u00e9 pour le lissage br\u00e9silien en raison de ses plaques ultra-lisses, de ses r\u00e9glages de temp\u00e9rature et de sa technologie ionique avanc\u00e9es.<\/p>","protected":false},"excerpt":{"rendered":"<p>Marque : BABYLISS PRO<\/p>\n<p>Le lisseur professionnel BaBylissPRO BAB2091EPE est un mat\u00e9riel de coiffure de haute qualit\u00e9 qui est con\u00e7u pour offrir des performances de lissage &#8230;<\/p>","protected":false},"featured_media":1024,"comment_status":"open","ping_status":"closed","template":"","meta":[],"product_brand":[],"product_cat":[117],"product_tag":[],"class_list":{"0":"post-981","1":"product","2":"type-product","3":"status-publish","4":"has-post-thumbnail","6":"product_cat-accessoires","8":"first","9":"instock","10":"shipping-taxable","11":"purchasable","12":"product-type-simple"},"_links":{"self":[{"href":"https:\/\/cosmeticstoredz.com\/ar\/wp-json\/wp\/v2\/product\/981","targetHints":{"allow":["GET"]}}],"collection":[{"href":"https:\/\/cosmeticstoredz.com\/ar\/wp-json\/wp\/v2\/product"}],"about":[{"href":"https:\/\/cosmeticstoredz.com\/ar\/wp-json\/wp\/v2\/types\/product"}],"replies":[{"embeddable":true,"href":"https:\/\/cosmeticstoredz.com\/ar\/wp-json\/wp\/v2\/comments?post=981"}],"version-history":[{"count":1,"href":"https:\/\/cosmeticstoredz.com\/ar\/wp-json\/wp\/v2\/product\/981\/revisions"}],"predecessor-version":[{"id":1025,"href":"https:\/\/cosmeticstoredz.com\/ar\/wp-json\/wp\/v2\/product\/981\/revisions\/1025"}],"wp:featuredmedia":[{"embeddable":true,"href":"https:\/\/cosmeticstoredz.com\/ar\/wp-json\/wp\/v2\/media\/1024"}],"wp:attachment":[{"href":"https:\/\/cosmeticstoredz.com\/ar\/wp-json\/wp\/v2\/media?parent=981"}],"wp:term":[{"taxonomy":"product_brand","embeddable":true,"href":"https:\/\/cosmeticstoredz.com\/ar\/wp-json\/wp\/v2\/product_brand?post=981"},{"taxonomy":"product_cat","embeddable":true,"href":"https:\/\/cosmeticstoredz.com\/ar\/wp-json\/wp\/v2\/product_cat?post=981"},{"taxonomy":"product_tag","embeddable":true,"href":"https:\/\/cosmeticstoredz.com\/ar\/wp-json\/wp\/v2\/product_tag?post=981"}],"curies":[{"name":"wp","href":"https:\/\/api.w.org\/{rel}","templated":true}]}}