{"id":976,"date":"2026-02-16T08:44:45","date_gmt":"2026-02-16T08:44:45","guid":{"rendered":"https:\/\/test.fitnessworldgym27.com\/?post_type=product&#038;p=976"},"modified":"2026-03-30T19:24:52","modified_gmt":"2026-03-30T19:24:52","slug":"babyliss-lisseur-boucleur-digital-sensor","status":"publish","type":"product","link":"https:\/\/cosmeticstoredz.com\/ar\/product\/babyliss-lisseur-boucleur-digital-sensor\/","title":{"rendered":"BABYLISS LISSEUR BOUCLEUR DIGITAL SENSOR"},"content":{"rendered":"<p>BaByliss Paris a mis toute son expertise professionnelle dans le d\u00e9veloppement d\u2019une toute nouvelle g\u00e9n\u00e9ration d\u2019appareils de coiffure.<br \/>\nAvec la collection Digital Sensor de BaByliss, laissez l\u2019appareil faire le travail !<\/p>\n<p>Le lisseur Digital Sensor est dot\u00e9 d&rsquo;un capteur, qui analyse la nature de votre cheveu et ajuste automatiquement la temp\u00e9rature des plaques pour un lissage tout en protection.<br \/>\nSon capteur int\u00e9gr\u00e9 ajuste automatiquement la temp\u00e9rature de chauffe pour un lissage professionnel et respectueux du cheveu.<\/p>\n<p>Avec le lisseur Digital Sensor, passez en mode protection.<br \/>\nEn activant le mode Hair Protect, le capteur de l&rsquo;appareil analyse la nature de vos cheveux au premier passage afin d&rsquo;ajuster automatiquement la temp\u00e9rature de chauffe, pour un r\u00e9sultat optimal et une fibre capillaire prot\u00e9g\u00e9e.<br \/>\nSes plaques flottantes en c\u00e9ramique n&rsquo;\u00e9crasent pas vos cheveux et permet un lissage en douceur. Il sera votre meilleur alli\u00e9 pour un lissage professionnel tout en protection.<\/p>\n<p>Son \u00e9cran LCD vous permettra de g\u00e9rer facilement et clairement les r\u00e9glages de votre appareil.<\/p>\n<p>SANT\u00c9 &amp; BEAUT\u00c9 DE VOS CHEVEUX<br \/>\n&#8211; 12 niveaux de temp\u00e9ratures pour tous les types de cheveux<br \/>\n&#8211; Un mode Hair Protect vous assure une temp\u00e9rature de chauffe adapt\u00e9e \u00e0 votre nature de cheveu<br \/>\n&#8211; La fonction ionique, d\u00e9barrasse vos cheveux de l&rsquo;\u00e9lectricit\u00e9 statique et les rend doux et brillants.<\/p>","protected":false},"excerpt":{"rendered":"<p>Le lisseur Digital Sensor est dot\u00e9 d&rsquo;un capteur, qui analyse la nature de votre cheveu et ajuste automatiquement la temp\u00e9rature des plaques pour un lissage tout en protection.<\/p>","protected":false},"featured_media":1011,"comment_status":"open","ping_status":"closed","template":"","meta":[],"product_brand":[],"product_cat":[117,141,75],"product_tag":[],"class_list":{"0":"post-976","1":"product","2":"type-product","3":"status-publish","4":"has-post-thumbnail","6":"product_cat-accessoires","7":"product_cat-babyliss","8":"product_cat-femme","10":"first","11":"instock","12":"shipping-taxable","13":"purchasable","14":"product-type-simple"},"_links":{"self":[{"href":"https:\/\/cosmeticstoredz.com\/ar\/wp-json\/wp\/v2\/product\/976","targetHints":{"allow":["GET"]}}],"collection":[{"href":"https:\/\/cosmeticstoredz.com\/ar\/wp-json\/wp\/v2\/product"}],"about":[{"href":"https:\/\/cosmeticstoredz.com\/ar\/wp-json\/wp\/v2\/types\/product"}],"replies":[{"embeddable":true,"href":"https:\/\/cosmeticstoredz.com\/ar\/wp-json\/wp\/v2\/comments?post=976"}],"version-history":[{"count":1,"href":"https:\/\/cosmeticstoredz.com\/ar\/wp-json\/wp\/v2\/product\/976\/revisions"}],"predecessor-version":[{"id":1012,"href":"https:\/\/cosmeticstoredz.com\/ar\/wp-json\/wp\/v2\/product\/976\/revisions\/1012"}],"wp:featuredmedia":[{"embeddable":true,"href":"https:\/\/cosmeticstoredz.com\/ar\/wp-json\/wp\/v2\/media\/1011"}],"wp:attachment":[{"href":"https:\/\/cosmeticstoredz.com\/ar\/wp-json\/wp\/v2\/media?parent=976"}],"wp:term":[{"taxonomy":"product_brand","embeddable":true,"href":"https:\/\/cosmeticstoredz.com\/ar\/wp-json\/wp\/v2\/product_brand?post=976"},{"taxonomy":"product_cat","embeddable":true,"href":"https:\/\/cosmeticstoredz.com\/ar\/wp-json\/wp\/v2\/product_cat?post=976"},{"taxonomy":"product_tag","embeddable":true,"href":"https:\/\/cosmeticstoredz.com\/ar\/wp-json\/wp\/v2\/product_tag?post=976"}],"curies":[{"name":"wp","href":"https:\/\/api.w.org\/{rel}","templated":true}]}}