{"id":973,"date":"2026-02-16T08:44:45","date_gmt":"2026-02-16T08:44:45","guid":{"rendered":"https:\/\/test.fitnessworldgym27.com\/?post_type=product&#038;p=973"},"modified":"2026-03-30T19:24:52","modified_gmt":"2026-03-30T19:24:52","slug":"babyliss-digistyle-keratine-lustre-4-artists","status":"publish","type":"product","link":"https:\/\/cosmeticstoredz.com\/ar\/product\/babyliss-digistyle-keratine-lustre-4-artists\/","title":{"rendered":"BABYLISS DIGISTYLE KERATINE LUSTRE 4 ARTISTS"},"content":{"rendered":"<p>Fer \u00e0 lisser professionnel DIGISTYLE avec technologie unique Keratin Luster pour un look ultra-lisse et \u00e9l\u00e9gant en une seule fois .<\/p>\n<p>11 r\u00e9glages de temp\u00e9rature entre 140 \u00b0 C et 230 \u00b0 C soulignent le confort d&rsquo;utilisation, car diff\u00e9rentes structures capillaires, besoins et demandes des clients peuvent \u00eatre trait\u00e9s \u00e0 tout moment.\u00a0Le DIGISTYLE dispose \u00e9galement d&rsquo;une fonction de m\u00e9moire de temp\u00e9rature qui enregistre la temp\u00e9rature pr\u00e9f\u00e9r\u00e9e.<\/p>\n<p>avantages dans le domaine de la manipulation et du confort d&rsquo;utilisation sont l&rsquo;affichage num\u00e9rique de la temp\u00e9rature LCD, la fonction d&rsquo;arr\u00eat automatique apr\u00e8s 60 minutes, ainsi que le couvercle r\u00e9sistant \u00e0 la chaleur avec fonction de stockage et le c\u00e2ble rotatif professionnel de trois m\u00e8tres de long. .<\/p>\n<p>&nbsp;<\/p>\n<ul class=\"wk-dots-square\">\n<li>Plaques chauffantes extra larges 25 x 90 mm infus\u00e9es de k\u00e9ratine pour un coiffage en douceur<\/li>\n<li>G\u00e9n\u00e9rateur d&rsquo;ions pour un effet anti-frisottis et des cheveux lisses et brillants<\/li>\n<li>10 r\u00e9glages de temp\u00e9rature num\u00e9riques entre 140 \u00b0 C &#8211; 230 \u00b0 C avec fonction m\u00e9moire pour tous les types de cheveux<\/li>\n<li>\u00c9l\u00e9ment chauffant puissant pour un chauffage ultra-rapide et une r\u00e9gulation constante de la temp\u00e9rature<\/li>\n<li>Fonction d&rsquo;arr\u00eat automatique apr\u00e8s 60 minutes<\/li>\n<li>\n<p class=\"wk-ue3\">Les r\u00e9glages de temp\u00e9rature suivants sont recommand\u00e9s pour diff\u00e9rents types de cheveux :<\/p>\n<ul class=\"wk-dots-square\">\n<li>140-150\u00b0C : Cheveux tr\u00e8s fins et cassants<\/li>\n<li>160\u00b0C : Cheveux color\u00e9s<\/li>\n<li>170\u00b0C : Cheveux fins, faciles \u00e0 coiffer<\/li>\n<li>180-190\u00b0C : cheveux normaux<\/li>\n<li>200\u00b0C : Cheveux ondul\u00e9s ou boucl\u00e9s<\/li>\n<li>210-230\u00b0C : Cheveux \u00e9pais ou difficiles \u00e0 coiffer<\/li>\n<li>\n<p class=\"wk-ue3\">utilisation<\/p>\n<ul class=\"wk-dots-square\">\n<li>Appuyez sur le bouton d&rsquo;alimentation de l&rsquo;appareil pour l&rsquo;allumer.<\/li>\n<li>L&rsquo;affichage num\u00e9rique clignote trois fois, la temp\u00e9rature monte automatiquement \u00e0 180\u00b0C et s&rsquo;y maintient.<\/li>\n<li>Avec la touche +\/-, la temp\u00e9rature souhait\u00e9e peut \u00eatre s\u00e9lectionn\u00e9e par pas de 10\u00b0C entre 140\u00b0C et 230\u00b0C.\u00a0Nous recommandons toujours de commencer \u00e0 un niveau de temp\u00e9rature inf\u00e9rieur, puis d&rsquo;augmenter la temp\u00e9rature si n\u00e9cessaire.<\/li>\n<li>L&rsquo;affichage clignote trois fois pour confirmer la s\u00e9lection de la temp\u00e9rature.<\/li>\n<li>Apr\u00e8s utilisation, maintenez enfonc\u00e9 le bouton On\/Off I\/0 jusqu&rsquo;\u00e0 ce que l&rsquo;appareil s&rsquo;\u00e9teigne.\u00a0Retirez la fiche.<\/li>\n<li>Laissez l&rsquo;appareil refroidir compl\u00e8tement avant de le ranger.\u00a0Le DIGISTYLE peut \u00eatre prot\u00e9g\u00e9 en plus par le couvercle fourni.<\/li>\n<\/ul>\n<\/li>\n<\/ul>\n<\/li>\n<\/ul>","protected":false},"excerpt":{"rendered":"<p class=\"headline\">BABYLISS PRO 4 ARTISTS DIGISTYLE LISSEUR AVEC TECHNOLOGIE \u00c0 LA K\u00c9RATINE BAB2395E<\/p>","protected":false},"featured_media":1004,"comment_status":"open","ping_status":"closed","template":"","meta":[],"product_brand":[],"product_cat":[117,141],"product_tag":[],"class_list":{"0":"post-973","1":"product","2":"type-product","3":"status-publish","4":"has-post-thumbnail","6":"product_cat-accessoires","7":"product_cat-babyliss","9":"first","10":"instock","11":"shipping-taxable","12":"purchasable","13":"product-type-simple"},"_links":{"self":[{"href":"https:\/\/cosmeticstoredz.com\/ar\/wp-json\/wp\/v2\/product\/973","targetHints":{"allow":["GET"]}}],"collection":[{"href":"https:\/\/cosmeticstoredz.com\/ar\/wp-json\/wp\/v2\/product"}],"about":[{"href":"https:\/\/cosmeticstoredz.com\/ar\/wp-json\/wp\/v2\/types\/product"}],"replies":[{"embeddable":true,"href":"https:\/\/cosmeticstoredz.com\/ar\/wp-json\/wp\/v2\/comments?post=973"}],"version-history":[{"count":1,"href":"https:\/\/cosmeticstoredz.com\/ar\/wp-json\/wp\/v2\/product\/973\/revisions"}],"predecessor-version":[{"id":1005,"href":"https:\/\/cosmeticstoredz.com\/ar\/wp-json\/wp\/v2\/product\/973\/revisions\/1005"}],"wp:featuredmedia":[{"embeddable":true,"href":"https:\/\/cosmeticstoredz.com\/ar\/wp-json\/wp\/v2\/media\/1004"}],"wp:attachment":[{"href":"https:\/\/cosmeticstoredz.com\/ar\/wp-json\/wp\/v2\/media?parent=973"}],"wp:term":[{"taxonomy":"product_brand","embeddable":true,"href":"https:\/\/cosmeticstoredz.com\/ar\/wp-json\/wp\/v2\/product_brand?post=973"},{"taxonomy":"product_cat","embeddable":true,"href":"https:\/\/cosmeticstoredz.com\/ar\/wp-json\/wp\/v2\/product_cat?post=973"},{"taxonomy":"product_tag","embeddable":true,"href":"https:\/\/cosmeticstoredz.com\/ar\/wp-json\/wp\/v2\/product_tag?post=973"}],"curies":[{"name":"wp","href":"https:\/\/api.w.org\/{rel}","templated":true}]}}