{"id":904,"date":"2026-02-16T08:44:26","date_gmt":"2026-02-16T08:44:26","guid":{"rendered":"https:\/\/test.fitnessworldgym27.com\/?post_type=product&#038;p=904"},"modified":"2026-03-30T19:24:49","modified_gmt":"2026-03-30T19:24:49","slug":"baby-powder-body-lotion-400ml-bleu-mauve","status":"publish","type":"product","link":"https:\/\/cosmeticstoredz.com\/ar\/product\/baby-powder-body-lotion-400ml-bleu-mauve\/","title":{"rendered":"BABY POWDER BODY LOTION 400ML BLEU  MAUVE"},"content":{"rendered":"","protected":false},"excerpt":{"rendered":"<div class=\"card aim -mtm\">\n<div class=\"markup -mhm -pvl -oxa -sc\">\n<p><span>Fusion avec la peau pour r\u00e9activer instantan\u00e9ment la peau naturelle et enlever la tache de la bouche d&rsquo;une belle mine rose, chevauche et \u00e9pile, hydrate et hydrate la peau.<\/span><\/p>\n<\/div>\n<\/div>\n<section class=\"card aim -mtm -fs16\">\n<div id=\"specifications\" class=\"hook\"><\/div>\n<header class=\"-pvs -bb\"><\/header>\n<\/section>","protected":false},"featured_media":956,"comment_status":"open","ping_status":"closed","template":"","meta":[],"product_brand":[457],"product_cat":[138,75,139,81],"product_tag":[],"class_list":{"0":"post-904","1":"product","2":"type-product","3":"status-publish","4":"has-post-thumbnail","6":"product_brand-baby-powder","7":"product_cat-baby-powder","8":"product_cat-femme","9":"product_cat-lait-de-corps-soin-corps-f","10":"product_cat-soin-corps-f","12":"first","13":"instock","14":"shipping-taxable","15":"purchasable","16":"product-type-simple"},"_links":{"self":[{"href":"https:\/\/cosmeticstoredz.com\/ar\/wp-json\/wp\/v2\/product\/904","targetHints":{"allow":["GET"]}}],"collection":[{"href":"https:\/\/cosmeticstoredz.com\/ar\/wp-json\/wp\/v2\/product"}],"about":[{"href":"https:\/\/cosmeticstoredz.com\/ar\/wp-json\/wp\/v2\/types\/product"}],"replies":[{"embeddable":true,"href":"https:\/\/cosmeticstoredz.com\/ar\/wp-json\/wp\/v2\/comments?post=904"}],"version-history":[{"count":1,"href":"https:\/\/cosmeticstoredz.com\/ar\/wp-json\/wp\/v2\/product\/904\/revisions"}],"predecessor-version":[{"id":957,"href":"https:\/\/cosmeticstoredz.com\/ar\/wp-json\/wp\/v2\/product\/904\/revisions\/957"}],"wp:featuredmedia":[{"embeddable":true,"href":"https:\/\/cosmeticstoredz.com\/ar\/wp-json\/wp\/v2\/media\/956"}],"wp:attachment":[{"href":"https:\/\/cosmeticstoredz.com\/ar\/wp-json\/wp\/v2\/media?parent=904"}],"wp:term":[{"taxonomy":"product_brand","embeddable":true,"href":"https:\/\/cosmeticstoredz.com\/ar\/wp-json\/wp\/v2\/product_brand?post=904"},{"taxonomy":"product_cat","embeddable":true,"href":"https:\/\/cosmeticstoredz.com\/ar\/wp-json\/wp\/v2\/product_cat?post=904"},{"taxonomy":"product_tag","embeddable":true,"href":"https:\/\/cosmeticstoredz.com\/ar\/wp-json\/wp\/v2\/product_tag?post=904"}],"curies":[{"name":"wp","href":"https:\/\/api.w.org\/{rel}","templated":true}]}}