{"id":901,"date":"2026-02-16T08:44:26","date_gmt":"2026-02-16T08:44:26","guid":{"rendered":"https:\/\/test.fitnessworldgym27.com\/?post_type=product&#038;p=901"},"modified":"2026-03-30T19:24:49","modified_gmt":"2026-03-30T19:24:49","slug":"baby-powder-amk-125ml-deo-intime-vert","status":"publish","type":"product","link":"https:\/\/cosmeticstoredz.com\/ar\/product\/baby-powder-amk-125ml-deo-intime-vert\/","title":{"rendered":"BABY POWDER AMK 125ML DEO INTIME VERT"},"content":{"rendered":"","protected":false},"excerpt":{"rendered":"<p>\u200b<span class=\"relative -mx-px my-[-0.2rem] rounded px-px py-[0.2rem] transition-colors duration-100 ease-in-out\">Le <strong data-start=\"3\" data-end=\"34\">D\u00e9odorant Intime AMK 125 ml<\/strong> est un produit d&rsquo;hygi\u00e8ne intime f\u00e9minin de la marque <strong data-start=\"88\" data-end=\"109\">Baby Powder Paris<\/strong>, disponible en diff\u00e9rentes variantes parfum\u00e9es, notamment <strong data-start=\"168\" data-end=\"184\">Sheer Floral<\/strong> et <strong data-start=\"188\" data-end=\"203\">Sheer Fresh<\/strong>.<\/span> <span class=\"relative -mx-px my-[-0.2rem] rounded px-px py-[0.2rem] transition-colors duration-100 ease-in-out\">Con\u00e7u pour offrir une sensation de fra\u00eecheur et de propret\u00e9 tout au long de la journ\u00e9e, il est formul\u00e9 sans produits chimiques agressifs, respectant ainsi la sensibilit\u00e9 de la zone intime<\/span><\/p>\n","protected":false},"featured_media":950,"comment_status":"open","ping_status":"closed","template":"","meta":[],"product_brand":[457],"product_cat":[138,79,75,78],"product_tag":[],"class_list":{"0":"post-901","1":"product","2":"type-product","3":"status-publish","4":"has-post-thumbnail","6":"product_brand-baby-powder","7":"product_cat-baby-powder","8":"product_cat-deodorant-f","9":"product_cat-femme","10":"product_cat-parfum-f","12":"first","13":"instock","14":"shipping-taxable","15":"purchasable","16":"product-type-simple"},"_links":{"self":[{"href":"https:\/\/cosmeticstoredz.com\/ar\/wp-json\/wp\/v2\/product\/901","targetHints":{"allow":["GET"]}}],"collection":[{"href":"https:\/\/cosmeticstoredz.com\/ar\/wp-json\/wp\/v2\/product"}],"about":[{"href":"https:\/\/cosmeticstoredz.com\/ar\/wp-json\/wp\/v2\/types\/product"}],"replies":[{"embeddable":true,"href":"https:\/\/cosmeticstoredz.com\/ar\/wp-json\/wp\/v2\/comments?post=901"}],"version-history":[{"count":1,"href":"https:\/\/cosmeticstoredz.com\/ar\/wp-json\/wp\/v2\/product\/901\/revisions"}],"predecessor-version":[{"id":951,"href":"https:\/\/cosmeticstoredz.com\/ar\/wp-json\/wp\/v2\/product\/901\/revisions\/951"}],"wp:featuredmedia":[{"embeddable":true,"href":"https:\/\/cosmeticstoredz.com\/ar\/wp-json\/wp\/v2\/media\/950"}],"wp:attachment":[{"href":"https:\/\/cosmeticstoredz.com\/ar\/wp-json\/wp\/v2\/media?parent=901"}],"wp:term":[{"taxonomy":"product_brand","embeddable":true,"href":"https:\/\/cosmeticstoredz.com\/ar\/wp-json\/wp\/v2\/product_brand?post=901"},{"taxonomy":"product_cat","embeddable":true,"href":"https:\/\/cosmeticstoredz.com\/ar\/wp-json\/wp\/v2\/product_cat?post=901"},{"taxonomy":"product_tag","embeddable":true,"href":"https:\/\/cosmeticstoredz.com\/ar\/wp-json\/wp\/v2\/product_tag?post=901"}],"curies":[{"name":"wp","href":"https:\/\/api.w.org\/{rel}","templated":true}]}}