{"id":898,"date":"2026-02-16T08:44:26","date_gmt":"2026-02-16T08:44:26","guid":{"rendered":"https:\/\/test.fitnessworldgym27.com\/?post_type=product&#038;p=898"},"modified":"2026-03-30T19:24:49","modified_gmt":"2026-03-30T19:24:49","slug":"ayam-protege-string","status":"publish","type":"product","link":"https:\/\/cosmeticstoredz.com\/ar\/product\/ayam-protege-string\/","title":{"rendered":"AYAM PROTEGE STRING"},"content":{"rendered":"<p>Hygi\u00e8ne F\u00e9minine; TANGA PROT\u00c9GE STRING-AYAM. SERVIETTE ULTRA FINE-JOELLE<\/p>","protected":false},"excerpt":{"rendered":"<div class=\"kb0PBd cvP2Ce jGGQ5e\" data-snf=\"x5WNvb\" data-snhf=\"0\">\n<div class=\"P8ujBc v5yQqb jqWpsc\">\n<div class=\"y0NFKc\">\n<div class=\"oewGkc LeUQr Va3FIb EE3Upf\" role=\"heading\">\n<div class=\"v7jaNc ynAwRc MBeuO q8U8x oewGkc LeUQr htnRc\" role=\"link\">Market By ToutDuNet<\/div>\n<\/div>\n<\/div>\n<div class=\"ZD9zO\">\n<div>\n<div>\n<div data-id=\"zephyr-w-https:\/\/toutdunet.fr\/boutique\/produits-dhygiene\/hygiene-feminine-produits-dhygiene\/ayam-protege-string-tanga\/\">\n<div>\n<div role=\"button\" data-viewer-entrypoint=\"1\" data-ved=\"2ahUKEwjAgcGsyIiEAxVIQ_EDHfFhCFMQu5wMegQIEhAG\">\n<div>\n<div class=\"iTPLzd cB4NFc Aajd3 lUn2nc\" aria-label=\"\u00c0 propos de ce r\u00e9sultat\"><\/div>\n<\/div>\n<\/div>\n<\/div>\n<\/div>\n<\/div>\n<\/div>\n<\/div>\n<\/div>\n<\/div>\n<div class=\"kb0PBd cvP2Ce\" data-sncf=\"1\" data-snf=\"nke7rc\">\n<div class=\"VwiC3b r025kc hJNv6b Hdw6tb\">&#8230; Hygi\u00e8ne F\u00e9minine; TANGA PROT\u00c9GE STRING-AYAM. SERVIETTE ULTRA FINE-JOELLE<\/div>\n<\/div>","protected":false},"featured_media":944,"comment_status":"open","ping_status":"closed","template":"","meta":[],"product_brand":[],"product_cat":[134,75,81],"product_tag":[],"class_list":{"0":"post-898","1":"product","2":"type-product","3":"status-publish","4":"has-post-thumbnail","6":"product_cat-ayam","7":"product_cat-femme","8":"product_cat-soin-corps-f","10":"first","11":"outofstock","12":"shipping-taxable","13":"purchasable","14":"product-type-simple"},"_links":{"self":[{"href":"https:\/\/cosmeticstoredz.com\/ar\/wp-json\/wp\/v2\/product\/898","targetHints":{"allow":["GET"]}}],"collection":[{"href":"https:\/\/cosmeticstoredz.com\/ar\/wp-json\/wp\/v2\/product"}],"about":[{"href":"https:\/\/cosmeticstoredz.com\/ar\/wp-json\/wp\/v2\/types\/product"}],"replies":[{"embeddable":true,"href":"https:\/\/cosmeticstoredz.com\/ar\/wp-json\/wp\/v2\/comments?post=898"}],"version-history":[{"count":1,"href":"https:\/\/cosmeticstoredz.com\/ar\/wp-json\/wp\/v2\/product\/898\/revisions"}],"predecessor-version":[{"id":945,"href":"https:\/\/cosmeticstoredz.com\/ar\/wp-json\/wp\/v2\/product\/898\/revisions\/945"}],"wp:featuredmedia":[{"embeddable":true,"href":"https:\/\/cosmeticstoredz.com\/ar\/wp-json\/wp\/v2\/media\/944"}],"wp:attachment":[{"href":"https:\/\/cosmeticstoredz.com\/ar\/wp-json\/wp\/v2\/media?parent=898"}],"wp:term":[{"taxonomy":"product_brand","embeddable":true,"href":"https:\/\/cosmeticstoredz.com\/ar\/wp-json\/wp\/v2\/product_brand?post=898"},{"taxonomy":"product_cat","embeddable":true,"href":"https:\/\/cosmeticstoredz.com\/ar\/wp-json\/wp\/v2\/product_cat?post=898"},{"taxonomy":"product_tag","embeddable":true,"href":"https:\/\/cosmeticstoredz.com\/ar\/wp-json\/wp\/v2\/product_tag?post=898"}],"curies":[{"name":"wp","href":"https:\/\/api.w.org\/{rel}","templated":true}]}}