{"id":863,"date":"2026-02-16T08:44:05","date_gmt":"2026-02-16T08:44:05","guid":{"rendered":"https:\/\/test.fitnessworldgym27.com\/?post_type=product&#038;p=863"},"modified":"2026-03-30T19:24:48","modified_gmt":"2026-03-30T19:24:48","slug":"ayam-coton-baby-care","status":"publish","type":"product","link":"https:\/\/cosmeticstoredz.com\/ar\/product\/ayam-coton-baby-care\/","title":{"rendered":"AYAM COTON BABY CARE"},"content":{"rendered":"","protected":false},"excerpt":{"rendered":"<p>Les carr\u00e9s Baby Care sont fabriqu\u00e9s en pur coton biologique hydrophile<\/p>\n<ul>\n<li>Test\u00e9 dermato logiquement car la peau des enfants est tr\u00e8s sensible et a besoin de produits qui respectent son \u00e9quilibre physiologique nature!<\/li>\n<li>Dual Texture<\/li>\n<li>Face Stri\u00e9e pour le nettoyage<\/li>\n<li>Face Lisse pour parfaire le nettoie<\/li>\n<li>Visage, mains et fesses<\/li>\n<\/ul>","protected":false},"featured_media":934,"comment_status":"open","ping_status":"closed","template":"","meta":[],"product_brand":[],"product_cat":[134,97,135],"product_tag":[],"class_list":{"0":"post-863","1":"product","2":"type-product","3":"status-publish","4":"has-post-thumbnail","6":"product_cat-ayam","7":"product_cat-bebe","8":"product_cat-lingette","10":"first","11":"outofstock","12":"shipping-taxable","13":"purchasable","14":"product-type-simple"},"_links":{"self":[{"href":"https:\/\/cosmeticstoredz.com\/ar\/wp-json\/wp\/v2\/product\/863","targetHints":{"allow":["GET"]}}],"collection":[{"href":"https:\/\/cosmeticstoredz.com\/ar\/wp-json\/wp\/v2\/product"}],"about":[{"href":"https:\/\/cosmeticstoredz.com\/ar\/wp-json\/wp\/v2\/types\/product"}],"replies":[{"embeddable":true,"href":"https:\/\/cosmeticstoredz.com\/ar\/wp-json\/wp\/v2\/comments?post=863"}],"version-history":[{"count":1,"href":"https:\/\/cosmeticstoredz.com\/ar\/wp-json\/wp\/v2\/product\/863\/revisions"}],"predecessor-version":[{"id":935,"href":"https:\/\/cosmeticstoredz.com\/ar\/wp-json\/wp\/v2\/product\/863\/revisions\/935"}],"wp:featuredmedia":[{"embeddable":true,"href":"https:\/\/cosmeticstoredz.com\/ar\/wp-json\/wp\/v2\/media\/934"}],"wp:attachment":[{"href":"https:\/\/cosmeticstoredz.com\/ar\/wp-json\/wp\/v2\/media?parent=863"}],"wp:term":[{"taxonomy":"product_brand","embeddable":true,"href":"https:\/\/cosmeticstoredz.com\/ar\/wp-json\/wp\/v2\/product_brand?post=863"},{"taxonomy":"product_cat","embeddable":true,"href":"https:\/\/cosmeticstoredz.com\/ar\/wp-json\/wp\/v2\/product_cat?post=863"},{"taxonomy":"product_tag","embeddable":true,"href":"https:\/\/cosmeticstoredz.com\/ar\/wp-json\/wp\/v2\/product_tag?post=863"}],"curies":[{"name":"wp","href":"https:\/\/api.w.org\/{rel}","templated":true}]}}