{"id":860,"date":"2026-02-16T08:44:05","date_gmt":"2026-02-16T08:44:05","guid":{"rendered":"https:\/\/test.fitnessworldgym27.com\/?post_type=product&#038;p=860"},"modified":"2026-03-30T19:24:48","modified_gmt":"2026-03-30T19:24:48","slug":"axe-gel-douche-400ml","status":"publish","type":"product","link":"https:\/\/cosmeticstoredz.com\/ar\/product\/axe-gel-douche-400ml\/","title":{"rendered":"AXE GEL DOUCHE 400ML"},"content":{"rendered":"<p>&nbsp;<\/p>\n<p>&nbsp;<\/p>\n<p>Quantit\u00e9 : 400 ml<\/p>\n<p>&nbsp;<\/p>\n<p>Conditionnement : Bouteille, HDPE, Bouteille<\/p>\n<p>&nbsp;<\/p>\n<p>Marques : Axe<\/p>\n<p>&nbsp;<\/p>\n<p>Labels, certifications, r\u00e9compenses : Point Vert<\/p>\n<p>&nbsp;<\/p>\n<p>Dur\u00e9e de conservation apr\u00e8s ouverture : 12 mois<\/p>\n<p>&nbsp;<\/p>\n<p>&nbsp;<\/p>\n<p>Pays de vente : France<\/p>\n<p>&nbsp;<\/p>\n<p>Ingr\u00e9dients<\/p>\n<p>\u2192Les ingr\u00e9dients sont list\u00e9s par ordre d&rsquo;importance (quantit\u00e9).<\/p>\n<p>&nbsp;<\/p>\n<p>Liste des ingr\u00e9dients:<\/p>\n<p>Aqua, Sodium Laureth Sulfate, Parfum, Sodium chloride, Caramel, Citric acid, Cocamide MEA, Glycerin, Maltodextrin, PPG-12, Sodium benzoate, Geraniol, Limonene, Linalool.<\/p>\n<p>Analyse des ingr\u00e9dients :<\/p>\n<p>&nbsp;<\/p>\n<p>\u2192 L&rsquo;analyse est bas\u00e9e uniquement sur les ingr\u00e9dients list\u00e9s et ne prend pas en compte les m\u00e9thodes de fabrication.<\/p>\n<p>&nbsp;<\/p>\n<p>D\u00e9tail de l&rsquo;analyse des ingr\u00e9dients \u00bb<\/p>","protected":false},"excerpt":{"rendered":"<p>&nbsp; &nbsp; Quantit\u00e9 : 400 ml &nbsp; Conditionnement : Bouteille, HDPE, Bouteille &nbsp; Marques : Axe &nbsp; Labels, certifications, r\u00e9compenses<\/p>","protected":false},"featured_media":928,"comment_status":"open","ping_status":"closed","template":"","meta":[],"product_brand":[],"product_cat":[132,74,72,73],"product_tag":[],"class_list":{"0":"post-860","1":"product","2":"type-product","3":"status-publish","4":"has-post-thumbnail","6":"product_cat-axe","7":"product_cat-gel-douche-h","8":"product_cat-homme","9":"product_cat-soin-corps-h","11":"first","12":"outofstock","13":"shipping-taxable","14":"purchasable","15":"product-type-simple"},"_links":{"self":[{"href":"https:\/\/cosmeticstoredz.com\/ar\/wp-json\/wp\/v2\/product\/860","targetHints":{"allow":["GET"]}}],"collection":[{"href":"https:\/\/cosmeticstoredz.com\/ar\/wp-json\/wp\/v2\/product"}],"about":[{"href":"https:\/\/cosmeticstoredz.com\/ar\/wp-json\/wp\/v2\/types\/product"}],"replies":[{"embeddable":true,"href":"https:\/\/cosmeticstoredz.com\/ar\/wp-json\/wp\/v2\/comments?post=860"}],"version-history":[{"count":1,"href":"https:\/\/cosmeticstoredz.com\/ar\/wp-json\/wp\/v2\/product\/860\/revisions"}],"predecessor-version":[{"id":929,"href":"https:\/\/cosmeticstoredz.com\/ar\/wp-json\/wp\/v2\/product\/860\/revisions\/929"}],"wp:featuredmedia":[{"embeddable":true,"href":"https:\/\/cosmeticstoredz.com\/ar\/wp-json\/wp\/v2\/media\/928"}],"wp:attachment":[{"href":"https:\/\/cosmeticstoredz.com\/ar\/wp-json\/wp\/v2\/media?parent=860"}],"wp:term":[{"taxonomy":"product_brand","embeddable":true,"href":"https:\/\/cosmeticstoredz.com\/ar\/wp-json\/wp\/v2\/product_brand?post=860"},{"taxonomy":"product_cat","embeddable":true,"href":"https:\/\/cosmeticstoredz.com\/ar\/wp-json\/wp\/v2\/product_cat?post=860"},{"taxonomy":"product_tag","embeddable":true,"href":"https:\/\/cosmeticstoredz.com\/ar\/wp-json\/wp\/v2\/product_tag?post=860"}],"curies":[{"name":"wp","href":"https:\/\/api.w.org\/{rel}","templated":true}]}}