{"id":858,"date":"2026-02-16T08:44:05","date_gmt":"2026-02-16T08:44:05","guid":{"rendered":"https:\/\/test.fitnessworldgym27.com\/?post_type=product&#038;p=858"},"modified":"2026-03-30T19:24:48","modified_gmt":"2026-03-30T19:24:48","slug":"axe-deodorant-musc","status":"publish","type":"product","link":"https:\/\/cosmeticstoredz.com\/ar\/product\/axe-deodorant-musc\/","title":{"rendered":"AXE DEODORANT MUSC"},"content":{"rendered":"<div class=\"productInfoItem product aem-GridColumn--phone--12 aem-GridColumn aem-GridColumn--default--6\">\n<div class=\"cmp-product-nutrients\">\n<div class=\"cmp-product-info-item\">\n<div class=\"container\">\n<div class=\"product-info-item-wrapper\">\n<div class=\"product-info-item-content\">\n<div class=\"product-info-item__item\" data-productinfo-value=\"##unilever:product-attributes\/retailerproductdata\/retailer1VOTEcommerceTitle,unilever:product-attributes\/productdata\/productName@@\">D\u00e9odorant Bodyspray Axe Musc<\/div>\n<\/div>\n<\/div>\n<\/div>\n<\/div>\n<\/div>\n<\/div>\n<div class=\"productInfoItem product aem-GridColumn--phone--none aem-GridColumn--phone--12 aem-GridColumn aem-GridColumn--default--6 aem-GridColumn--offset--phone--0\">\n<div class=\"cmp-product-nutrients\">\n<div class=\"cmp-product-info-item\">\n<div class=\"container\">\n<div class=\"product-info-item-wrapper\">\n<div class=\"product-info-item-content\">\n<div class=\"product-info-item__item\" data-productinfo-value=\"&lt;h1&gt;##unilever:product-attributes\/retailerproductdata\/retailerLongProductDescription@@&lt;\/h1&gt; \">\n<h1>48H DE FRA\u00ceCHEUR.<\/h1>\n<\/div>\n<\/div>\n<\/div>\n<\/div>\n<\/div>\n<\/div>\n<\/div>\n<div class=\"productInfoItem product aem-GridColumn--phone--12 aem-GridColumn aem-GridColumn--default--6\">\n<div class=\"cmp-product-nutrients\">\n<div class=\"cmp-product-info-item\">\n<div class=\"container\">\n<div class=\"product-info-item-wrapper\">\n<div class=\"product-info-item-content\">\n<div class=\"product-info-item__item\" data-productinfo-value=\"&lt;p&gt;##unilever:product-attributes\/retailerproductdata\/retailerProductDescription,unilever:product-attributes\/productdata\/productDescription@@\u00a0&lt;\/p&gt; \">\n<p>Un d\u00e9odorant pour homme au parfum musc et foug\u00e8re pour 48 heures de protection anti-odeurs. Technologie DUAL ACTION\u2122 au zinc : combat les bact\u00e9ries + neutralise les odeurs pour une meilleure expression du parfum.<\/p>\n<\/div>\n<\/div>\n<\/div>\n<\/div>\n<\/div>\n<\/div>\n<\/div>","protected":false},"excerpt":{"rendered":"<p>D\u00e9odorant Bodyspray Axe Musc 48H DE FRA\u00ceCHEUR. Un d\u00e9odorant pour homme au parfum musc et foug\u00e8re pour 48 heures de<\/p>","protected":false},"featured_media":924,"comment_status":"open","ping_status":"closed","template":"","meta":[],"product_brand":[],"product_cat":[132,85,72],"product_tag":[],"class_list":{"0":"post-858","1":"product","2":"type-product","3":"status-publish","4":"has-post-thumbnail","6":"product_cat-axe","7":"product_cat-deodorant-h","8":"product_cat-homme","10":"first","11":"outofstock","12":"shipping-taxable","13":"purchasable","14":"product-type-simple"},"_links":{"self":[{"href":"https:\/\/cosmeticstoredz.com\/ar\/wp-json\/wp\/v2\/product\/858","targetHints":{"allow":["GET"]}}],"collection":[{"href":"https:\/\/cosmeticstoredz.com\/ar\/wp-json\/wp\/v2\/product"}],"about":[{"href":"https:\/\/cosmeticstoredz.com\/ar\/wp-json\/wp\/v2\/types\/product"}],"replies":[{"embeddable":true,"href":"https:\/\/cosmeticstoredz.com\/ar\/wp-json\/wp\/v2\/comments?post=858"}],"version-history":[{"count":1,"href":"https:\/\/cosmeticstoredz.com\/ar\/wp-json\/wp\/v2\/product\/858\/revisions"}],"predecessor-version":[{"id":925,"href":"https:\/\/cosmeticstoredz.com\/ar\/wp-json\/wp\/v2\/product\/858\/revisions\/925"}],"wp:featuredmedia":[{"embeddable":true,"href":"https:\/\/cosmeticstoredz.com\/ar\/wp-json\/wp\/v2\/media\/924"}],"wp:attachment":[{"href":"https:\/\/cosmeticstoredz.com\/ar\/wp-json\/wp\/v2\/media?parent=858"}],"wp:term":[{"taxonomy":"product_brand","embeddable":true,"href":"https:\/\/cosmeticstoredz.com\/ar\/wp-json\/wp\/v2\/product_brand?post=858"},{"taxonomy":"product_cat","embeddable":true,"href":"https:\/\/cosmeticstoredz.com\/ar\/wp-json\/wp\/v2\/product_cat?post=858"},{"taxonomy":"product_tag","embeddable":true,"href":"https:\/\/cosmeticstoredz.com\/ar\/wp-json\/wp\/v2\/product_tag?post=858"}],"curies":[{"name":"wp","href":"https:\/\/api.w.org\/{rel}","templated":true}]}}