{"id":856,"date":"2026-02-16T08:44:05","date_gmt":"2026-02-16T08:44:05","guid":{"rendered":"https:\/\/test.fitnessworldgym27.com\/?post_type=product&#038;p=856"},"modified":"2026-04-08T15:56:28","modified_gmt":"2026-04-08T15:56:28","slug":"axe-deodorant-150ml-ice-chill","status":"publish","type":"product","link":"https:\/\/cosmeticstoredz.com\/ar\/product\/axe-deodorant-150ml-ice-chill\/","title":{"rendered":"AXE DEODORANT 150ML ICE CHILL"},"content":{"rendered":"<p>Description<\/p>\n<p>Axe Ice Chill D\u00e9odorant Spray Corporel 150 ml<\/p>\n<p>Spray corporel d\u00e9odorant AXE Ice Chill am\u00e9lior\u00e9 : pour une protection efficace et un parfum irr\u00e9sistible.<\/p>\n<p>Rester frais au niveau sup\u00e9rieur. Vivez cette vie quotidienne fra\u00eeche avec le spray corporel d\u00e9odorant AXE Ice Chill est son parfum glac\u00e9 de menthe et de citron..<\/p>\n<p>&nbsp;<\/p>\n<p>Le spray corporel rafra\u00eechit votre peau et convient \u00e0 tout le haut du corps. Parce que tu as plus chaud quand tu as froid ! Vous faites juste votre truc quand BAM! Votre b\u00e9guin entre soudainement. \u00abRestez cool\u00bb, vous dites-vous, mais il est d\u00e9j\u00e0 trop tard! Vous transpirez \u00e0 cause du stress et tout votre corps devient rouge vif. Si seulement il y avait une solution sous forme de d\u00e9odorant. Un spray corporel miraculeux pour hommes qui peut instantan\u00e9ment refroidir votre peau de 6 degr\u00e9s, pour que vous restiez au frais quand cela compte. Si vous faites quelque chose, vous garderez une odeur fra\u00eeche jusqu\u2019\u00e0 48 heures afin de pouvoir faire ce que vous voulez, sans que les gens ne sentent votre sueur. Si vous \u00eates \u00e0 la recherche d\u2019un d\u00e9licieux spray corporel, sans sels d\u2019aluminium, qui vous offre une protection pendant 48 heures et vous fait \u00e9galement sentir paradisiaque, alors vous l\u2019avez trouv\u00e9.<\/p>\n<p>&nbsp;<\/p>\n<p>Caract\u00e9ristiques du Spray corporel d\u00e9odorant Ice Chill :<\/p>\n<p>Enveloppe la peau d\u2019un parfum \u00e9nergisant de menthe, de romarin et de citron<\/p>\n<p>Procure une sensation de fra\u00eecheur glaciale pouvant durer jusqu\u2019\u00e0 48 heures<\/p>\n<p>R\u00e9duit et neutralise les odeurs corporelles, y compris celles de transpiration<\/p>\n<p>N\u2019obstrue pas les pores, laisse la peau respirer<\/p>\n<p>Ne laisse pas de taches blanches sur les v\u00eatements<\/p>\n<p style=\"padding-left: 40px;\">Fonctionne comme d\u00e9odorant et spray de pour le corps<\/p>","protected":false},"excerpt":{"rendered":"<p>Description Axe Ice Chill D\u00e9odorant Spray Corporel 150 ml Spray corporel d\u00e9odorant AXE Ice Chill am\u00e9lior\u00e9 : pour une protection<\/p>","protected":false},"featured_media":920,"comment_status":"open","ping_status":"closed","template":"","meta":[],"product_brand":[],"product_cat":[132,85,72],"product_tag":[],"class_list":{"0":"post-856","1":"product","2":"type-product","3":"status-publish","4":"has-post-thumbnail","6":"product_cat-axe","7":"product_cat-deodorant-h","8":"product_cat-homme","10":"first","11":"instock","12":"shipping-taxable","13":"purchasable","14":"product-type-simple"},"_links":{"self":[{"href":"https:\/\/cosmeticstoredz.com\/ar\/wp-json\/wp\/v2\/product\/856","targetHints":{"allow":["GET"]}}],"collection":[{"href":"https:\/\/cosmeticstoredz.com\/ar\/wp-json\/wp\/v2\/product"}],"about":[{"href":"https:\/\/cosmeticstoredz.com\/ar\/wp-json\/wp\/v2\/types\/product"}],"replies":[{"embeddable":true,"href":"https:\/\/cosmeticstoredz.com\/ar\/wp-json\/wp\/v2\/comments?post=856"}],"version-history":[{"count":1,"href":"https:\/\/cosmeticstoredz.com\/ar\/wp-json\/wp\/v2\/product\/856\/revisions"}],"predecessor-version":[{"id":921,"href":"https:\/\/cosmeticstoredz.com\/ar\/wp-json\/wp\/v2\/product\/856\/revisions\/921"}],"wp:featuredmedia":[{"embeddable":true,"href":"https:\/\/cosmeticstoredz.com\/ar\/wp-json\/wp\/v2\/media\/920"}],"wp:attachment":[{"href":"https:\/\/cosmeticstoredz.com\/ar\/wp-json\/wp\/v2\/media?parent=856"}],"wp:term":[{"taxonomy":"product_brand","embeddable":true,"href":"https:\/\/cosmeticstoredz.com\/ar\/wp-json\/wp\/v2\/product_brand?post=856"},{"taxonomy":"product_cat","embeddable":true,"href":"https:\/\/cosmeticstoredz.com\/ar\/wp-json\/wp\/v2\/product_cat?post=856"},{"taxonomy":"product_tag","embeddable":true,"href":"https:\/\/cosmeticstoredz.com\/ar\/wp-json\/wp\/v2\/product_tag?post=856"}],"curies":[{"name":"wp","href":"https:\/\/api.w.org\/{rel}","templated":true}]}}