{"id":823,"date":"2026-02-16T08:43:44","date_gmt":"2026-02-16T08:43:44","guid":{"rendered":"https:\/\/test.fitnessworldgym27.com\/?post_type=product&#038;p=823"},"modified":"2026-03-30T19:24:47","modified_gmt":"2026-03-30T19:24:47","slug":"axe-deodorant-150ml-anarchy","status":"publish","type":"product","link":"https:\/\/cosmeticstoredz.com\/ar\/product\/axe-deodorant-150ml-anarchy\/","title":{"rendered":"AXE DEODORANT 150ML ANARCHY"},"content":{"rendered":"","protected":false},"excerpt":{"rendered":"<p>D\u00e9odorant spray pour homme au parfum qui sort de l&rsquo;ordinaire, sa complexit\u00e9 signifie un changement par rapport \u00e0 tout ce que vous avez pu conna\u00eetre auparavant.<\/p>","protected":false},"featured_media":891,"comment_status":"open","ping_status":"closed","template":"","meta":[],"product_brand":[],"product_cat":[132,85,72],"product_tag":[125],"class_list":{"0":"post-823","1":"product","2":"type-product","3":"status-publish","4":"has-post-thumbnail","6":"product_cat-axe","7":"product_cat-deodorant-h","8":"product_cat-homme","9":"product_tag-made-in-france","11":"first","12":"outofstock","13":"shipping-taxable","14":"purchasable","15":"product-type-simple"},"_links":{"self":[{"href":"https:\/\/cosmeticstoredz.com\/ar\/wp-json\/wp\/v2\/product\/823","targetHints":{"allow":["GET"]}}],"collection":[{"href":"https:\/\/cosmeticstoredz.com\/ar\/wp-json\/wp\/v2\/product"}],"about":[{"href":"https:\/\/cosmeticstoredz.com\/ar\/wp-json\/wp\/v2\/types\/product"}],"replies":[{"embeddable":true,"href":"https:\/\/cosmeticstoredz.com\/ar\/wp-json\/wp\/v2\/comments?post=823"}],"version-history":[{"count":1,"href":"https:\/\/cosmeticstoredz.com\/ar\/wp-json\/wp\/v2\/product\/823\/revisions"}],"predecessor-version":[{"id":892,"href":"https:\/\/cosmeticstoredz.com\/ar\/wp-json\/wp\/v2\/product\/823\/revisions\/892"}],"wp:featuredmedia":[{"embeddable":true,"href":"https:\/\/cosmeticstoredz.com\/ar\/wp-json\/wp\/v2\/media\/891"}],"wp:attachment":[{"href":"https:\/\/cosmeticstoredz.com\/ar\/wp-json\/wp\/v2\/media?parent=823"}],"wp:term":[{"taxonomy":"product_brand","embeddable":true,"href":"https:\/\/cosmeticstoredz.com\/ar\/wp-json\/wp\/v2\/product_brand?post=823"},{"taxonomy":"product_cat","embeddable":true,"href":"https:\/\/cosmeticstoredz.com\/ar\/wp-json\/wp\/v2\/product_cat?post=823"},{"taxonomy":"product_tag","embeddable":true,"href":"https:\/\/cosmeticstoredz.com\/ar\/wp-json\/wp\/v2\/product_tag?post=823"}],"curies":[{"name":"wp","href":"https:\/\/api.w.org\/{rel}","templated":true}]}}