{"id":822,"date":"2026-02-16T08:43:44","date_gmt":"2026-02-16T08:43:44","guid":{"rendered":"https:\/\/test.fitnessworldgym27.com\/?post_type=product&#038;p=822"},"modified":"2026-03-30T19:24:47","modified_gmt":"2026-03-30T19:24:47","slug":"axe-deodorant-150ml-africa","status":"publish","type":"product","link":"https:\/\/cosmeticstoredz.com\/ar\/product\/axe-deodorant-150ml-africa\/","title":{"rendered":"AXE DEODORANT 150ML AFRICA"},"content":{"rendered":"<div class=\"sc-b1ieoh-3 iCJBwW\">\n<div class=\"sc-aohf13-8 jCoylc\">\n<div class=\"sc-aohf13-9 ijTVaG\">Description\u00a0<span class=\"sc-aohf13-12 ceHoqL\">Axe Africa<\/span><\/div>\n<\/div>\n<\/div>\n<div id=\"description-tab\" role=\"tabpanel\" aria-hidden=\"false\">\n<div class=\"sc-b1ieoh-1 hOxXvK\">\n<section id=\"pdDescription\" class=\"sc-aohf13-13 sc-1eu1dd2-0 emApjc iXnJIz\">\n<div id=\"pd-description-wrapper\" class=\"sc-aohf13-14 sc-1eu1dd2-1 cDOhlm fXhpiT\">\n<div class=\"sc-1eu1dd2-11 gGZgRZ\">\n<table class=\"sc-1eu1dd2-6 jMdQjE\">\n<tbody>\n<tr class=\"sc-1eu1dd2-10\">\n<td class=\"sc-1eu1dd2-8 hsqbTw\">Type d\u2019emballage<\/td>\n<td class=\"sc-1eu1dd2-9 eUPGqr\">spray<\/td>\n<\/tr>\n<tr class=\"sc-1eu1dd2-10\">\n<td class=\"sc-1eu1dd2-8 hsqbTw\">Type de peau<\/td>\n<td class=\"sc-1eu1dd2-9 eUPGqr\">pour tous types de peau<\/td>\n<\/tr>\n<tr class=\"sc-1eu1dd2-10\">\n<td class=\"sc-1eu1dd2-8 hsqbTw\">Ne contient pas<\/td>\n<td class=\"sc-1eu1dd2-9 eUPGqr\">sans microplastiques<\/td>\n<\/tr>\n<\/tbody>\n<\/table>\n<\/div>\n<div class=\"sc-1uodfit-0 dQOesq\">\n<div id=\"pd-description-text\" class=\"sc-1eu1dd2-3 iNzXLP\" data-testid=\"pd-description-text\">\n<p>Offrez \u00e0 la peau de vos aisselles une protection fiable contre les d\u00e9sagr\u00e9ments li\u00e9s \u00e0 la transpiration. Le d\u00e9odorant en spray Axe Africa, avec son irr\u00e9sistible parfum d&rsquo;ambre et d&rsquo;agrumes, stimulera vos sens et laissera vos aisselles s\u00e8ches. Tout au long de la journ\u00e9e, il diffusera un parfum exotique et \u00e9pic\u00e9 qui se fondra dans votre peau. Rendez chaque jour un peu plus facile et plus agr\u00e9able !<\/p>\n<p><strong>Caract\u00e9ristiques :<\/strong><\/p>\n<ul>\n<li>apporte une sensation de fra\u00eecheur imm\u00e9diate<\/li>\n<li>prot\u00e8ge vos aisselles contre les mauvaises odeurs<\/li>\n<li>une protection longue dur\u00e9e (jusqu\u2019\u00e0 48 heures)<\/li>\n<li>application facile<\/li>\n<li>sature votre peau du parfum exotique de l\u2019ambre et des agrumes<\/li>\n<\/ul>\n<\/div>\n<\/div>\n<\/div>\n<\/section>\n<\/div>\n<\/div>","protected":false},"excerpt":{"rendered":"<p>Description\u00a0Axe Africa Type d\u2019emballage spray Type de peau pour tous types de peau Ne contient pas sans microplastiques Offrez \u00e0<\/p>","protected":false},"featured_media":889,"comment_status":"open","ping_status":"closed","template":"","meta":[],"product_brand":[],"product_cat":[132,85,72],"product_tag":[125],"class_list":{"0":"post-822","1":"product","2":"type-product","3":"status-publish","4":"has-post-thumbnail","6":"product_cat-axe","7":"product_cat-deodorant-h","8":"product_cat-homme","9":"product_tag-made-in-france","11":"first","12":"outofstock","13":"shipping-taxable","14":"purchasable","15":"product-type-simple"},"_links":{"self":[{"href":"https:\/\/cosmeticstoredz.com\/ar\/wp-json\/wp\/v2\/product\/822","targetHints":{"allow":["GET"]}}],"collection":[{"href":"https:\/\/cosmeticstoredz.com\/ar\/wp-json\/wp\/v2\/product"}],"about":[{"href":"https:\/\/cosmeticstoredz.com\/ar\/wp-json\/wp\/v2\/types\/product"}],"replies":[{"embeddable":true,"href":"https:\/\/cosmeticstoredz.com\/ar\/wp-json\/wp\/v2\/comments?post=822"}],"version-history":[{"count":1,"href":"https:\/\/cosmeticstoredz.com\/ar\/wp-json\/wp\/v2\/product\/822\/revisions"}],"predecessor-version":[{"id":890,"href":"https:\/\/cosmeticstoredz.com\/ar\/wp-json\/wp\/v2\/product\/822\/revisions\/890"}],"wp:featuredmedia":[{"embeddable":true,"href":"https:\/\/cosmeticstoredz.com\/ar\/wp-json\/wp\/v2\/media\/889"}],"wp:attachment":[{"href":"https:\/\/cosmeticstoredz.com\/ar\/wp-json\/wp\/v2\/media?parent=822"}],"wp:term":[{"taxonomy":"product_brand","embeddable":true,"href":"https:\/\/cosmeticstoredz.com\/ar\/wp-json\/wp\/v2\/product_brand?post=822"},{"taxonomy":"product_cat","embeddable":true,"href":"https:\/\/cosmeticstoredz.com\/ar\/wp-json\/wp\/v2\/product_cat?post=822"},{"taxonomy":"product_tag","embeddable":true,"href":"https:\/\/cosmeticstoredz.com\/ar\/wp-json\/wp\/v2\/product_tag?post=822"}],"curies":[{"name":"wp","href":"https:\/\/api.w.org\/{rel}","templated":true}]}}