{"id":782,"date":"2026-02-16T08:43:22","date_gmt":"2026-02-16T08:43:22","guid":{"rendered":"https:\/\/test.fitnessworldgym27.com\/?post_type=product&#038;p=782"},"modified":"2026-03-30T19:24:42","modified_gmt":"2026-03-30T19:24:42","slug":"appareil-sun-led-x7-120w","status":"publish","type":"product","link":"https:\/\/cosmeticstoredz.com\/ar\/product\/appareil-sun-led-x7-120w\/","title":{"rendered":"APPAREIL SUN\/LED X7 120W"},"content":{"rendered":"<p><span data-spm-anchor-id=\"a2g0o.detail.1000023.i0.d42754153yoc7o\">Sp\u00e9cification:<\/span><br \/>\n100% neuf et de haute qualit\u00e9<br \/>\nType: LED lampe UV<br \/>\nPuissance: 36W,48W,54W<br \/>\nPoids: 540g<br \/>\nMat\u00e9riau: Plastique<br \/>\nLampes: 36 pi\u00e8ces LED<br \/>\nDur\u00e9e de vie: 50000hrs<br \/>\nChronom\u00e9trage: 10s \/ 30s \/ 60s\/99s<br \/>\nConvient pour: tous les pays<\/p>","protected":false},"excerpt":{"rendered":"<div class=\"l-fp-subgrid__header\">\n<div class=\"c-fp-heading\">\n<div class=\"c-fp-heading__title u-mb-xs\">\n<p>SUN X7 MAX -SUN X Plus 120W LAMPE \u00c0 UV LED AVEC 36 Pi\u00e8ces LED pour Manucure Gel S\u00e8che ongles S\u00e9cher Le Vernis \u00c0 Ongles Lampe Capteur<\/p>\n<\/div>\n<div class=\"c-fp-heading__infos\"><\/div>\n<\/div>\n<\/div>\n<div class=\"l-fp-subgrid__media\">\n<div class=\"c-productViewer col-sticky@md\">\n<div class=\"c-productViewer__viewer\">\n<div class=\"c-viewer__top u-position-absolute u-z-index-1 u-l-0\"><\/div>\n<div class=\"c-viewer__main\">\n<div class=\"c-fpmedia__top\"><\/div>\n<div class=\"c-fpmedia\"><\/div>\n<\/div>\n<\/div>\n<\/div>\n<\/div>","protected":false},"featured_media":852,"comment_status":"open","ping_status":"closed","template":"","meta":[],"product_brand":[],"product_cat":[117,75],"product_tag":[],"class_list":{"0":"post-782","1":"product","2":"type-product","3":"status-publish","4":"has-post-thumbnail","6":"product_cat-accessoires","7":"product_cat-femme","9":"first","10":"outofstock","11":"shipping-taxable","12":"purchasable","13":"product-type-simple"},"_links":{"self":[{"href":"https:\/\/cosmeticstoredz.com\/ar\/wp-json\/wp\/v2\/product\/782","targetHints":{"allow":["GET"]}}],"collection":[{"href":"https:\/\/cosmeticstoredz.com\/ar\/wp-json\/wp\/v2\/product"}],"about":[{"href":"https:\/\/cosmeticstoredz.com\/ar\/wp-json\/wp\/v2\/types\/product"}],"replies":[{"embeddable":true,"href":"https:\/\/cosmeticstoredz.com\/ar\/wp-json\/wp\/v2\/comments?post=782"}],"version-history":[{"count":1,"href":"https:\/\/cosmeticstoredz.com\/ar\/wp-json\/wp\/v2\/product\/782\/revisions"}],"predecessor-version":[{"id":853,"href":"https:\/\/cosmeticstoredz.com\/ar\/wp-json\/wp\/v2\/product\/782\/revisions\/853"}],"wp:featuredmedia":[{"embeddable":true,"href":"https:\/\/cosmeticstoredz.com\/ar\/wp-json\/wp\/v2\/media\/852"}],"wp:attachment":[{"href":"https:\/\/cosmeticstoredz.com\/ar\/wp-json\/wp\/v2\/media?parent=782"}],"wp:term":[{"taxonomy":"product_brand","embeddable":true,"href":"https:\/\/cosmeticstoredz.com\/ar\/wp-json\/wp\/v2\/product_brand?post=782"},{"taxonomy":"product_cat","embeddable":true,"href":"https:\/\/cosmeticstoredz.com\/ar\/wp-json\/wp\/v2\/product_cat?post=782"},{"taxonomy":"product_tag","embeddable":true,"href":"https:\/\/cosmeticstoredz.com\/ar\/wp-json\/wp\/v2\/product_tag?post=782"}],"curies":[{"name":"wp","href":"https:\/\/api.w.org\/{rel}","templated":true}]}}