{"id":781,"date":"2026-02-16T08:43:22","date_gmt":"2026-02-16T08:43:22","guid":{"rendered":"https:\/\/test.fitnessworldgym27.com\/?post_type=product&#038;p=781"},"modified":"2026-03-30T19:24:42","modified_gmt":"2026-03-30T19:24:42","slug":"appareil-gommage","status":"publish","type":"product","link":"https:\/\/cosmeticstoredz.com\/ar\/product\/appareil-gommage\/","title":{"rendered":"APPAREIL GOMMAGE"},"content":{"rendered":"","protected":false},"excerpt":{"rendered":"<p>La LUNA Mini 2 de Foreo est une brosse nettoyante pour le visage dot\u00e9e de la technologie avanc\u00e9e T-Sonic, offrant 8 intensit\u00e9s r\u00e9glables pour une exp\u00e9rience de nettoyage enti\u00e8rement adaptable. Cette brosse faciale a \u00e9t\u00e9 optimis\u00e9e pour tous les types de peau.<\/p>","protected":false},"featured_media":850,"comment_status":"open","ping_status":"closed","template":"","meta":[],"product_brand":[],"product_cat":[117,75,76],"product_tag":[],"class_list":{"0":"post-781","1":"product","2":"type-product","3":"status-publish","4":"has-post-thumbnail","6":"product_cat-accessoires","7":"product_cat-femme","8":"product_cat-soin-visage-f","10":"first","11":"instock","12":"shipping-taxable","13":"purchasable","14":"product-type-simple"},"_links":{"self":[{"href":"https:\/\/cosmeticstoredz.com\/ar\/wp-json\/wp\/v2\/product\/781","targetHints":{"allow":["GET"]}}],"collection":[{"href":"https:\/\/cosmeticstoredz.com\/ar\/wp-json\/wp\/v2\/product"}],"about":[{"href":"https:\/\/cosmeticstoredz.com\/ar\/wp-json\/wp\/v2\/types\/product"}],"replies":[{"embeddable":true,"href":"https:\/\/cosmeticstoredz.com\/ar\/wp-json\/wp\/v2\/comments?post=781"}],"version-history":[{"count":1,"href":"https:\/\/cosmeticstoredz.com\/ar\/wp-json\/wp\/v2\/product\/781\/revisions"}],"predecessor-version":[{"id":851,"href":"https:\/\/cosmeticstoredz.com\/ar\/wp-json\/wp\/v2\/product\/781\/revisions\/851"}],"wp:featuredmedia":[{"embeddable":true,"href":"https:\/\/cosmeticstoredz.com\/ar\/wp-json\/wp\/v2\/media\/850"}],"wp:attachment":[{"href":"https:\/\/cosmeticstoredz.com\/ar\/wp-json\/wp\/v2\/media?parent=781"}],"wp:term":[{"taxonomy":"product_brand","embeddable":true,"href":"https:\/\/cosmeticstoredz.com\/ar\/wp-json\/wp\/v2\/product_brand?post=781"},{"taxonomy":"product_cat","embeddable":true,"href":"https:\/\/cosmeticstoredz.com\/ar\/wp-json\/wp\/v2\/product_cat?post=781"},{"taxonomy":"product_tag","embeddable":true,"href":"https:\/\/cosmeticstoredz.com\/ar\/wp-json\/wp\/v2\/product_tag?post=781"}],"curies":[{"name":"wp","href":"https:\/\/api.w.org\/{rel}","templated":true}]}}