{"id":778,"date":"2026-02-16T08:43:22","date_gmt":"2026-02-16T08:43:22","guid":{"rendered":"https:\/\/test.fitnessworldgym27.com\/?post_type=product&#038;p=778"},"modified":"2026-03-30T19:25:54","modified_gmt":"2026-03-30T19:25:54","slug":"andrea-dotti-serum-keratin","status":"publish","type":"product","link":"https:\/\/cosmeticstoredz.com\/ar\/product\/andrea-dotti-serum-keratin\/","title":{"rendered":"ANDREA DOTTI SERUM KERATIN"},"content":{"rendered":"<p>&nbsp;<\/p>\n<p>&nbsp;<\/p>\n<p>&nbsp;<\/p>","protected":false},"excerpt":{"rendered":"<p>\u200b<span class=\"relative -mx-px my-[-0.2rem] rounded px-px py-[0.2rem] transition-colors duration-100 ease-in-out\">Le <strong data-start=\"3\" data-end=\"31\">S\u00e9rum K\u00e9ratine Naturelle<\/strong> d&rsquo;Andrea Dotti est con\u00e7u pour r\u00e9parer, hydrater et nourrir les cheveux.<\/span> <span class=\"relative -mx-px my-[-0.2rem] rounded px-px py-[0.2rem] transition-colors duration-100 ease-in-out\">Il est enrichi en k\u00e9ratine, une prot\u00e9ine essentielle qui renforce la fibre capillaire, am\u00e9liore l&rsquo;\u00e9lasticit\u00e9 et r\u00e9duit la casse des cheveux.<\/span> <span class=\"relative -mx-px my-[-0.2rem] rounded px-px py-[0.2rem] transition-colors duration-100 ease-in-out\">L&rsquo;application r\u00e9guli\u00e8re de ce s\u00e9rum peut \u00e9galement apporter de la brillance et de la douceur aux cheveux, les rendant plus faciles \u00e0 coiffer.<\/span><\/p>\n","protected":false},"featured_media":844,"comment_status":"open","ping_status":"closed","template":"","meta":[],"product_brand":[],"product_cat":[114,75,116,95],"product_tag":[90],"class_list":{"0":"post-778","1":"product","2":"type-product","3":"status-publish","4":"has-post-thumbnail","6":"product_cat-andrea-dotti","7":"product_cat-femme","8":"product_cat-serum-fch","9":"product_cat-soin-cheveux-f","10":"product_tag-made-in-algeria","12":"first","13":"outofstock","14":"shipping-taxable","15":"purchasable","16":"product-type-simple"},"_links":{"self":[{"href":"https:\/\/cosmeticstoredz.com\/ar\/wp-json\/wp\/v2\/product\/778","targetHints":{"allow":["GET"]}}],"collection":[{"href":"https:\/\/cosmeticstoredz.com\/ar\/wp-json\/wp\/v2\/product"}],"about":[{"href":"https:\/\/cosmeticstoredz.com\/ar\/wp-json\/wp\/v2\/types\/product"}],"replies":[{"embeddable":true,"href":"https:\/\/cosmeticstoredz.com\/ar\/wp-json\/wp\/v2\/comments?post=778"}],"version-history":[{"count":1,"href":"https:\/\/cosmeticstoredz.com\/ar\/wp-json\/wp\/v2\/product\/778\/revisions"}],"predecessor-version":[{"id":845,"href":"https:\/\/cosmeticstoredz.com\/ar\/wp-json\/wp\/v2\/product\/778\/revisions\/845"}],"wp:featuredmedia":[{"embeddable":true,"href":"https:\/\/cosmeticstoredz.com\/ar\/wp-json\/wp\/v2\/media\/844"}],"wp:attachment":[{"href":"https:\/\/cosmeticstoredz.com\/ar\/wp-json\/wp\/v2\/media?parent=778"}],"wp:term":[{"taxonomy":"product_brand","embeddable":true,"href":"https:\/\/cosmeticstoredz.com\/ar\/wp-json\/wp\/v2\/product_brand?post=778"},{"taxonomy":"product_cat","embeddable":true,"href":"https:\/\/cosmeticstoredz.com\/ar\/wp-json\/wp\/v2\/product_cat?post=778"},{"taxonomy":"product_tag","embeddable":true,"href":"https:\/\/cosmeticstoredz.com\/ar\/wp-json\/wp\/v2\/product_tag?post=778"}],"curies":[{"name":"wp","href":"https:\/\/api.w.org\/{rel}","templated":true}]}}