{"id":775,"date":"2026-02-16T08:43:22","date_gmt":"2026-02-16T08:43:22","guid":{"rendered":"https:\/\/test.fitnessworldgym27.com\/?post_type=product&#038;p=775"},"modified":"2026-03-30T19:25:54","modified_gmt":"2026-03-30T19:25:54","slug":"andrea-dotti-serum-chvx-cassant-fourches","status":"publish","type":"product","link":"https:\/\/cosmeticstoredz.com\/ar\/product\/andrea-dotti-serum-chvx-cassant-fourches\/","title":{"rendered":"ANDREA DOTTI SERUM  CHVX CASSANT &#038; FOURCHES"},"content":{"rendered":"","protected":false},"excerpt":{"rendered":"<p>\u200b<span class=\"relative -mx-px my-[-0.2rem] rounded px-px py-[0.2rem] transition-colors duration-100 ease-in-out\">Le <strong data-start=\"3\" data-end=\"44\">S\u00e9rum Capillaire \u00e0 l&rsquo;Huile de Serpent<\/strong> d&rsquo;Andrea Dotti est sp\u00e9cialement formul\u00e9 pour nourrir et revitaliser les cheveux cassants et fourchus.<\/span> <span class=\"relative -mx-px my-[-0.2rem] rounded px-px py-[0.2rem] transition-colors duration-100 ease-in-out\">Enrichi en ingr\u00e9dients tels que la vitamine B5 et des d\u00e9riv\u00e9s de silicones, il aide \u00e0 renforcer la fibre capillaire, r\u00e9duisant ainsi la casse et les pointes fourchues.<\/span> <span class=\"relative -mx-px my-[-0.2rem] rounded px-px py-[0.2rem] transition-colors duration-100 ease-in-out\">Pour une efficacit\u00e9 optimale, appliquez quelques gouttes sur les longueurs et les pointes des cheveux propres et humides, puis coiffez comme souhait\u00e9.<\/span>\u200b<\/p>\n","protected":false},"featured_media":838,"comment_status":"open","ping_status":"closed","template":"","meta":[],"product_brand":[],"product_cat":[114,75,116,95],"product_tag":[],"class_list":{"0":"post-775","1":"product","2":"type-product","3":"status-publish","4":"has-post-thumbnail","6":"product_cat-andrea-dotti","7":"product_cat-femme","8":"product_cat-serum-fch","9":"product_cat-soin-cheveux-f","11":"first","12":"outofstock","13":"shipping-taxable","14":"purchasable","15":"product-type-simple"},"_links":{"self":[{"href":"https:\/\/cosmeticstoredz.com\/ar\/wp-json\/wp\/v2\/product\/775","targetHints":{"allow":["GET"]}}],"collection":[{"href":"https:\/\/cosmeticstoredz.com\/ar\/wp-json\/wp\/v2\/product"}],"about":[{"href":"https:\/\/cosmeticstoredz.com\/ar\/wp-json\/wp\/v2\/types\/product"}],"replies":[{"embeddable":true,"href":"https:\/\/cosmeticstoredz.com\/ar\/wp-json\/wp\/v2\/comments?post=775"}],"version-history":[{"count":1,"href":"https:\/\/cosmeticstoredz.com\/ar\/wp-json\/wp\/v2\/product\/775\/revisions"}],"predecessor-version":[{"id":839,"href":"https:\/\/cosmeticstoredz.com\/ar\/wp-json\/wp\/v2\/product\/775\/revisions\/839"}],"wp:featuredmedia":[{"embeddable":true,"href":"https:\/\/cosmeticstoredz.com\/ar\/wp-json\/wp\/v2\/media\/838"}],"wp:attachment":[{"href":"https:\/\/cosmeticstoredz.com\/ar\/wp-json\/wp\/v2\/media?parent=775"}],"wp:term":[{"taxonomy":"product_brand","embeddable":true,"href":"https:\/\/cosmeticstoredz.com\/ar\/wp-json\/wp\/v2\/product_brand?post=775"},{"taxonomy":"product_cat","embeddable":true,"href":"https:\/\/cosmeticstoredz.com\/ar\/wp-json\/wp\/v2\/product_cat?post=775"},{"taxonomy":"product_tag","embeddable":true,"href":"https:\/\/cosmeticstoredz.com\/ar\/wp-json\/wp\/v2\/product_tag?post=775"}],"curies":[{"name":"wp","href":"https:\/\/api.w.org\/{rel}","templated":true}]}}