{"id":7688,"date":"2025-06-04T20:01:58","date_gmt":"2025-06-04T20:01:58","guid":{"rendered":"https:\/\/test.fitnessworldgym27.com\/?post_type=product&#038;p=7688"},"modified":"2026-03-30T19:27:52","modified_gmt":"2026-03-30T19:27:52","slug":"sheglam-ember-rose-immotal-love-nourishing-lip-gloss-set-x4","status":"publish","type":"product","link":"https:\/\/cosmeticstoredz.com\/ar\/product\/sheglam-ember-rose-immotal-love-nourishing-lip-gloss-set-x4\/","title":{"rendered":"SHEGLAM EMBER ROSE IMMOTAL LOVE NOURISHING LIP GLOSS SET X4"},"content":{"rendered":"","protected":false},"excerpt":{"rendered":"<div class=\"woocommerce-tabs wc-tabs-wrapper\">\n<div id=\"tab-description\" class=\"woocommerce-Tabs-panel woocommerce-Tabs-panel--description panel entry-content wc-tab\" role=\"tabpanel\" aria-labelledby=\"tab-title-description\">\n<p><span>Un look de l\u00e8vres irr\u00e9sistiblement pulpeux est \u00e0 port\u00e9e de main en quelques passages avec le brillant \u00e0 l\u00e8vres nourrissant Immortal Love. Dot\u00e9 d&rsquo;une formule hautement nourrissante, ce brillant \u00e0 l\u00e8vres offre une brillance vitreuse lumineuse qui repose confortablement sur les l\u00e8vres avec une couleur magnifique. Appliquez sur un rouge \u00e0 l\u00e8vres compl\u00e9mentaire ou portez-le seul pour une brillance accrocheuse.<\/span><\/p>\n<\/div>\n<\/div>","protected":false},"featured_media":22039,"comment_status":"open","ping_status":"closed","template":"","meta":[],"product_brand":[411],"product_cat":[206,205,122,281],"product_tag":[],"class_list":{"0":"post-7688","1":"product","2":"type-product","3":"status-publish","4":"has-post-thumbnail","6":"product_brand-sheglam","7":"product_cat-gloss","8":"product_cat-levres","9":"product_cat-make-up","10":"product_cat-sheglam","12":"first","13":"instock","14":"shipping-taxable","15":"purchasable","16":"product-type-simple"},"_links":{"self":[{"href":"https:\/\/cosmeticstoredz.com\/ar\/wp-json\/wp\/v2\/product\/7688","targetHints":{"allow":["GET"]}}],"collection":[{"href":"https:\/\/cosmeticstoredz.com\/ar\/wp-json\/wp\/v2\/product"}],"about":[{"href":"https:\/\/cosmeticstoredz.com\/ar\/wp-json\/wp\/v2\/types\/product"}],"replies":[{"embeddable":true,"href":"https:\/\/cosmeticstoredz.com\/ar\/wp-json\/wp\/v2\/comments?post=7688"}],"version-history":[{"count":1,"href":"https:\/\/cosmeticstoredz.com\/ar\/wp-json\/wp\/v2\/product\/7688\/revisions"}],"predecessor-version":[{"id":22040,"href":"https:\/\/cosmeticstoredz.com\/ar\/wp-json\/wp\/v2\/product\/7688\/revisions\/22040"}],"wp:featuredmedia":[{"embeddable":true,"href":"https:\/\/cosmeticstoredz.com\/ar\/wp-json\/wp\/v2\/media\/22039"}],"wp:attachment":[{"href":"https:\/\/cosmeticstoredz.com\/ar\/wp-json\/wp\/v2\/media?parent=7688"}],"wp:term":[{"taxonomy":"product_brand","embeddable":true,"href":"https:\/\/cosmeticstoredz.com\/ar\/wp-json\/wp\/v2\/product_brand?post=7688"},{"taxonomy":"product_cat","embeddable":true,"href":"https:\/\/cosmeticstoredz.com\/ar\/wp-json\/wp\/v2\/product_cat?post=7688"},{"taxonomy":"product_tag","embeddable":true,"href":"https:\/\/cosmeticstoredz.com\/ar\/wp-json\/wp\/v2\/product_tag?post=7688"}],"curies":[{"name":"wp","href":"https:\/\/api.w.org\/{rel}","templated":true}]}}