{"id":7680,"date":"2025-06-04T20:01:57","date_gmt":"2025-06-04T20:01:57","guid":{"rendered":"https:\/\/test.fitnessworldgym27.com\/?post_type=product&#038;p=7680"},"modified":"2026-03-30T19:24:23","modified_gmt":"2026-03-30T19:24:23","slug":"dermactive-serum-stop-acne","status":"publish","type":"product","link":"https:\/\/cosmeticstoredz.com\/ar\/product\/dermactive-serum-stop-acne\/","title":{"rendered":"DERMACTIVE SERUM STOP ACNE"},"content":{"rendered":"","protected":false},"excerpt":{"rendered":"<p>S\u00e9rum visage acn\u00e9 stop de chez Dermactive est un soin fondamental pour lutter contre les imperfections,, r\u00e9duit les boutons, l\u2019apparence de marques d\u2019acn\u00e9 r\u00e9siduelles et d\u2019imperfections pour une peau plus lisse et uniforme.<\/p>","protected":false},"featured_media":22021,"comment_status":"closed","ping_status":"closed","template":"","meta":[],"product_brand":[406],"product_cat":[71,75,77,76],"product_tag":[],"class_list":{"0":"post-7680","1":"product","2":"type-product","3":"status-publish","4":"has-post-thumbnail","6":"product_brand-dermactive","7":"product_cat-dermactive","8":"product_cat-femme","9":"product_cat-serum-fv","10":"product_cat-soin-visage-f","12":"first","13":"instock","14":"shipping-taxable","15":"purchasable","16":"product-type-simple"},"_links":{"self":[{"href":"https:\/\/cosmeticstoredz.com\/ar\/wp-json\/wp\/v2\/product\/7680","targetHints":{"allow":["GET"]}}],"collection":[{"href":"https:\/\/cosmeticstoredz.com\/ar\/wp-json\/wp\/v2\/product"}],"about":[{"href":"https:\/\/cosmeticstoredz.com\/ar\/wp-json\/wp\/v2\/types\/product"}],"replies":[{"embeddable":true,"href":"https:\/\/cosmeticstoredz.com\/ar\/wp-json\/wp\/v2\/comments?post=7680"}],"version-history":[{"count":1,"href":"https:\/\/cosmeticstoredz.com\/ar\/wp-json\/wp\/v2\/product\/7680\/revisions"}],"predecessor-version":[{"id":22023,"href":"https:\/\/cosmeticstoredz.com\/ar\/wp-json\/wp\/v2\/product\/7680\/revisions\/22023"}],"wp:featuredmedia":[{"embeddable":true,"href":"https:\/\/cosmeticstoredz.com\/ar\/wp-json\/wp\/v2\/media\/22021"}],"wp:attachment":[{"href":"https:\/\/cosmeticstoredz.com\/ar\/wp-json\/wp\/v2\/media?parent=7680"}],"wp:term":[{"taxonomy":"product_brand","embeddable":true,"href":"https:\/\/cosmeticstoredz.com\/ar\/wp-json\/wp\/v2\/product_brand?post=7680"},{"taxonomy":"product_cat","embeddable":true,"href":"https:\/\/cosmeticstoredz.com\/ar\/wp-json\/wp\/v2\/product_cat?post=7680"},{"taxonomy":"product_tag","embeddable":true,"href":"https:\/\/cosmeticstoredz.com\/ar\/wp-json\/wp\/v2\/product_tag?post=7680"}],"curies":[{"name":"wp","href":"https:\/\/api.w.org\/{rel}","templated":true}]}}