{"id":7677,"date":"2025-06-04T20:01:57","date_gmt":"2025-06-04T20:01:57","guid":{"rendered":"https:\/\/test.fitnessworldgym27.com\/?post_type=product&#038;p=7677"},"modified":"2026-03-30T19:25:48","modified_gmt":"2026-03-30T19:25:48","slug":"venus-huile-solaire-1004530387050-1004530387050","status":"publish","type":"product","link":"https:\/\/cosmeticstoredz.com\/ar\/product\/venus-huile-solaire-1004530387050-1004530387050\/","title":{"rendered":"VENUS HUILE SOLAIRE (1004530387050-1004530387050)"},"content":{"rendered":"","protected":false},"excerpt":{"rendered":"<div class=\"tick-list\">\n<p>L\u2019huile solaire bronzante \u00a0<strong>VIDERM\u00ae des\u00a0<\/strong>LABORATOIRES VENUS \u00ae est une formule nourrissante SPF 6 hydrate votre\u00a0 peau pour un bronzage intense, dor\u00e9 et \u00e9quilibr\u00e9. Une huile tr\u00e8s facile \u00e0 appliquer, ne laisse pas la peau collante et donne un joli bronzage, en laissant une odeur tr\u00e8s agr\u00e9able pour un r\u00e9sultat impeccable.<\/p>\n<\/div>","protected":false},"featured_media":22014,"comment_status":"open","ping_status":"closed","template":"","meta":[],"product_brand":[],"product_cat":[100,81,272],"product_tag":[],"class_list":{"0":"post-7677","1":"product","2":"type-product","3":"status-publish","4":"has-post-thumbnail","6":"product_cat-huile-de-massage","7":"product_cat-soin-corps-f","8":"product_cat-venus","10":"first","11":"outofstock","12":"shipping-taxable","13":"purchasable","14":"product-type-simple"},"_links":{"self":[{"href":"https:\/\/cosmeticstoredz.com\/ar\/wp-json\/wp\/v2\/product\/7677","targetHints":{"allow":["GET"]}}],"collection":[{"href":"https:\/\/cosmeticstoredz.com\/ar\/wp-json\/wp\/v2\/product"}],"about":[{"href":"https:\/\/cosmeticstoredz.com\/ar\/wp-json\/wp\/v2\/types\/product"}],"replies":[{"embeddable":true,"href":"https:\/\/cosmeticstoredz.com\/ar\/wp-json\/wp\/v2\/comments?post=7677"}],"version-history":[{"count":1,"href":"https:\/\/cosmeticstoredz.com\/ar\/wp-json\/wp\/v2\/product\/7677\/revisions"}],"predecessor-version":[{"id":22015,"href":"https:\/\/cosmeticstoredz.com\/ar\/wp-json\/wp\/v2\/product\/7677\/revisions\/22015"}],"wp:featuredmedia":[{"embeddable":true,"href":"https:\/\/cosmeticstoredz.com\/ar\/wp-json\/wp\/v2\/media\/22014"}],"wp:attachment":[{"href":"https:\/\/cosmeticstoredz.com\/ar\/wp-json\/wp\/v2\/media?parent=7677"}],"wp:term":[{"taxonomy":"product_brand","embeddable":true,"href":"https:\/\/cosmeticstoredz.com\/ar\/wp-json\/wp\/v2\/product_brand?post=7677"},{"taxonomy":"product_cat","embeddable":true,"href":"https:\/\/cosmeticstoredz.com\/ar\/wp-json\/wp\/v2\/product_cat?post=7677"},{"taxonomy":"product_tag","embeddable":true,"href":"https:\/\/cosmeticstoredz.com\/ar\/wp-json\/wp\/v2\/product_tag?post=7677"}],"curies":[{"name":"wp","href":"https:\/\/api.w.org\/{rel}","templated":true}]}}