{"id":7646,"date":"2025-06-04T20:01:35","date_gmt":"2025-06-04T20:01:35","guid":{"rendered":"https:\/\/test.fitnessworldgym27.com\/?post_type=product&#038;p=7646"},"modified":"2026-04-18T19:24:36","modified_gmt":"2026-04-18T19:24:36","slug":"snona-creme-hydratante-200ml-amande-vitamine-e","status":"publish","type":"product","link":"https:\/\/cosmeticstoredz.com\/ar\/product\/snona-creme-hydratante-200ml-amande-vitamine-e\/","title":{"rendered":"SNONAS CREME HYDRATANTE 200ML  AMANDE VITAMINE E"},"content":{"rendered":"","protected":false},"excerpt":{"rendered":"<div class=\"woocommerce-product-details__short-description\">\n<p>Cr\u00e8me hydratante \u00e0 l&rsquo;huile d&rsquo;amande et \u00e0 la vitamine E. Prot\u00e8ge votre peau des petites agressions et forme un \u00e9cran contre les agents ext\u00e9rieurs (soleil, humidit\u00e9) et en prend soin gr\u00e2ce \u00e0 la vitamine E, qui agit comme r\u00e9g\u00e9n\u00e9rateur et aide en m\u00eame temps au rajeunissement de la peau. m\u00eame. L&rsquo;huile d&rsquo;amande assure l&rsquo;apport de substances \u00e0 grand pouvoir nutritionnel (squal\u00e8ne, tocoph\u00e9rols et st\u00e9rols)<\/p>\n<\/div>","protected":false},"featured_media":21996,"comment_status":"closed","ping_status":"closed","template":"","meta":[],"product_brand":[],"product_cat":[129,75,341,76],"product_tag":[],"class_list":{"0":"post-7646","1":"product","2":"type-product","3":"status-publish","4":"has-post-thumbnail","6":"product_cat-creme-hydratante-fv","7":"product_cat-femme","8":"product_cat-snonas","9":"product_cat-soin-visage-f","11":"first","12":"outofstock","13":"shipping-taxable","14":"purchasable","15":"product-type-simple"},"yoast_head":"<!-- This site is optimized with the Yoast SEO plugin v27.3 - https:\/\/yoast.com\/product\/yoast-seo-wordpress\/ -->\n<title>SNONAS CREME HYDRATANTE 200ML AMANDE VITAMINE E - Cosmetic Store<\/title>\n<meta name=\"robots\" content=\"index, follow, max-snippet:-1, max-image-preview:large, max-video-preview:-1\" \/>\n<link rel=\"canonical\" href=\"https:\/\/cosmeticstoredz.com\/ar\/product\/snona-creme-hydratante-200ml-amande-vitamine-e\/\" \/>\n<meta property=\"og:locale\" content=\"ar_AR\" \/>\n<meta property=\"og:type\" content=\"article\" \/>\n<meta property=\"og:title\" content=\"SNONAS CREME HYDRATANTE 200ML AMANDE VITAMINE E - Cosmetic Store\" \/>\n<meta property=\"og:description\" content=\"Cr\u00e8me hydratante \u00e0 l&#039;huile d&#039;amande et \u00e0 la vitamine E. Prot\u00e8ge votre peau des petites agressions et forme un \u00e9cran contre les agents ext\u00e9rieurs (soleil, humidit\u00e9) et en prend soin gr\u00e2ce \u00e0 la vitamine E, qui agit comme r\u00e9g\u00e9n\u00e9rateur et aide en m\u00eame temps au rajeunissement de la peau. m\u00eame. L&#039;huile d&#039;amande assure l&#039;apport de substances \u00e0 grand pouvoir nutritionnel (squal\u00e8ne, tocoph\u00e9rols et st\u00e9rols)\" \/>\n<meta property=\"og:url\" content=\"https:\/\/cosmeticstoredz.com\/ar\/product\/snona-creme-hydratante-200ml-amande-vitamine-e\/\" \/>\n<meta property=\"og:site_name\" content=\"Cosmetic Store\" \/>\n<meta property=\"article:publisher\" content=\"https:\/\/www.facebook.com\/profile.php?id=61564954260683\" \/>\n<meta property=\"article:modified_time\" content=\"2026-04-18T19:24:36+00:00\" \/>\n<meta property=\"og:image\" content=\"https:\/\/cosmeticstoredz.com\/wp-content\/uploads\/2026\/02\/CC-1015.png\" \/>\n\t<meta property=\"og:image:width\" content=\"1563\" \/>\n\t<meta property=\"og:image:height\" content=\"1563\" \/>\n\t<meta property=\"og:image:type\" content=\"image\/png\" \/>\n<meta name=\"twitter:card\" content=\"summary_large_image\" \/>\n<script type=\"application\/ld+json\" class=\"yoast-schema-graph\">{\"@context\":\"https:\\\/\\\/schema.org\",\"@graph\":[{\"@type\":\"WebPage\",\"@id\":\"https:\\\/\\\/cosmeticstoredz.com\\\/produit\\\/snona-creme-hydratante-200ml-amande-vitamine-e\\\/\",\"url\":\"https:\\\/\\\/cosmeticstoredz.com\\\/produit\\\/snona-creme-hydratante-200ml-amande-vitamine-e\\\/\",\"name\":\"SNONAS CREME HYDRATANTE 200ML AMANDE VITAMINE E - Cosmetic Store\",\"isPartOf\":{\"@id\":\"https:\\\/\\\/cosmeticstoredz.com\\\/#website\"},\"primaryImageOfPage\":{\"@id\":\"https:\\\/\\\/cosmeticstoredz.com\\\/produit\\\/snona-creme-hydratante-200ml-amande-vitamine-e\\\/#primaryimage\"},\"image\":{\"@id\":\"https:\\\/\\\/cosmeticstoredz.com\\\/produit\\\/snona-creme-hydratante-200ml-amande-vitamine-e\\\/#primaryimage\"},\"thumbnailUrl\":\"https:\\\/\\\/cosmeticstoredz.com\\\/wp-content\\\/uploads\\\/2026\\\/02\\\/CC-1015.png\",\"datePublished\":\"2025-06-04T20:01:35+00:00\",\"dateModified\":\"2026-04-18T19:24:36+00:00\",\"breadcrumb\":{\"@id\":\"https:\\\/\\\/cosmeticstoredz.com\\\/produit\\\/snona-creme-hydratante-200ml-amande-vitamine-e\\\/#breadcrumb\"},\"inLanguage\":\"ar\",\"potentialAction\":[{\"@type\":\"ReadAction\",\"target\":[\"https:\\\/\\\/cosmeticstoredz.com\\\/produit\\\/snona-creme-hydratante-200ml-amande-vitamine-e\\\/\"]}]},{\"@type\":\"ImageObject\",\"inLanguage\":\"ar\",\"@id\":\"https:\\\/\\\/cosmeticstoredz.com\\\/produit\\\/snona-creme-hydratante-200ml-amande-vitamine-e\\\/#primaryimage\",\"url\":\"https:\\\/\\\/cosmeticstoredz.com\\\/wp-content\\\/uploads\\\/2026\\\/02\\\/CC-1015.png\",\"contentUrl\":\"https:\\\/\\\/cosmeticstoredz.com\\\/wp-content\\\/uploads\\\/2026\\\/02\\\/CC-1015.png\",\"width\":1563,\"height\":1563},{\"@type\":\"BreadcrumbList\",\"@id\":\"https:\\\/\\\/cosmeticstoredz.com\\\/produit\\\/snona-creme-hydratante-200ml-amande-vitamine-e\\\/#breadcrumb\",\"itemListElement\":[{\"@type\":\"ListItem\",\"position\":1,\"name\":\"Accueil\",\"item\":\"https:\\\/\\\/cosmeticstoredz.com\\\/\"},{\"@type\":\"ListItem\",\"position\":2,\"name\":\"Boutique\",\"item\":\"https:\\\/\\\/cosmeticstoredz.com\\\/boutique\\\/\"},{\"@type\":\"ListItem\",\"position\":3,\"name\":\"SNONAS CREME HYDRATANTE 200ML AMANDE VITAMINE E\"}]},{\"@type\":\"WebSite\",\"@id\":\"https:\\\/\\\/cosmeticstoredz.com\\\/#website\",\"url\":\"https:\\\/\\\/cosmeticstoredz.com\\\/\",\"name\":\"Cosmetic Store\",\"description\":\"\",\"publisher\":{\"@id\":\"https:\\\/\\\/cosmeticstoredz.com\\\/#organization\"},\"potentialAction\":[{\"@type\":\"SearchAction\",\"target\":{\"@type\":\"EntryPoint\",\"urlTemplate\":\"https:\\\/\\\/cosmeticstoredz.com\\\/?s={search_term_string}\"},\"query-input\":{\"@type\":\"PropertyValueSpecification\",\"valueRequired\":true,\"valueName\":\"search_term_string\"}}],\"inLanguage\":\"ar\"},{\"@type\":\"Organization\",\"@id\":\"https:\\\/\\\/cosmeticstoredz.com\\\/#organization\",\"name\":\"Cosmetic Store\",\"url\":\"https:\\\/\\\/cosmeticstoredz.com\\\/\",\"logo\":{\"@type\":\"ImageObject\",\"inLanguage\":\"ar\",\"@id\":\"https:\\\/\\\/cosmeticstoredz.com\\\/#\\\/schema\\\/logo\\\/image\\\/\",\"url\":\"https:\\\/\\\/cosmeticstoredz.com\\\/wp-content\\\/uploads\\\/2026\\\/02\\\/cropped-LOGO_CS-512x512-1-1-e1771275285345.webp\",\"contentUrl\":\"https:\\\/\\\/cosmeticstoredz.com\\\/wp-content\\\/uploads\\\/2026\\\/02\\\/cropped-LOGO_CS-512x512-1-1-e1771275285345.webp\",\"width\":265,\"height\":319,\"caption\":\"Cosmetic Store\"},\"image\":{\"@id\":\"https:\\\/\\\/cosmeticstoredz.com\\\/#\\\/schema\\\/logo\\\/image\\\/\"},\"sameAs\":[\"https:\\\/\\\/www.facebook.com\\\/profile.php?id=61564954260683\",\"https:\\\/\\\/www.instagram.com\\\/cosmetic.storedz\\\/\"]}]}<\/script>\n<!-- \/ Yoast SEO plugin. -->","yoast_head_json":{"title":"SNONAS CREME HYDRATANTE 200ML AMANDE VITAMINE E - Cosmetic Store","robots":{"index":"index","follow":"follow","max-snippet":"max-snippet:-1","max-image-preview":"max-image-preview:large","max-video-preview":"max-video-preview:-1"},"canonical":"https:\/\/cosmeticstoredz.com\/ar\/product\/snona-creme-hydratante-200ml-amande-vitamine-e\/","og_locale":"ar_AR","og_type":"article","og_title":"SNONAS CREME HYDRATANTE 200ML AMANDE VITAMINE E - Cosmetic Store","og_description":"Cr\u00e8me hydratante \u00e0 l'huile d'amande et \u00e0 la vitamine E. Prot\u00e8ge votre peau des petites agressions et forme un \u00e9cran contre les agents ext\u00e9rieurs (soleil, humidit\u00e9) et en prend soin gr\u00e2ce \u00e0 la vitamine E, qui agit comme r\u00e9g\u00e9n\u00e9rateur et aide en m\u00eame temps au rajeunissement de la peau. m\u00eame. L'huile d'amande assure l'apport de substances \u00e0 grand pouvoir nutritionnel (squal\u00e8ne, tocoph\u00e9rols et st\u00e9rols)","og_url":"https:\/\/cosmeticstoredz.com\/ar\/product\/snona-creme-hydratante-200ml-amande-vitamine-e\/","og_site_name":"Cosmetic Store","article_publisher":"https:\/\/www.facebook.com\/profile.php?id=61564954260683","article_modified_time":"2026-04-18T19:24:36+00:00","og_image":[{"width":1563,"height":1563,"url":"https:\/\/cosmeticstoredz.com\/wp-content\/uploads\/2026\/02\/CC-1015.png","type":"image\/png"}],"twitter_card":"summary_large_image","schema":{"@context":"https:\/\/schema.org","@graph":[{"@type":"WebPage","@id":"https:\/\/cosmeticstoredz.com\/produit\/snona-creme-hydratante-200ml-amande-vitamine-e\/","url":"https:\/\/cosmeticstoredz.com\/produit\/snona-creme-hydratante-200ml-amande-vitamine-e\/","name":"SNONAS CREME HYDRATANTE 200ML AMANDE VITAMINE E - Cosmetic Store","isPartOf":{"@id":"https:\/\/cosmeticstoredz.com\/#website"},"primaryImageOfPage":{"@id":"https:\/\/cosmeticstoredz.com\/produit\/snona-creme-hydratante-200ml-amande-vitamine-e\/#primaryimage"},"image":{"@id":"https:\/\/cosmeticstoredz.com\/produit\/snona-creme-hydratante-200ml-amande-vitamine-e\/#primaryimage"},"thumbnailUrl":"https:\/\/cosmeticstoredz.com\/wp-content\/uploads\/2026\/02\/CC-1015.png","datePublished":"2025-06-04T20:01:35+00:00","dateModified":"2026-04-18T19:24:36+00:00","breadcrumb":{"@id":"https:\/\/cosmeticstoredz.com\/produit\/snona-creme-hydratante-200ml-amande-vitamine-e\/#breadcrumb"},"inLanguage":"ar","potentialAction":[{"@type":"ReadAction","target":["https:\/\/cosmeticstoredz.com\/produit\/snona-creme-hydratante-200ml-amande-vitamine-e\/"]}]},{"@type":"ImageObject","inLanguage":"ar","@id":"https:\/\/cosmeticstoredz.com\/produit\/snona-creme-hydratante-200ml-amande-vitamine-e\/#primaryimage","url":"https:\/\/cosmeticstoredz.com\/wp-content\/uploads\/2026\/02\/CC-1015.png","contentUrl":"https:\/\/cosmeticstoredz.com\/wp-content\/uploads\/2026\/02\/CC-1015.png","width":1563,"height":1563},{"@type":"BreadcrumbList","@id":"https:\/\/cosmeticstoredz.com\/produit\/snona-creme-hydratante-200ml-amande-vitamine-e\/#breadcrumb","itemListElement":[{"@type":"ListItem","position":1,"name":"Accueil","item":"https:\/\/cosmeticstoredz.com\/"},{"@type":"ListItem","position":2,"name":"Boutique","item":"https:\/\/cosmeticstoredz.com\/boutique\/"},{"@type":"ListItem","position":3,"name":"SNONAS CREME HYDRATANTE 200ML AMANDE VITAMINE E"}]},{"@type":"WebSite","@id":"https:\/\/cosmeticstoredz.com\/#website","url":"https:\/\/cosmeticstoredz.com\/","name":"Cosmetic Store","description":"","publisher":{"@id":"https:\/\/cosmeticstoredz.com\/#organization"},"potentialAction":[{"@type":"SearchAction","target":{"@type":"EntryPoint","urlTemplate":"https:\/\/cosmeticstoredz.com\/?s={search_term_string}"},"query-input":{"@type":"PropertyValueSpecification","valueRequired":true,"valueName":"search_term_string"}}],"inLanguage":"ar"},{"@type":"Organization","@id":"https:\/\/cosmeticstoredz.com\/#organization","name":"Cosmetic Store","url":"https:\/\/cosmeticstoredz.com\/","logo":{"@type":"ImageObject","inLanguage":"ar","@id":"https:\/\/cosmeticstoredz.com\/#\/schema\/logo\/image\/","url":"https:\/\/cosmeticstoredz.com\/wp-content\/uploads\/2026\/02\/cropped-LOGO_CS-512x512-1-1-e1771275285345.webp","contentUrl":"https:\/\/cosmeticstoredz.com\/wp-content\/uploads\/2026\/02\/cropped-LOGO_CS-512x512-1-1-e1771275285345.webp","width":265,"height":319,"caption":"Cosmetic Store"},"image":{"@id":"https:\/\/cosmeticstoredz.com\/#\/schema\/logo\/image\/"},"sameAs":["https:\/\/www.facebook.com\/profile.php?id=61564954260683","https:\/\/www.instagram.com\/cosmetic.storedz\/"]}]}},"_links":{"self":[{"href":"https:\/\/cosmeticstoredz.com\/ar\/wp-json\/wp\/v2\/product\/7646","targetHints":{"allow":["GET"]}}],"collection":[{"href":"https:\/\/cosmeticstoredz.com\/ar\/wp-json\/wp\/v2\/product"}],"about":[{"href":"https:\/\/cosmeticstoredz.com\/ar\/wp-json\/wp\/v2\/types\/product"}],"replies":[{"embeddable":true,"href":"https:\/\/cosmeticstoredz.com\/ar\/wp-json\/wp\/v2\/comments?post=7646"}],"version-history":[{"count":1,"href":"https:\/\/cosmeticstoredz.com\/ar\/wp-json\/wp\/v2\/product\/7646\/revisions"}],"predecessor-version":[{"id":21997,"href":"https:\/\/cosmeticstoredz.com\/ar\/wp-json\/wp\/v2\/product\/7646\/revisions\/21997"}],"wp:featuredmedia":[{"embeddable":true,"href":"https:\/\/cosmeticstoredz.com\/ar\/wp-json\/wp\/v2\/media\/21996"}],"wp:attachment":[{"href":"https:\/\/cosmeticstoredz.com\/ar\/wp-json\/wp\/v2\/media?parent=7646"}],"wp:term":[{"taxonomy":"product_brand","embeddable":true,"href":"https:\/\/cosmeticstoredz.com\/ar\/wp-json\/wp\/v2\/product_brand?post=7646"},{"taxonomy":"product_cat","embeddable":true,"href":"https:\/\/cosmeticstoredz.com\/ar\/wp-json\/wp\/v2\/product_cat?post=7646"},{"taxonomy":"product_tag","embeddable":true,"href":"https:\/\/cosmeticstoredz.com\/ar\/wp-json\/wp\/v2\/product_tag?post=7646"}],"curies":[{"name":"wp","href":"https:\/\/api.w.org\/{rel}","templated":true}]}}