{"id":7643,"date":"2025-06-04T20:01:35","date_gmt":"2025-06-04T20:01:35","guid":{"rendered":"https:\/\/test.fitnessworldgym27.com\/?post_type=product&#038;p=7643"},"modified":"2026-04-18T19:25:25","modified_gmt":"2026-04-18T19:25:25","slug":"zorah-lotion-eclaircissante-intime","status":"publish","type":"product","link":"https:\/\/cosmeticstoredz.com\/ar\/product\/zorah-lotion-eclaircissante-intime\/","title":{"rendered":"ZORAH LOTION ECLAIRCISSANTE INTIME ROSE"},"content":{"rendered":"<ul>\n<li data-start=\"359\" data-end=\"397\">\u2728 <strong data-start=\"366\" data-end=\"397\">Un \u00e9clat naturel en douceur : <\/strong>ZORAH Lotion \u00c9claircissante Intime a \u00e9t\u00e9 sp\u00e9cialement d\u00e9velopp\u00e9e pour cibler les zones sombres et sensibles du corps comme le maillot, les aisselles ou l\u2019int\u00e9rieur des cuisses. Sa formule innovante unifie le teint tout en respectant la d\u00e9licatesse de la peau.<\/li>\n<li data-start=\"659\" data-end=\"699\">\ud83c\udf31 <strong data-start=\"667\" data-end=\"699\">Formule douce et sans danger : <\/strong>Enrichie en ingr\u00e9dients naturels, sans hydroquinone ni agents agressifs, cette lotion agit progressivement pour \u00e9claircir les taches pigmentaires, sans irritation ni dess\u00e8chement. Convient \u00e0 tous les types de peau, m\u00eame les plus sensibles.<\/li>\n<li data-start=\"941\" data-end=\"976\">\ud83c\udf2c\ufe0f <strong data-start=\"950\" data-end=\"976\">Hydratation et confort : <\/strong>Gr\u00e2ce \u00e0 ses agents hydratants, elle adoucit et apaise la peau, \u00e9vitant toute sensation d\u2019inconfort. Elle laisse la peau souple, douce et agr\u00e9ablement parfum\u00e9e.<\/li>\n<li data-start=\"1138\" data-end=\"1172\">\ud83c\udf3a <strong data-start=\"1146\" data-end=\"1172\">Confiance et bien-\u00eatre :<\/strong>Utilis\u00e9e r\u00e9guli\u00e8rement, ZORAH redonne confiance en soi gr\u00e2ce \u00e0 un teint plus uniforme, plus lumineux, et une peau visiblement plus nette.<\/li>\n<\/ul>","protected":false},"excerpt":{"rendered":"<p>Pour un r\u00e9sultat optimal, la lotion cr\u00e8me \u00c9claircissante ZORAH contient plus de 48% d&rsquo;actifs naturels pour un \u00e9claircissement cibl\u00e9 de la peau.<\/p>","protected":false},"featured_media":0,"comment_status":"closed","ping_status":"closed","template":"","meta":[],"product_brand":[],"product_cat":[75,140,89,139,367],"product_tag":[90],"class_list":{"0":"post-7643","1":"product","2":"type-product","3":"status-publish","5":"product_cat-femme","6":"product_cat-gel-intime","7":"product_cat-gel-nettoyant-f-gel-nettoyant-f","8":"product_cat-lait-de-corps-soin-corps-f","9":"product_cat-zorah","10":"product_tag-made-in-algeria","12":"first","13":"outofstock","14":"shipping-taxable","15":"purchasable","16":"product-type-simple"},"yoast_head":"<!-- This site is optimized with the Yoast SEO plugin v27.3 - https:\/\/yoast.com\/product\/yoast-seo-wordpress\/ -->\n<title>ZORAH LOTION ECLAIRCISSANTE INTIME ROSE - Cosmetic Store<\/title>\n<meta name=\"robots\" content=\"index, follow, max-snippet:-1, max-image-preview:large, max-video-preview:-1\" \/>\n<link rel=\"canonical\" href=\"https:\/\/cosmeticstoredz.com\/ar\/product\/zorah-lotion-eclaircissante-intime\/\" \/>\n<meta property=\"og:locale\" content=\"ar_AR\" \/>\n<meta property=\"og:type\" content=\"article\" \/>\n<meta property=\"og:title\" content=\"ZORAH LOTION ECLAIRCISSANTE INTIME ROSE - Cosmetic Store\" \/>\n<meta property=\"og:description\" content=\"Pour un r\u00e9sultat optimal, la lotion cr\u00e8me \u00c9claircissante ZORAH contient plus de 48% d&#039;actifs naturels pour un \u00e9claircissement cibl\u00e9 de la peau.\" \/>\n<meta property=\"og:url\" content=\"https:\/\/cosmeticstoredz.com\/ar\/product\/zorah-lotion-eclaircissante-intime\/\" \/>\n<meta property=\"og:site_name\" content=\"Cosmetic Store\" \/>\n<meta property=\"article:publisher\" content=\"https:\/\/www.facebook.com\/profile.php?id=61564954260683\" \/>\n<meta property=\"article:modified_time\" content=\"2026-04-18T19:25:25+00:00\" \/>\n<meta name=\"twitter:card\" content=\"summary_large_image\" \/>\n<meta name=\"twitter:label1\" content=\"\u0648\u0642\u062a \u0627\u0644\u0642\u0631\u0627\u0621\u0629 \u0627\u0644\u0645\u064f\u0642\u062f\u0651\u0631\" \/>\n\t<meta name=\"twitter:data1\" content=\"\u062f\u0642\u064a\u0642\u0629 \u0648\u0627\u062d\u062f\u0629\" \/>\n<script type=\"application\/ld+json\" class=\"yoast-schema-graph\">{\"@context\":\"https:\\\/\\\/schema.org\",\"@graph\":[{\"@type\":\"WebPage\",\"@id\":\"https:\\\/\\\/cosmeticstoredz.com\\\/produit\\\/zorah-lotion-eclaircissante-intime\\\/\",\"url\":\"https:\\\/\\\/cosmeticstoredz.com\\\/produit\\\/zorah-lotion-eclaircissante-intime\\\/\",\"name\":\"ZORAH LOTION ECLAIRCISSANTE INTIME ROSE - Cosmetic Store\",\"isPartOf\":{\"@id\":\"https:\\\/\\\/cosmeticstoredz.com\\\/#website\"},\"datePublished\":\"2025-06-04T20:01:35+00:00\",\"dateModified\":\"2026-04-18T19:25:25+00:00\",\"breadcrumb\":{\"@id\":\"https:\\\/\\\/cosmeticstoredz.com\\\/produit\\\/zorah-lotion-eclaircissante-intime\\\/#breadcrumb\"},\"inLanguage\":\"ar\",\"potentialAction\":[{\"@type\":\"ReadAction\",\"target\":[\"https:\\\/\\\/cosmeticstoredz.com\\\/produit\\\/zorah-lotion-eclaircissante-intime\\\/\"]}]},{\"@type\":\"BreadcrumbList\",\"@id\":\"https:\\\/\\\/cosmeticstoredz.com\\\/produit\\\/zorah-lotion-eclaircissante-intime\\\/#breadcrumb\",\"itemListElement\":[{\"@type\":\"ListItem\",\"position\":1,\"name\":\"Accueil\",\"item\":\"https:\\\/\\\/cosmeticstoredz.com\\\/\"},{\"@type\":\"ListItem\",\"position\":2,\"name\":\"Boutique\",\"item\":\"https:\\\/\\\/cosmeticstoredz.com\\\/boutique\\\/\"},{\"@type\":\"ListItem\",\"position\":3,\"name\":\"ZORAH LOTION ECLAIRCISSANTE INTIME ROSE\"}]},{\"@type\":\"WebSite\",\"@id\":\"https:\\\/\\\/cosmeticstoredz.com\\\/#website\",\"url\":\"https:\\\/\\\/cosmeticstoredz.com\\\/\",\"name\":\"Cosmetic Store\",\"description\":\"\",\"publisher\":{\"@id\":\"https:\\\/\\\/cosmeticstoredz.com\\\/#organization\"},\"potentialAction\":[{\"@type\":\"SearchAction\",\"target\":{\"@type\":\"EntryPoint\",\"urlTemplate\":\"https:\\\/\\\/cosmeticstoredz.com\\\/?s={search_term_string}\"},\"query-input\":{\"@type\":\"PropertyValueSpecification\",\"valueRequired\":true,\"valueName\":\"search_term_string\"}}],\"inLanguage\":\"ar\"},{\"@type\":\"Organization\",\"@id\":\"https:\\\/\\\/cosmeticstoredz.com\\\/#organization\",\"name\":\"Cosmetic Store\",\"url\":\"https:\\\/\\\/cosmeticstoredz.com\\\/\",\"logo\":{\"@type\":\"ImageObject\",\"inLanguage\":\"ar\",\"@id\":\"https:\\\/\\\/cosmeticstoredz.com\\\/#\\\/schema\\\/logo\\\/image\\\/\",\"url\":\"https:\\\/\\\/cosmeticstoredz.com\\\/wp-content\\\/uploads\\\/2026\\\/02\\\/cropped-LOGO_CS-512x512-1-1-e1771275285345.webp\",\"contentUrl\":\"https:\\\/\\\/cosmeticstoredz.com\\\/wp-content\\\/uploads\\\/2026\\\/02\\\/cropped-LOGO_CS-512x512-1-1-e1771275285345.webp\",\"width\":265,\"height\":319,\"caption\":\"Cosmetic Store\"},\"image\":{\"@id\":\"https:\\\/\\\/cosmeticstoredz.com\\\/#\\\/schema\\\/logo\\\/image\\\/\"},\"sameAs\":[\"https:\\\/\\\/www.facebook.com\\\/profile.php?id=61564954260683\",\"https:\\\/\\\/www.instagram.com\\\/cosmetic.storedz\\\/\"]}]}<\/script>\n<!-- \/ Yoast SEO plugin. -->","yoast_head_json":{"title":"ZORAH LOTION ECLAIRCISSANTE INTIME ROSE - Cosmetic Store","robots":{"index":"index","follow":"follow","max-snippet":"max-snippet:-1","max-image-preview":"max-image-preview:large","max-video-preview":"max-video-preview:-1"},"canonical":"https:\/\/cosmeticstoredz.com\/ar\/product\/zorah-lotion-eclaircissante-intime\/","og_locale":"ar_AR","og_type":"article","og_title":"ZORAH LOTION ECLAIRCISSANTE INTIME ROSE - Cosmetic Store","og_description":"Pour un r\u00e9sultat optimal, la lotion cr\u00e8me \u00c9claircissante ZORAH contient plus de 48% d'actifs naturels pour un \u00e9claircissement cibl\u00e9 de la peau.","og_url":"https:\/\/cosmeticstoredz.com\/ar\/product\/zorah-lotion-eclaircissante-intime\/","og_site_name":"Cosmetic Store","article_publisher":"https:\/\/www.facebook.com\/profile.php?id=61564954260683","article_modified_time":"2026-04-18T19:25:25+00:00","twitter_card":"summary_large_image","twitter_misc":{"\u0648\u0642\u062a \u0627\u0644\u0642\u0631\u0627\u0621\u0629 \u0627\u0644\u0645\u064f\u0642\u062f\u0651\u0631":"\u062f\u0642\u064a\u0642\u0629 \u0648\u0627\u062d\u062f\u0629"},"schema":{"@context":"https:\/\/schema.org","@graph":[{"@type":"WebPage","@id":"https:\/\/cosmeticstoredz.com\/produit\/zorah-lotion-eclaircissante-intime\/","url":"https:\/\/cosmeticstoredz.com\/produit\/zorah-lotion-eclaircissante-intime\/","name":"ZORAH LOTION ECLAIRCISSANTE INTIME ROSE - Cosmetic Store","isPartOf":{"@id":"https:\/\/cosmeticstoredz.com\/#website"},"datePublished":"2025-06-04T20:01:35+00:00","dateModified":"2026-04-18T19:25:25+00:00","breadcrumb":{"@id":"https:\/\/cosmeticstoredz.com\/produit\/zorah-lotion-eclaircissante-intime\/#breadcrumb"},"inLanguage":"ar","potentialAction":[{"@type":"ReadAction","target":["https:\/\/cosmeticstoredz.com\/produit\/zorah-lotion-eclaircissante-intime\/"]}]},{"@type":"BreadcrumbList","@id":"https:\/\/cosmeticstoredz.com\/produit\/zorah-lotion-eclaircissante-intime\/#breadcrumb","itemListElement":[{"@type":"ListItem","position":1,"name":"Accueil","item":"https:\/\/cosmeticstoredz.com\/"},{"@type":"ListItem","position":2,"name":"Boutique","item":"https:\/\/cosmeticstoredz.com\/boutique\/"},{"@type":"ListItem","position":3,"name":"ZORAH LOTION ECLAIRCISSANTE INTIME ROSE"}]},{"@type":"WebSite","@id":"https:\/\/cosmeticstoredz.com\/#website","url":"https:\/\/cosmeticstoredz.com\/","name":"Cosmetic Store","description":"","publisher":{"@id":"https:\/\/cosmeticstoredz.com\/#organization"},"potentialAction":[{"@type":"SearchAction","target":{"@type":"EntryPoint","urlTemplate":"https:\/\/cosmeticstoredz.com\/?s={search_term_string}"},"query-input":{"@type":"PropertyValueSpecification","valueRequired":true,"valueName":"search_term_string"}}],"inLanguage":"ar"},{"@type":"Organization","@id":"https:\/\/cosmeticstoredz.com\/#organization","name":"Cosmetic Store","url":"https:\/\/cosmeticstoredz.com\/","logo":{"@type":"ImageObject","inLanguage":"ar","@id":"https:\/\/cosmeticstoredz.com\/#\/schema\/logo\/image\/","url":"https:\/\/cosmeticstoredz.com\/wp-content\/uploads\/2026\/02\/cropped-LOGO_CS-512x512-1-1-e1771275285345.webp","contentUrl":"https:\/\/cosmeticstoredz.com\/wp-content\/uploads\/2026\/02\/cropped-LOGO_CS-512x512-1-1-e1771275285345.webp","width":265,"height":319,"caption":"Cosmetic Store"},"image":{"@id":"https:\/\/cosmeticstoredz.com\/#\/schema\/logo\/image\/"},"sameAs":["https:\/\/www.facebook.com\/profile.php?id=61564954260683","https:\/\/www.instagram.com\/cosmetic.storedz\/"]}]}},"_links":{"self":[{"href":"https:\/\/cosmeticstoredz.com\/ar\/wp-json\/wp\/v2\/product\/7643","targetHints":{"allow":["GET"]}}],"collection":[{"href":"https:\/\/cosmeticstoredz.com\/ar\/wp-json\/wp\/v2\/product"}],"about":[{"href":"https:\/\/cosmeticstoredz.com\/ar\/wp-json\/wp\/v2\/types\/product"}],"replies":[{"embeddable":true,"href":"https:\/\/cosmeticstoredz.com\/ar\/wp-json\/wp\/v2\/comments?post=7643"}],"version-history":[{"count":1,"href":"https:\/\/cosmeticstoredz.com\/ar\/wp-json\/wp\/v2\/product\/7643\/revisions"}],"predecessor-version":[{"id":21993,"href":"https:\/\/cosmeticstoredz.com\/ar\/wp-json\/wp\/v2\/product\/7643\/revisions\/21993"}],"wp:attachment":[{"href":"https:\/\/cosmeticstoredz.com\/ar\/wp-json\/wp\/v2\/media?parent=7643"}],"wp:term":[{"taxonomy":"product_brand","embeddable":true,"href":"https:\/\/cosmeticstoredz.com\/ar\/wp-json\/wp\/v2\/product_brand?post=7643"},{"taxonomy":"product_cat","embeddable":true,"href":"https:\/\/cosmeticstoredz.com\/ar\/wp-json\/wp\/v2\/product_cat?post=7643"},{"taxonomy":"product_tag","embeddable":true,"href":"https:\/\/cosmeticstoredz.com\/ar\/wp-json\/wp\/v2\/product_tag?post=7643"}],"curies":[{"name":"wp","href":"https:\/\/api.w.org\/{rel}","templated":true}]}}