{"id":7640,"date":"2025-06-04T20:01:34","date_gmt":"2025-06-04T20:01:34","guid":{"rendered":"https:\/\/test.fitnessworldgym27.com\/?post_type=product&#038;p=7640"},"modified":"2026-04-18T19:21:09","modified_gmt":"2026-04-18T19:21:09","slug":"zorah-eau-de-rose","status":"publish","type":"product","link":"https:\/\/cosmeticstoredz.com\/ar\/product\/zorah-eau-de-rose\/","title":{"rendered":"ZORAH EAU DE ROSE"},"content":{"rendered":"<ul>\n<li data-start=\"421\" data-end=\"468\">\ud83d\udca7 <strong data-start=\"429\" data-end=\"466\">Tonique naturel et rafra\u00eechissant : <\/strong><strong style=\"font-size: 16px;\" data-start=\"469\" data-end=\"490\">ZORAH Eau de Rose<\/strong><span style=\"font-size: 16px;\"> est une eau florale 100% pure et naturelle, id\u00e9ale pour purifier et revitaliser la peau au quotidien. Utilis\u00e9e comme tonique ou brume, elle \u00e9limine les impuret\u00e9s et pr\u00e9pare la peau \u00e0 recevoir ses soins.<\/span><\/li>\n<li data-start=\"695\" data-end=\"734\">\ud83c\udf3f <strong data-start=\"703\" data-end=\"732\">Apaise et hydrate la peau : <\/strong>Gr\u00e2ce \u00e0 ses propri\u00e9t\u00e9s apaisantes, elle calme les rougeurs et les irritations, m\u00eame sur les peaux sensibles. Elle hydrate en douceur et laisse une sensation de fra\u00eecheur imm\u00e9diate.<\/li>\n<li data-start=\"917\" data-end=\"964\">\ud83c\udf3a <strong data-start=\"925\" data-end=\"962\">\u00c9clat du teint et pores resserr\u00e9s : <\/strong>Utilis\u00e9e r\u00e9guli\u00e8rement, <strong style=\"font-size: 16px;\" data-start=\"989\" data-end=\"1010\">ZORAH Eau de Rose<\/strong><span style=\"font-size: 16px;\"> illumine le teint et aide \u00e0 resserrer les pores pour une peau plus lisse et uniforme. Parfaite avant le maquillage ou pour fixer celui-ci.<\/span><\/li>\n<li data-start=\"1151\" data-end=\"1190\">\ud83e\uddf4 <strong data-start=\"1159\" data-end=\"1188\">Multi-usages au quotidien : <\/strong>Elle peut \u00eatre utilis\u00e9e sur le visage, le cou, les cheveux ou m\u00eame dans les soins maison (masques, m\u00e9langes d\u2019huiles, etc.). Son parfum naturel \u00e0 la rose procure un moment de bien-\u00eatre \u00e0 chaque vaporisation.<\/li>\n<\/ul>","protected":false},"excerpt":{"rendered":"<p>L\u2019eau de rose zorah douce nature apaise et procure une sensation de fra\u00eecheur sur la peau, elle r\u00e9veille ainsi l\u2019\u00e9clat du teint.<\/p>\n<ul>\n<li>Elle hydrate la peau.<\/li>\n<li>Resserre les pores.<\/li>\n<li>R\u00e9gule l\u2019exc\u00e9s de s\u00e9bum.<\/li>\n<li>Erite l\u2019application de bouton.<\/li>\n<\/ul>","protected":false},"featured_media":0,"comment_status":"closed","ping_status":"closed","template":"","meta":[],"product_brand":[],"product_cat":[136,75,76,367],"product_tag":[90],"class_list":{"0":"post-7640","1":"product","2":"type-product","3":"status-publish","5":"product_cat-demaquillant","6":"product_cat-femme","7":"product_cat-soin-visage-f","8":"product_cat-zorah","9":"product_tag-made-in-algeria","11":"first","12":"outofstock","13":"shipping-taxable","14":"purchasable","15":"product-type-simple"},"yoast_head":"<!-- This site is optimized with the Yoast SEO plugin v27.3 - https:\/\/yoast.com\/product\/yoast-seo-wordpress\/ -->\n<title>ZORAH EAU DE ROSE - Cosmetic Store<\/title>\n<meta name=\"robots\" content=\"index, follow, max-snippet:-1, max-image-preview:large, max-video-preview:-1\" \/>\n<link rel=\"canonical\" href=\"https:\/\/cosmeticstoredz.com\/ar\/product\/zorah-eau-de-rose\/\" \/>\n<meta property=\"og:locale\" content=\"ar_AR\" \/>\n<meta property=\"og:type\" content=\"article\" \/>\n<meta property=\"og:title\" content=\"ZORAH EAU DE ROSE - Cosmetic Store\" \/>\n<meta property=\"og:description\" content=\"L\u2019eau de rose zorah douce nature apaise et procure une sensation de fra\u00eecheur sur la peau, elle r\u00e9veille ainsi l\u2019\u00e9clat du teint.   Elle hydrate la peau.  Resserre les pores.  R\u00e9gule l\u2019exc\u00e9s de s\u00e9bum.  Erite l\u2019application de bouton.\" \/>\n<meta property=\"og:url\" content=\"https:\/\/cosmeticstoredz.com\/ar\/product\/zorah-eau-de-rose\/\" \/>\n<meta property=\"og:site_name\" content=\"Cosmetic Store\" \/>\n<meta property=\"article:publisher\" content=\"https:\/\/www.facebook.com\/profile.php?id=61564954260683\" \/>\n<meta property=\"article:modified_time\" content=\"2026-04-18T19:21:09+00:00\" \/>\n<meta name=\"twitter:card\" content=\"summary_large_image\" \/>\n<meta name=\"twitter:label1\" content=\"\u0648\u0642\u062a \u0627\u0644\u0642\u0631\u0627\u0621\u0629 \u0627\u0644\u0645\u064f\u0642\u062f\u0651\u0631\" \/>\n\t<meta name=\"twitter:data1\" content=\"\u062f\u0642\u064a\u0642\u0629 \u0648\u0627\u062d\u062f\u0629\" \/>\n<script type=\"application\/ld+json\" class=\"yoast-schema-graph\">{\"@context\":\"https:\\\/\\\/schema.org\",\"@graph\":[{\"@type\":\"WebPage\",\"@id\":\"https:\\\/\\\/cosmeticstoredz.com\\\/produit\\\/zorah-eau-de-rose\\\/\",\"url\":\"https:\\\/\\\/cosmeticstoredz.com\\\/produit\\\/zorah-eau-de-rose\\\/\",\"name\":\"ZORAH EAU DE ROSE - Cosmetic Store\",\"isPartOf\":{\"@id\":\"https:\\\/\\\/cosmeticstoredz.com\\\/#website\"},\"datePublished\":\"2025-06-04T20:01:34+00:00\",\"dateModified\":\"2026-04-18T19:21:09+00:00\",\"breadcrumb\":{\"@id\":\"https:\\\/\\\/cosmeticstoredz.com\\\/produit\\\/zorah-eau-de-rose\\\/#breadcrumb\"},\"inLanguage\":\"ar\",\"potentialAction\":[{\"@type\":\"ReadAction\",\"target\":[\"https:\\\/\\\/cosmeticstoredz.com\\\/produit\\\/zorah-eau-de-rose\\\/\"]}]},{\"@type\":\"BreadcrumbList\",\"@id\":\"https:\\\/\\\/cosmeticstoredz.com\\\/produit\\\/zorah-eau-de-rose\\\/#breadcrumb\",\"itemListElement\":[{\"@type\":\"ListItem\",\"position\":1,\"name\":\"Accueil\",\"item\":\"https:\\\/\\\/cosmeticstoredz.com\\\/\"},{\"@type\":\"ListItem\",\"position\":2,\"name\":\"Boutique\",\"item\":\"https:\\\/\\\/cosmeticstoredz.com\\\/boutique\\\/\"},{\"@type\":\"ListItem\",\"position\":3,\"name\":\"ZORAH EAU DE ROSE\"}]},{\"@type\":\"WebSite\",\"@id\":\"https:\\\/\\\/cosmeticstoredz.com\\\/#website\",\"url\":\"https:\\\/\\\/cosmeticstoredz.com\\\/\",\"name\":\"Cosmetic Store\",\"description\":\"\",\"publisher\":{\"@id\":\"https:\\\/\\\/cosmeticstoredz.com\\\/#organization\"},\"potentialAction\":[{\"@type\":\"SearchAction\",\"target\":{\"@type\":\"EntryPoint\",\"urlTemplate\":\"https:\\\/\\\/cosmeticstoredz.com\\\/?s={search_term_string}\"},\"query-input\":{\"@type\":\"PropertyValueSpecification\",\"valueRequired\":true,\"valueName\":\"search_term_string\"}}],\"inLanguage\":\"ar\"},{\"@type\":\"Organization\",\"@id\":\"https:\\\/\\\/cosmeticstoredz.com\\\/#organization\",\"name\":\"Cosmetic Store\",\"url\":\"https:\\\/\\\/cosmeticstoredz.com\\\/\",\"logo\":{\"@type\":\"ImageObject\",\"inLanguage\":\"ar\",\"@id\":\"https:\\\/\\\/cosmeticstoredz.com\\\/#\\\/schema\\\/logo\\\/image\\\/\",\"url\":\"https:\\\/\\\/cosmeticstoredz.com\\\/wp-content\\\/uploads\\\/2026\\\/02\\\/cropped-LOGO_CS-512x512-1-1-e1771275285345.webp\",\"contentUrl\":\"https:\\\/\\\/cosmeticstoredz.com\\\/wp-content\\\/uploads\\\/2026\\\/02\\\/cropped-LOGO_CS-512x512-1-1-e1771275285345.webp\",\"width\":265,\"height\":319,\"caption\":\"Cosmetic Store\"},\"image\":{\"@id\":\"https:\\\/\\\/cosmeticstoredz.com\\\/#\\\/schema\\\/logo\\\/image\\\/\"},\"sameAs\":[\"https:\\\/\\\/www.facebook.com\\\/profile.php?id=61564954260683\",\"https:\\\/\\\/www.instagram.com\\\/cosmetic.storedz\\\/\"]}]}<\/script>\n<!-- \/ Yoast SEO plugin. -->","yoast_head_json":{"title":"ZORAH EAU DE ROSE - Cosmetic Store","robots":{"index":"index","follow":"follow","max-snippet":"max-snippet:-1","max-image-preview":"max-image-preview:large","max-video-preview":"max-video-preview:-1"},"canonical":"https:\/\/cosmeticstoredz.com\/ar\/product\/zorah-eau-de-rose\/","og_locale":"ar_AR","og_type":"article","og_title":"ZORAH EAU DE ROSE - Cosmetic Store","og_description":"L\u2019eau de rose zorah douce nature apaise et procure une sensation de fra\u00eecheur sur la peau, elle r\u00e9veille ainsi l\u2019\u00e9clat du teint.   Elle hydrate la peau.  Resserre les pores.  R\u00e9gule l\u2019exc\u00e9s de s\u00e9bum.  Erite l\u2019application de bouton.","og_url":"https:\/\/cosmeticstoredz.com\/ar\/product\/zorah-eau-de-rose\/","og_site_name":"Cosmetic Store","article_publisher":"https:\/\/www.facebook.com\/profile.php?id=61564954260683","article_modified_time":"2026-04-18T19:21:09+00:00","twitter_card":"summary_large_image","twitter_misc":{"\u0648\u0642\u062a \u0627\u0644\u0642\u0631\u0627\u0621\u0629 \u0627\u0644\u0645\u064f\u0642\u062f\u0651\u0631":"\u062f\u0642\u064a\u0642\u0629 \u0648\u0627\u062d\u062f\u0629"},"schema":{"@context":"https:\/\/schema.org","@graph":[{"@type":"WebPage","@id":"https:\/\/cosmeticstoredz.com\/produit\/zorah-eau-de-rose\/","url":"https:\/\/cosmeticstoredz.com\/produit\/zorah-eau-de-rose\/","name":"ZORAH EAU DE ROSE - Cosmetic Store","isPartOf":{"@id":"https:\/\/cosmeticstoredz.com\/#website"},"datePublished":"2025-06-04T20:01:34+00:00","dateModified":"2026-04-18T19:21:09+00:00","breadcrumb":{"@id":"https:\/\/cosmeticstoredz.com\/produit\/zorah-eau-de-rose\/#breadcrumb"},"inLanguage":"ar","potentialAction":[{"@type":"ReadAction","target":["https:\/\/cosmeticstoredz.com\/produit\/zorah-eau-de-rose\/"]}]},{"@type":"BreadcrumbList","@id":"https:\/\/cosmeticstoredz.com\/produit\/zorah-eau-de-rose\/#breadcrumb","itemListElement":[{"@type":"ListItem","position":1,"name":"Accueil","item":"https:\/\/cosmeticstoredz.com\/"},{"@type":"ListItem","position":2,"name":"Boutique","item":"https:\/\/cosmeticstoredz.com\/boutique\/"},{"@type":"ListItem","position":3,"name":"ZORAH EAU DE ROSE"}]},{"@type":"WebSite","@id":"https:\/\/cosmeticstoredz.com\/#website","url":"https:\/\/cosmeticstoredz.com\/","name":"Cosmetic Store","description":"","publisher":{"@id":"https:\/\/cosmeticstoredz.com\/#organization"},"potentialAction":[{"@type":"SearchAction","target":{"@type":"EntryPoint","urlTemplate":"https:\/\/cosmeticstoredz.com\/?s={search_term_string}"},"query-input":{"@type":"PropertyValueSpecification","valueRequired":true,"valueName":"search_term_string"}}],"inLanguage":"ar"},{"@type":"Organization","@id":"https:\/\/cosmeticstoredz.com\/#organization","name":"Cosmetic Store","url":"https:\/\/cosmeticstoredz.com\/","logo":{"@type":"ImageObject","inLanguage":"ar","@id":"https:\/\/cosmeticstoredz.com\/#\/schema\/logo\/image\/","url":"https:\/\/cosmeticstoredz.com\/wp-content\/uploads\/2026\/02\/cropped-LOGO_CS-512x512-1-1-e1771275285345.webp","contentUrl":"https:\/\/cosmeticstoredz.com\/wp-content\/uploads\/2026\/02\/cropped-LOGO_CS-512x512-1-1-e1771275285345.webp","width":265,"height":319,"caption":"Cosmetic Store"},"image":{"@id":"https:\/\/cosmeticstoredz.com\/#\/schema\/logo\/image\/"},"sameAs":["https:\/\/www.facebook.com\/profile.php?id=61564954260683","https:\/\/www.instagram.com\/cosmetic.storedz\/"]}]}},"_links":{"self":[{"href":"https:\/\/cosmeticstoredz.com\/ar\/wp-json\/wp\/v2\/product\/7640","targetHints":{"allow":["GET"]}}],"collection":[{"href":"https:\/\/cosmeticstoredz.com\/ar\/wp-json\/wp\/v2\/product"}],"about":[{"href":"https:\/\/cosmeticstoredz.com\/ar\/wp-json\/wp\/v2\/types\/product"}],"replies":[{"embeddable":true,"href":"https:\/\/cosmeticstoredz.com\/ar\/wp-json\/wp\/v2\/comments?post=7640"}],"version-history":[{"count":1,"href":"https:\/\/cosmeticstoredz.com\/ar\/wp-json\/wp\/v2\/product\/7640\/revisions"}],"predecessor-version":[{"id":21988,"href":"https:\/\/cosmeticstoredz.com\/ar\/wp-json\/wp\/v2\/product\/7640\/revisions\/21988"}],"wp:attachment":[{"href":"https:\/\/cosmeticstoredz.com\/ar\/wp-json\/wp\/v2\/media?parent=7640"}],"wp:term":[{"taxonomy":"product_brand","embeddable":true,"href":"https:\/\/cosmeticstoredz.com\/ar\/wp-json\/wp\/v2\/product_brand?post=7640"},{"taxonomy":"product_cat","embeddable":true,"href":"https:\/\/cosmeticstoredz.com\/ar\/wp-json\/wp\/v2\/product_cat?post=7640"},{"taxonomy":"product_tag","embeddable":true,"href":"https:\/\/cosmeticstoredz.com\/ar\/wp-json\/wp\/v2\/product_tag?post=7640"}],"curies":[{"name":"wp","href":"https:\/\/api.w.org\/{rel}","templated":true}]}}