{"id":7618,"date":"2025-06-04T20:01:12","date_gmt":"2025-06-04T20:01:12","guid":{"rendered":"https:\/\/test.fitnessworldgym27.com\/?post_type=product&#038;p=7618"},"modified":"2026-04-18T19:25:18","modified_gmt":"2026-04-18T19:25:18","slug":"viola-shp-400ml-brillance-couleur","status":"publish","type":"product","link":"https:\/\/cosmeticstoredz.com\/ar\/product\/viola-shp-400ml-brillance-couleur\/","title":{"rendered":"VIOLA SHP 350ML  BRILLANCE COULEUR"},"content":{"rendered":"<p><strong>VIOLA\u00a0<\/strong><strong>BRILLANCE COULEUR<\/strong><\/p>\n<p>SHAMPOOING PROTECTEUR<\/p>\n<p>ULTRA \u2013 RICHE<\/p>\n<p>12 SEMAINES DE PROTECTION DE LA COULEUR<\/p>\n<p><strong>Filtre UVA\/UVB<\/strong><\/p>\n<p>REVELATEUR D\u2019ECLAT \/ SOIN &amp; VITALITE<\/p>\n<p><strong>CHEVEUX COLORES, MECHES<\/strong><\/p>\n<p>Le shampooing protecteur\u00a0<strong>VIOLA<\/strong>\u00a0vous donne un programme professionnel de soins sur-mesure\u00a0<strong>BRILLANCE COULEUR<\/strong>\u00a0qui garantit une conservation durable de l\u2019\u00e9clat de votre couleur. Sa nouvelle formule associe un r\u00e9v\u00e9lateur d\u2019\u00e9clat qui restaure la fibre capillaire pour une mati\u00e8re lisse et brillante et deux\u00a0<strong>FILTRE UVA\/UVB<\/strong>\u00a0qui assurent une protection optimale \u00e0 vos cheveux contre des agressions ext\u00e9rieures pour pr\u00e9server la beaut\u00e9 de votre couleur.<\/p>\n<p>Le chemin vers de beaux cheveux commence maintenant.<\/p>\n<p><strong>ETAPE 1.<\/strong>\u00a0Le shampooing protecteur\u00a0<strong>VIOLA<\/strong>\u00a0donne un \u00e9clat et une vitalit\u00e9 \u00e0 vos cheveux. Pour un soin complet, utilisez ce shampooing en compl\u00e9ment avec les autres produits\u00a0<strong>UNIBELLE<\/strong>.<\/p>\n<p><strong>RESULTATS PROUVE<\/strong><\/p>\n<p>Jour apr\u00e8s jour, vos cheveux color\u00e9s sont prot\u00e9g\u00e9s, \u00e9clatants de sant\u00e9 et une protection de couleur en plus jusqu\u2019\u00e0 80%.<\/p>\n<p><strong>INSTRUCTIONS<\/strong><\/p>\n<p>Appliquer sur cheveux mouill\u00e9s, masser puis rincer bien. A utiliser r\u00e9guli\u00e8rement. En cas de projection dans les yeux, les rincer imm\u00e9diatement.<\/p>\n<p><strong>INGREDIENTS<\/strong><\/p>\n<p>Aqua\/Water, Sodium Laureth Sulfate, Cocamidopropyl Betaine, Glycol Distearate, Cocamide DEA, Sodium Chloride, Guar Hydroxypropyltrimonium Chloride, Citric Acid, Sodium Benzoate, Benzoph\u00e9none 1%, Chloro Methyl Isothiazolin One and Methyl sothiazolin One, Parfum\/Fragrance.<\/p>","protected":false},"excerpt":{"rendered":"<p>SHAMPOOING PROTECTEUR<\/p>\n<p>ULTRA \u2013 RICHE<\/p>\n<p>12 SEMAINES DE PROTECTION DE LA COULEUR<\/p>","protected":false},"featured_media":21971,"comment_status":"open","ping_status":"closed","template":"","meta":[],"product_brand":[],"product_cat":[75,111,95,325],"product_tag":[90],"class_list":{"0":"post-7618","1":"product","2":"type-product","3":"status-publish","4":"has-post-thumbnail","6":"product_cat-femme","7":"product_cat-shampoing-f","8":"product_cat-soin-cheveux-f","9":"product_cat-viola","10":"product_tag-made-in-algeria","12":"first","13":"instock","14":"shipping-taxable","15":"purchasable","16":"product-type-simple"},"yoast_head":"<!-- This site is optimized with the Yoast SEO plugin v27.3 - https:\/\/yoast.com\/product\/yoast-seo-wordpress\/ -->\n<title>VIOLA SHP 350ML BRILLANCE COULEUR - Cosmetic Store<\/title>\n<meta name=\"robots\" content=\"index, follow, max-snippet:-1, max-image-preview:large, max-video-preview:-1\" \/>\n<link rel=\"canonical\" href=\"https:\/\/cosmeticstoredz.com\/ar\/product\/viola-shp-400ml-brillance-couleur\/\" \/>\n<meta property=\"og:locale\" content=\"ar_AR\" \/>\n<meta property=\"og:type\" content=\"article\" \/>\n<meta property=\"og:title\" content=\"VIOLA SHP 350ML BRILLANCE COULEUR - Cosmetic Store\" \/>\n<meta property=\"og:description\" content=\"SHAMPOOING PROTECTEUR  ULTRA \u2013 RICHE  12 SEMAINES DE PROTECTION DE LA COULEUR\" \/>\n<meta property=\"og:url\" content=\"https:\/\/cosmeticstoredz.com\/ar\/product\/viola-shp-400ml-brillance-couleur\/\" \/>\n<meta property=\"og:site_name\" content=\"Cosmetic Store\" \/>\n<meta property=\"article:publisher\" content=\"https:\/\/www.facebook.com\/profile.php?id=61564954260683\" \/>\n<meta property=\"article:modified_time\" content=\"2026-04-18T19:25:18+00:00\" \/>\n<meta property=\"og:image\" content=\"https:\/\/cosmeticstoredz.com\/wp-content\/uploads\/2026\/02\/Ajouter-un-titre-2024-08-19T130727.316.png\" \/>\n\t<meta property=\"og:image:width\" content=\"500\" \/>\n\t<meta property=\"og:image:height\" content=\"500\" \/>\n\t<meta property=\"og:image:type\" content=\"image\/png\" \/>\n<meta name=\"twitter:card\" content=\"summary_large_image\" \/>\n<meta name=\"twitter:label1\" content=\"\u0648\u0642\u062a \u0627\u0644\u0642\u0631\u0627\u0621\u0629 \u0627\u0644\u0645\u064f\u0642\u062f\u0651\u0631\" \/>\n\t<meta name=\"twitter:data1\" content=\"\u062f\u0642\u064a\u0642\u0629 \u0648\u0627\u062d\u062f\u0629\" \/>\n<script type=\"application\/ld+json\" class=\"yoast-schema-graph\">{\"@context\":\"https:\\\/\\\/schema.org\",\"@graph\":[{\"@type\":\"WebPage\",\"@id\":\"https:\\\/\\\/cosmeticstoredz.com\\\/produit\\\/viola-shp-400ml-brillance-couleur\\\/\",\"url\":\"https:\\\/\\\/cosmeticstoredz.com\\\/produit\\\/viola-shp-400ml-brillance-couleur\\\/\",\"name\":\"VIOLA SHP 350ML BRILLANCE COULEUR - Cosmetic Store\",\"isPartOf\":{\"@id\":\"https:\\\/\\\/cosmeticstoredz.com\\\/#website\"},\"primaryImageOfPage\":{\"@id\":\"https:\\\/\\\/cosmeticstoredz.com\\\/produit\\\/viola-shp-400ml-brillance-couleur\\\/#primaryimage\"},\"image\":{\"@id\":\"https:\\\/\\\/cosmeticstoredz.com\\\/produit\\\/viola-shp-400ml-brillance-couleur\\\/#primaryimage\"},\"thumbnailUrl\":\"https:\\\/\\\/cosmeticstoredz.com\\\/wp-content\\\/uploads\\\/2026\\\/02\\\/Ajouter-un-titre-2024-08-19T130727.316.png\",\"datePublished\":\"2025-06-04T20:01:12+00:00\",\"dateModified\":\"2026-04-18T19:25:18+00:00\",\"breadcrumb\":{\"@id\":\"https:\\\/\\\/cosmeticstoredz.com\\\/produit\\\/viola-shp-400ml-brillance-couleur\\\/#breadcrumb\"},\"inLanguage\":\"ar\",\"potentialAction\":[{\"@type\":\"ReadAction\",\"target\":[\"https:\\\/\\\/cosmeticstoredz.com\\\/produit\\\/viola-shp-400ml-brillance-couleur\\\/\"]}]},{\"@type\":\"ImageObject\",\"inLanguage\":\"ar\",\"@id\":\"https:\\\/\\\/cosmeticstoredz.com\\\/produit\\\/viola-shp-400ml-brillance-couleur\\\/#primaryimage\",\"url\":\"https:\\\/\\\/cosmeticstoredz.com\\\/wp-content\\\/uploads\\\/2026\\\/02\\\/Ajouter-un-titre-2024-08-19T130727.316.png\",\"contentUrl\":\"https:\\\/\\\/cosmeticstoredz.com\\\/wp-content\\\/uploads\\\/2026\\\/02\\\/Ajouter-un-titre-2024-08-19T130727.316.png\",\"width\":500,\"height\":500},{\"@type\":\"BreadcrumbList\",\"@id\":\"https:\\\/\\\/cosmeticstoredz.com\\\/produit\\\/viola-shp-400ml-brillance-couleur\\\/#breadcrumb\",\"itemListElement\":[{\"@type\":\"ListItem\",\"position\":1,\"name\":\"Accueil\",\"item\":\"https:\\\/\\\/cosmeticstoredz.com\\\/\"},{\"@type\":\"ListItem\",\"position\":2,\"name\":\"Boutique\",\"item\":\"https:\\\/\\\/cosmeticstoredz.com\\\/boutique\\\/\"},{\"@type\":\"ListItem\",\"position\":3,\"name\":\"VIOLA SHP 350ML BRILLANCE COULEUR\"}]},{\"@type\":\"WebSite\",\"@id\":\"https:\\\/\\\/cosmeticstoredz.com\\\/#website\",\"url\":\"https:\\\/\\\/cosmeticstoredz.com\\\/\",\"name\":\"Cosmetic Store\",\"description\":\"\",\"publisher\":{\"@id\":\"https:\\\/\\\/cosmeticstoredz.com\\\/#organization\"},\"potentialAction\":[{\"@type\":\"SearchAction\",\"target\":{\"@type\":\"EntryPoint\",\"urlTemplate\":\"https:\\\/\\\/cosmeticstoredz.com\\\/?s={search_term_string}\"},\"query-input\":{\"@type\":\"PropertyValueSpecification\",\"valueRequired\":true,\"valueName\":\"search_term_string\"}}],\"inLanguage\":\"ar\"},{\"@type\":\"Organization\",\"@id\":\"https:\\\/\\\/cosmeticstoredz.com\\\/#organization\",\"name\":\"Cosmetic Store\",\"url\":\"https:\\\/\\\/cosmeticstoredz.com\\\/\",\"logo\":{\"@type\":\"ImageObject\",\"inLanguage\":\"ar\",\"@id\":\"https:\\\/\\\/cosmeticstoredz.com\\\/#\\\/schema\\\/logo\\\/image\\\/\",\"url\":\"https:\\\/\\\/cosmeticstoredz.com\\\/wp-content\\\/uploads\\\/2026\\\/02\\\/cropped-LOGO_CS-512x512-1-1-e1771275285345.webp\",\"contentUrl\":\"https:\\\/\\\/cosmeticstoredz.com\\\/wp-content\\\/uploads\\\/2026\\\/02\\\/cropped-LOGO_CS-512x512-1-1-e1771275285345.webp\",\"width\":265,\"height\":319,\"caption\":\"Cosmetic Store\"},\"image\":{\"@id\":\"https:\\\/\\\/cosmeticstoredz.com\\\/#\\\/schema\\\/logo\\\/image\\\/\"},\"sameAs\":[\"https:\\\/\\\/www.facebook.com\\\/profile.php?id=61564954260683\",\"https:\\\/\\\/www.instagram.com\\\/cosmetic.storedz\\\/\"]}]}<\/script>\n<!-- \/ Yoast SEO plugin. -->","yoast_head_json":{"title":"VIOLA SHP 350ML BRILLANCE COULEUR - Cosmetic Store","robots":{"index":"index","follow":"follow","max-snippet":"max-snippet:-1","max-image-preview":"max-image-preview:large","max-video-preview":"max-video-preview:-1"},"canonical":"https:\/\/cosmeticstoredz.com\/ar\/product\/viola-shp-400ml-brillance-couleur\/","og_locale":"ar_AR","og_type":"article","og_title":"VIOLA SHP 350ML BRILLANCE COULEUR - Cosmetic Store","og_description":"SHAMPOOING PROTECTEUR  ULTRA \u2013 RICHE  12 SEMAINES DE PROTECTION DE LA COULEUR","og_url":"https:\/\/cosmeticstoredz.com\/ar\/product\/viola-shp-400ml-brillance-couleur\/","og_site_name":"Cosmetic Store","article_publisher":"https:\/\/www.facebook.com\/profile.php?id=61564954260683","article_modified_time":"2026-04-18T19:25:18+00:00","og_image":[{"width":500,"height":500,"url":"https:\/\/cosmeticstoredz.com\/wp-content\/uploads\/2026\/02\/Ajouter-un-titre-2024-08-19T130727.316.png","type":"image\/png"}],"twitter_card":"summary_large_image","twitter_misc":{"\u0648\u0642\u062a \u0627\u0644\u0642\u0631\u0627\u0621\u0629 \u0627\u0644\u0645\u064f\u0642\u062f\u0651\u0631":"\u062f\u0642\u064a\u0642\u0629 \u0648\u0627\u062d\u062f\u0629"},"schema":{"@context":"https:\/\/schema.org","@graph":[{"@type":"WebPage","@id":"https:\/\/cosmeticstoredz.com\/produit\/viola-shp-400ml-brillance-couleur\/","url":"https:\/\/cosmeticstoredz.com\/produit\/viola-shp-400ml-brillance-couleur\/","name":"VIOLA SHP 350ML BRILLANCE COULEUR - Cosmetic Store","isPartOf":{"@id":"https:\/\/cosmeticstoredz.com\/#website"},"primaryImageOfPage":{"@id":"https:\/\/cosmeticstoredz.com\/produit\/viola-shp-400ml-brillance-couleur\/#primaryimage"},"image":{"@id":"https:\/\/cosmeticstoredz.com\/produit\/viola-shp-400ml-brillance-couleur\/#primaryimage"},"thumbnailUrl":"https:\/\/cosmeticstoredz.com\/wp-content\/uploads\/2026\/02\/Ajouter-un-titre-2024-08-19T130727.316.png","datePublished":"2025-06-04T20:01:12+00:00","dateModified":"2026-04-18T19:25:18+00:00","breadcrumb":{"@id":"https:\/\/cosmeticstoredz.com\/produit\/viola-shp-400ml-brillance-couleur\/#breadcrumb"},"inLanguage":"ar","potentialAction":[{"@type":"ReadAction","target":["https:\/\/cosmeticstoredz.com\/produit\/viola-shp-400ml-brillance-couleur\/"]}]},{"@type":"ImageObject","inLanguage":"ar","@id":"https:\/\/cosmeticstoredz.com\/produit\/viola-shp-400ml-brillance-couleur\/#primaryimage","url":"https:\/\/cosmeticstoredz.com\/wp-content\/uploads\/2026\/02\/Ajouter-un-titre-2024-08-19T130727.316.png","contentUrl":"https:\/\/cosmeticstoredz.com\/wp-content\/uploads\/2026\/02\/Ajouter-un-titre-2024-08-19T130727.316.png","width":500,"height":500},{"@type":"BreadcrumbList","@id":"https:\/\/cosmeticstoredz.com\/produit\/viola-shp-400ml-brillance-couleur\/#breadcrumb","itemListElement":[{"@type":"ListItem","position":1,"name":"Accueil","item":"https:\/\/cosmeticstoredz.com\/"},{"@type":"ListItem","position":2,"name":"Boutique","item":"https:\/\/cosmeticstoredz.com\/boutique\/"},{"@type":"ListItem","position":3,"name":"VIOLA SHP 350ML BRILLANCE COULEUR"}]},{"@type":"WebSite","@id":"https:\/\/cosmeticstoredz.com\/#website","url":"https:\/\/cosmeticstoredz.com\/","name":"Cosmetic Store","description":"","publisher":{"@id":"https:\/\/cosmeticstoredz.com\/#organization"},"potentialAction":[{"@type":"SearchAction","target":{"@type":"EntryPoint","urlTemplate":"https:\/\/cosmeticstoredz.com\/?s={search_term_string}"},"query-input":{"@type":"PropertyValueSpecification","valueRequired":true,"valueName":"search_term_string"}}],"inLanguage":"ar"},{"@type":"Organization","@id":"https:\/\/cosmeticstoredz.com\/#organization","name":"Cosmetic Store","url":"https:\/\/cosmeticstoredz.com\/","logo":{"@type":"ImageObject","inLanguage":"ar","@id":"https:\/\/cosmeticstoredz.com\/#\/schema\/logo\/image\/","url":"https:\/\/cosmeticstoredz.com\/wp-content\/uploads\/2026\/02\/cropped-LOGO_CS-512x512-1-1-e1771275285345.webp","contentUrl":"https:\/\/cosmeticstoredz.com\/wp-content\/uploads\/2026\/02\/cropped-LOGO_CS-512x512-1-1-e1771275285345.webp","width":265,"height":319,"caption":"Cosmetic Store"},"image":{"@id":"https:\/\/cosmeticstoredz.com\/#\/schema\/logo\/image\/"},"sameAs":["https:\/\/www.facebook.com\/profile.php?id=61564954260683","https:\/\/www.instagram.com\/cosmetic.storedz\/"]}]}},"_links":{"self":[{"href":"https:\/\/cosmeticstoredz.com\/ar\/wp-json\/wp\/v2\/product\/7618","targetHints":{"allow":["GET"]}}],"collection":[{"href":"https:\/\/cosmeticstoredz.com\/ar\/wp-json\/wp\/v2\/product"}],"about":[{"href":"https:\/\/cosmeticstoredz.com\/ar\/wp-json\/wp\/v2\/types\/product"}],"replies":[{"embeddable":true,"href":"https:\/\/cosmeticstoredz.com\/ar\/wp-json\/wp\/v2\/comments?post=7618"}],"version-history":[{"count":2,"href":"https:\/\/cosmeticstoredz.com\/ar\/wp-json\/wp\/v2\/product\/7618\/revisions"}],"predecessor-version":[{"id":26346,"href":"https:\/\/cosmeticstoredz.com\/ar\/wp-json\/wp\/v2\/product\/7618\/revisions\/26346"}],"wp:featuredmedia":[{"embeddable":true,"href":"https:\/\/cosmeticstoredz.com\/ar\/wp-json\/wp\/v2\/media\/21971"}],"wp:attachment":[{"href":"https:\/\/cosmeticstoredz.com\/ar\/wp-json\/wp\/v2\/media?parent=7618"}],"wp:term":[{"taxonomy":"product_brand","embeddable":true,"href":"https:\/\/cosmeticstoredz.com\/ar\/wp-json\/wp\/v2\/product_brand?post=7618"},{"taxonomy":"product_cat","embeddable":true,"href":"https:\/\/cosmeticstoredz.com\/ar\/wp-json\/wp\/v2\/product_cat?post=7618"},{"taxonomy":"product_tag","embeddable":true,"href":"https:\/\/cosmeticstoredz.com\/ar\/wp-json\/wp\/v2\/product_tag?post=7618"}],"curies":[{"name":"wp","href":"https:\/\/api.w.org\/{rel}","templated":true}]}}