{"id":7614,"date":"2025-06-04T20:01:12","date_gmt":"2025-06-04T20:01:12","guid":{"rendered":"https:\/\/test.fitnessworldgym27.com\/?post_type=product&#038;p=7614"},"modified":"2026-03-30T19:28:21","modified_gmt":"2026-03-30T19:28:21","slug":"viola-shp-175ml-chvx-fragiles-tendance-a-tomber","status":"publish","type":"product","link":"https:\/\/cosmeticstoredz.com\/ar\/product\/viola-shp-175ml-chvx-fragiles-tendance-a-tomber\/","title":{"rendered":"VIOLA SHP 175ML CHVX FRAGILES TENDANCE A TOMBER"},"content":{"rendered":"<p><strong>VIOLA MULTI-RESTAURATIVE<\/strong><\/p>\n<p>SHAMPOOING REPARATEUR<br \/>\nANTI-CHUTE<br \/>\nREDUIT LA CHUTE<br \/>\n<strong>ARGININE CERAMIDE<br \/>\n<\/strong>RESSOURCE &amp; NOURRIT<br \/>\n<strong>CHEVEUX FRAGILES, TENDANCE A TOMBER<br \/>\n<\/strong>Le nouveau shampooing r\u00e9parateur\u00a0<strong>VIOLA MULTI-RESTAURATIVE<\/strong>\u00a0\u00e0 l\u2019ARGININE + CERAMIDE Complexe Anti-Chute, d\u00e9velopp\u00e9 et test\u00e9 par des professionnels, r\u00e9pare les fibres capillaires et renforce intens\u00e9ment les cheveux. Sa formule nourrit les racines, renforce les longueurs, les cheveux poussent plus r\u00e9sistants. Elle vous permet de vous coiffer tous les jours comme vous le souhaitez sans vous soucier des probl\u00e8mes de chute de cheveux.<\/p>\n<p>Le chemin vers de beaux cheveux commence maintenant.<br \/>\n<strong>ETAPE 1.<\/strong>\u00a0Le shampooing r\u00e9parateur\u00a0<strong>VIOLA\u00a0<\/strong>donne une protection contre la chute de vos cheveux. Pour un soin complet, utilisez ce shampooing en compl\u00e9ment avec les autres produits\u00a0<strong>UNIBELLE<\/strong>.<\/p>\n<p><strong>RESULTATS PROUVE<br \/>\n<\/strong>P\u00e9n\u00e8tre en profondeur des cheveux, nourrit les racines, renforce les longueurs. Les cheveux poussent plus r\u00e9sistants, r\u00e9duit leurs chute jusqu\u2019\u00e0 99%.<\/p>\n<p><strong>INSTRUCTIONS:<\/strong><\/p>\n<p>Appliquer sur cheveux mouill\u00e9s, masser puis rincer bien. A utiliser r\u00e9guli\u00e8rement. En cas de projection dans les yeux, les rincer imm\u00e9diatement.<\/p>","protected":false},"excerpt":{"rendered":"<p><strong>CHEVEUX FRAGILES, TENDANCE A TOMBER<br \/>\n<\/strong>Le nouveau shampooing r\u00e9parateur\u00a0<strong>VIOLA MULTI-RESTAURATIVE<\/strong>\u00a0\u00e0 l\u2019ARGININE + CERAMIDE Complexe Anti-Chute, d\u00e9velopp\u00e9 et test\u00e9 par des professionnels, r\u00e9pare les fibres capillaires et renforce intens\u00e9ment les cheveux. Sa formule nourrit les racines, renforce les longueurs, les cheveux poussent plus r\u00e9sistants. Elle vous permet de vous coiffer tous les jours comme vous le souhaitez sans vous soucier des probl\u00e8mes de chute de cheveux.<\/p>\n<p>&nbsp;<\/p>","protected":false},"featured_media":21964,"comment_status":"open","ping_status":"closed","template":"","meta":[],"product_brand":[],"product_cat":[75,111,95,325],"product_tag":[90],"class_list":{"0":"post-7614","1":"product","2":"type-product","3":"status-publish","4":"has-post-thumbnail","6":"product_cat-femme","7":"product_cat-shampoing-f","8":"product_cat-soin-cheveux-f","9":"product_cat-viola","10":"product_tag-made-in-algeria","12":"first","13":"instock","14":"shipping-taxable","15":"purchasable","16":"product-type-simple"},"_links":{"self":[{"href":"https:\/\/cosmeticstoredz.com\/ar\/wp-json\/wp\/v2\/product\/7614","targetHints":{"allow":["GET"]}}],"collection":[{"href":"https:\/\/cosmeticstoredz.com\/ar\/wp-json\/wp\/v2\/product"}],"about":[{"href":"https:\/\/cosmeticstoredz.com\/ar\/wp-json\/wp\/v2\/types\/product"}],"replies":[{"embeddable":true,"href":"https:\/\/cosmeticstoredz.com\/ar\/wp-json\/wp\/v2\/comments?post=7614"}],"version-history":[{"count":1,"href":"https:\/\/cosmeticstoredz.com\/ar\/wp-json\/wp\/v2\/product\/7614\/revisions"}],"predecessor-version":[{"id":21965,"href":"https:\/\/cosmeticstoredz.com\/ar\/wp-json\/wp\/v2\/product\/7614\/revisions\/21965"}],"wp:featuredmedia":[{"embeddable":true,"href":"https:\/\/cosmeticstoredz.com\/ar\/wp-json\/wp\/v2\/media\/21964"}],"wp:attachment":[{"href":"https:\/\/cosmeticstoredz.com\/ar\/wp-json\/wp\/v2\/media?parent=7614"}],"wp:term":[{"taxonomy":"product_brand","embeddable":true,"href":"https:\/\/cosmeticstoredz.com\/ar\/wp-json\/wp\/v2\/product_brand?post=7614"},{"taxonomy":"product_cat","embeddable":true,"href":"https:\/\/cosmeticstoredz.com\/ar\/wp-json\/wp\/v2\/product_cat?post=7614"},{"taxonomy":"product_tag","embeddable":true,"href":"https:\/\/cosmeticstoredz.com\/ar\/wp-json\/wp\/v2\/product_tag?post=7614"}],"curies":[{"name":"wp","href":"https:\/\/api.w.org\/{rel}","templated":true}]}}