{"id":7608,"date":"2025-06-04T20:01:11","date_gmt":"2025-06-04T20:01:11","guid":{"rendered":"https:\/\/test.fitnessworldgym27.com\/?post_type=product&#038;p=7608"},"modified":"2026-04-18T19:25:15","modified_gmt":"2026-04-18T19:25:15","slug":"viola-a-shp-350ml-chvx-ternes-sans-eclat","status":"publish","type":"product","link":"https:\/\/cosmeticstoredz.com\/ar\/product\/viola-a-shp-350ml-chvx-ternes-sans-eclat\/","title":{"rendered":"VIOLA  A\/SHP 350ML CHVX TERNES SANS ECLAT"},"content":{"rendered":"<p>Le shampooing illuminant\u00a0<strong>VIOLA<\/strong>\u00a0avec des \u00e9clats de p\u00e8rle d\u00e9barrasse la fibre des impuret\u00e9s qui emp\u00eachent la r\u00e9flexion de la lumi\u00e8re et l\u2019enrobe d\u2019un soin hydratant pour intensifier et prolonger l\u2019\u00e9clat. Avec la Prot\u00e9ine nutritive qui agit comme un concentr\u00e9 de brillance pour des cheveux infus\u00e9s de lumi\u00e8re en toute l\u00e9g\u00e8ret\u00e9.<\/p>\n<p>Le chemin vers de beaux cheveux commence maintenant.<\/p>\n<p><strong>ETAPE 1.\u00a0<\/strong>Le shampooing illuminant\u00a0<strong>VIOLA<\/strong>\u00a0donne une protection et un \u00e9clat illuminant \u00e0 vos cheveux. Pour un soin complet, utilisez ce shampooing en compl\u00e9ment avec les autres produits\u00a0<strong>UNIBELLE<\/strong>.<\/p>\n<p><strong>RESULTATS PROUVE:<\/strong><\/p>\n<p>Hydrate en profondeur, polit fibre \u00e0 fibre et illumine les cheveux ternes, sans \u00e9clat. La chevelure soyeuse et a\u00e9rienne, se pare d\u2019une lumi\u00e8re naturelle aux multiples reflets.<\/p>","protected":false},"excerpt":{"rendered":"<p>Le shampooing illuminant\u00a0<strong>VIOLA<\/strong>\u00a0avec des \u00e9clats de p\u00e8rle d\u00e9barrasse la fibre des impuret\u00e9s qui emp\u00eachent la r\u00e9flexion de la lumi\u00e8re et l\u2019enrobe d\u2019un soin hydratant pour intensifier et prolonger l\u2019\u00e9clat. Avec la Prot\u00e9ine nutritive qui agit comme un concentr\u00e9 de brillance pour des cheveux infus\u00e9s de lumi\u00e8re en toute l\u00e9g\u00e8ret\u00e9.<\/p>\n<p>&nbsp;<\/p>","protected":false},"featured_media":21952,"comment_status":"open","ping_status":"closed","template":"","meta":[],"product_brand":[],"product_cat":[160,75,366,325],"product_tag":[],"class_list":{"0":"post-7608","1":"product","2":"type-product","3":"status-publish","4":"has-post-thumbnail","6":"product_cat-apres-shampoing-f","7":"product_cat-femme","8":"product_cat-unibelle","9":"product_cat-viola","11":"first","12":"outofstock","13":"shipping-taxable","14":"purchasable","15":"product-type-simple"},"yoast_head":"<!-- This site is optimized with the Yoast SEO plugin v27.3 - https:\/\/yoast.com\/product\/yoast-seo-wordpress\/ -->\n<title>VIOLA A\/SHP 350ML CHVX TERNES SANS ECLAT - Cosmetic Store<\/title>\n<meta name=\"robots\" content=\"index, follow, max-snippet:-1, max-image-preview:large, max-video-preview:-1\" \/>\n<link rel=\"canonical\" href=\"https:\/\/cosmeticstoredz.com\/ar\/product\/viola-a-shp-350ml-chvx-ternes-sans-eclat\/\" \/>\n<meta property=\"og:locale\" content=\"ar_AR\" \/>\n<meta property=\"og:type\" content=\"article\" \/>\n<meta property=\"og:title\" content=\"VIOLA A\/SHP 350ML CHVX TERNES SANS ECLAT - Cosmetic Store\" \/>\n<meta property=\"og:description\" content=\"Le shampooing illuminant\u00a0VIOLA\u00a0avec des \u00e9clats de p\u00e8rle d\u00e9barrasse la fibre des impuret\u00e9s qui emp\u00eachent la r\u00e9flexion de la lumi\u00e8re et l\u2019enrobe d\u2019un soin hydratant pour intensifier et prolonger l\u2019\u00e9clat. Avec la Prot\u00e9ine nutritive qui agit comme un concentr\u00e9 de brillance pour des cheveux infus\u00e9s de lumi\u00e8re en toute l\u00e9g\u00e8ret\u00e9.  &nbsp;\" \/>\n<meta property=\"og:url\" content=\"https:\/\/cosmeticstoredz.com\/ar\/product\/viola-a-shp-350ml-chvx-ternes-sans-eclat\/\" \/>\n<meta property=\"og:site_name\" content=\"Cosmetic Store\" \/>\n<meta property=\"article:publisher\" content=\"https:\/\/www.facebook.com\/profile.php?id=61564954260683\" \/>\n<meta property=\"article:modified_time\" content=\"2026-04-18T19:25:15+00:00\" \/>\n<meta property=\"og:image\" content=\"https:\/\/cosmeticstoredz.com\/wp-content\/uploads\/2026\/02\/Ajouter-un-titre-2024-07-25T153127.325.png\" \/>\n\t<meta property=\"og:image:width\" content=\"1563\" \/>\n\t<meta property=\"og:image:height\" content=\"1563\" \/>\n\t<meta property=\"og:image:type\" content=\"image\/png\" \/>\n<meta name=\"twitter:card\" content=\"summary_large_image\" \/>\n<meta name=\"twitter:label1\" content=\"\u0648\u0642\u062a \u0627\u0644\u0642\u0631\u0627\u0621\u0629 \u0627\u0644\u0645\u064f\u0642\u062f\u0651\u0631\" \/>\n\t<meta name=\"twitter:data1\" content=\"\u062f\u0642\u064a\u0642\u0629 \u0648\u0627\u062d\u062f\u0629\" \/>\n<script type=\"application\/ld+json\" class=\"yoast-schema-graph\">{\"@context\":\"https:\\\/\\\/schema.org\",\"@graph\":[{\"@type\":\"WebPage\",\"@id\":\"https:\\\/\\\/cosmeticstoredz.com\\\/produit\\\/viola-a-shp-350ml-chvx-ternes-sans-eclat\\\/\",\"url\":\"https:\\\/\\\/cosmeticstoredz.com\\\/produit\\\/viola-a-shp-350ml-chvx-ternes-sans-eclat\\\/\",\"name\":\"VIOLA A\\\/SHP 350ML CHVX TERNES SANS ECLAT - Cosmetic Store\",\"isPartOf\":{\"@id\":\"https:\\\/\\\/cosmeticstoredz.com\\\/#website\"},\"primaryImageOfPage\":{\"@id\":\"https:\\\/\\\/cosmeticstoredz.com\\\/produit\\\/viola-a-shp-350ml-chvx-ternes-sans-eclat\\\/#primaryimage\"},\"image\":{\"@id\":\"https:\\\/\\\/cosmeticstoredz.com\\\/produit\\\/viola-a-shp-350ml-chvx-ternes-sans-eclat\\\/#primaryimage\"},\"thumbnailUrl\":\"https:\\\/\\\/cosmeticstoredz.com\\\/wp-content\\\/uploads\\\/2026\\\/02\\\/Ajouter-un-titre-2024-07-25T153127.325.png\",\"datePublished\":\"2025-06-04T20:01:11+00:00\",\"dateModified\":\"2026-04-18T19:25:15+00:00\",\"breadcrumb\":{\"@id\":\"https:\\\/\\\/cosmeticstoredz.com\\\/produit\\\/viola-a-shp-350ml-chvx-ternes-sans-eclat\\\/#breadcrumb\"},\"inLanguage\":\"ar\",\"potentialAction\":[{\"@type\":\"ReadAction\",\"target\":[\"https:\\\/\\\/cosmeticstoredz.com\\\/produit\\\/viola-a-shp-350ml-chvx-ternes-sans-eclat\\\/\"]}]},{\"@type\":\"ImageObject\",\"inLanguage\":\"ar\",\"@id\":\"https:\\\/\\\/cosmeticstoredz.com\\\/produit\\\/viola-a-shp-350ml-chvx-ternes-sans-eclat\\\/#primaryimage\",\"url\":\"https:\\\/\\\/cosmeticstoredz.com\\\/wp-content\\\/uploads\\\/2026\\\/02\\\/Ajouter-un-titre-2024-07-25T153127.325.png\",\"contentUrl\":\"https:\\\/\\\/cosmeticstoredz.com\\\/wp-content\\\/uploads\\\/2026\\\/02\\\/Ajouter-un-titre-2024-07-25T153127.325.png\",\"width\":1563,\"height\":1563},{\"@type\":\"BreadcrumbList\",\"@id\":\"https:\\\/\\\/cosmeticstoredz.com\\\/produit\\\/viola-a-shp-350ml-chvx-ternes-sans-eclat\\\/#breadcrumb\",\"itemListElement\":[{\"@type\":\"ListItem\",\"position\":1,\"name\":\"Accueil\",\"item\":\"https:\\\/\\\/cosmeticstoredz.com\\\/\"},{\"@type\":\"ListItem\",\"position\":2,\"name\":\"Boutique\",\"item\":\"https:\\\/\\\/cosmeticstoredz.com\\\/boutique\\\/\"},{\"@type\":\"ListItem\",\"position\":3,\"name\":\"VIOLA A\\\/SHP 350ML CHVX TERNES SANS ECLAT\"}]},{\"@type\":\"WebSite\",\"@id\":\"https:\\\/\\\/cosmeticstoredz.com\\\/#website\",\"url\":\"https:\\\/\\\/cosmeticstoredz.com\\\/\",\"name\":\"Cosmetic Store\",\"description\":\"\",\"publisher\":{\"@id\":\"https:\\\/\\\/cosmeticstoredz.com\\\/#organization\"},\"potentialAction\":[{\"@type\":\"SearchAction\",\"target\":{\"@type\":\"EntryPoint\",\"urlTemplate\":\"https:\\\/\\\/cosmeticstoredz.com\\\/?s={search_term_string}\"},\"query-input\":{\"@type\":\"PropertyValueSpecification\",\"valueRequired\":true,\"valueName\":\"search_term_string\"}}],\"inLanguage\":\"ar\"},{\"@type\":\"Organization\",\"@id\":\"https:\\\/\\\/cosmeticstoredz.com\\\/#organization\",\"name\":\"Cosmetic Store\",\"url\":\"https:\\\/\\\/cosmeticstoredz.com\\\/\",\"logo\":{\"@type\":\"ImageObject\",\"inLanguage\":\"ar\",\"@id\":\"https:\\\/\\\/cosmeticstoredz.com\\\/#\\\/schema\\\/logo\\\/image\\\/\",\"url\":\"https:\\\/\\\/cosmeticstoredz.com\\\/wp-content\\\/uploads\\\/2026\\\/02\\\/cropped-LOGO_CS-512x512-1-1-e1771275285345.webp\",\"contentUrl\":\"https:\\\/\\\/cosmeticstoredz.com\\\/wp-content\\\/uploads\\\/2026\\\/02\\\/cropped-LOGO_CS-512x512-1-1-e1771275285345.webp\",\"width\":265,\"height\":319,\"caption\":\"Cosmetic Store\"},\"image\":{\"@id\":\"https:\\\/\\\/cosmeticstoredz.com\\\/#\\\/schema\\\/logo\\\/image\\\/\"},\"sameAs\":[\"https:\\\/\\\/www.facebook.com\\\/profile.php?id=61564954260683\",\"https:\\\/\\\/www.instagram.com\\\/cosmetic.storedz\\\/\"]}]}<\/script>\n<!-- \/ Yoast SEO plugin. -->","yoast_head_json":{"title":"VIOLA A\/SHP 350ML CHVX TERNES SANS ECLAT - Cosmetic Store","robots":{"index":"index","follow":"follow","max-snippet":"max-snippet:-1","max-image-preview":"max-image-preview:large","max-video-preview":"max-video-preview:-1"},"canonical":"https:\/\/cosmeticstoredz.com\/ar\/product\/viola-a-shp-350ml-chvx-ternes-sans-eclat\/","og_locale":"ar_AR","og_type":"article","og_title":"VIOLA A\/SHP 350ML CHVX TERNES SANS ECLAT - Cosmetic Store","og_description":"Le shampooing illuminant\u00a0VIOLA\u00a0avec des \u00e9clats de p\u00e8rle d\u00e9barrasse la fibre des impuret\u00e9s qui emp\u00eachent la r\u00e9flexion de la lumi\u00e8re et l\u2019enrobe d\u2019un soin hydratant pour intensifier et prolonger l\u2019\u00e9clat. Avec la Prot\u00e9ine nutritive qui agit comme un concentr\u00e9 de brillance pour des cheveux infus\u00e9s de lumi\u00e8re en toute l\u00e9g\u00e8ret\u00e9.  &nbsp;","og_url":"https:\/\/cosmeticstoredz.com\/ar\/product\/viola-a-shp-350ml-chvx-ternes-sans-eclat\/","og_site_name":"Cosmetic Store","article_publisher":"https:\/\/www.facebook.com\/profile.php?id=61564954260683","article_modified_time":"2026-04-18T19:25:15+00:00","og_image":[{"width":1563,"height":1563,"url":"https:\/\/cosmeticstoredz.com\/wp-content\/uploads\/2026\/02\/Ajouter-un-titre-2024-07-25T153127.325.png","type":"image\/png"}],"twitter_card":"summary_large_image","twitter_misc":{"\u0648\u0642\u062a \u0627\u0644\u0642\u0631\u0627\u0621\u0629 \u0627\u0644\u0645\u064f\u0642\u062f\u0651\u0631":"\u062f\u0642\u064a\u0642\u0629 \u0648\u0627\u062d\u062f\u0629"},"schema":{"@context":"https:\/\/schema.org","@graph":[{"@type":"WebPage","@id":"https:\/\/cosmeticstoredz.com\/produit\/viola-a-shp-350ml-chvx-ternes-sans-eclat\/","url":"https:\/\/cosmeticstoredz.com\/produit\/viola-a-shp-350ml-chvx-ternes-sans-eclat\/","name":"VIOLA A\/SHP 350ML CHVX TERNES SANS ECLAT - Cosmetic Store","isPartOf":{"@id":"https:\/\/cosmeticstoredz.com\/#website"},"primaryImageOfPage":{"@id":"https:\/\/cosmeticstoredz.com\/produit\/viola-a-shp-350ml-chvx-ternes-sans-eclat\/#primaryimage"},"image":{"@id":"https:\/\/cosmeticstoredz.com\/produit\/viola-a-shp-350ml-chvx-ternes-sans-eclat\/#primaryimage"},"thumbnailUrl":"https:\/\/cosmeticstoredz.com\/wp-content\/uploads\/2026\/02\/Ajouter-un-titre-2024-07-25T153127.325.png","datePublished":"2025-06-04T20:01:11+00:00","dateModified":"2026-04-18T19:25:15+00:00","breadcrumb":{"@id":"https:\/\/cosmeticstoredz.com\/produit\/viola-a-shp-350ml-chvx-ternes-sans-eclat\/#breadcrumb"},"inLanguage":"ar","potentialAction":[{"@type":"ReadAction","target":["https:\/\/cosmeticstoredz.com\/produit\/viola-a-shp-350ml-chvx-ternes-sans-eclat\/"]}]},{"@type":"ImageObject","inLanguage":"ar","@id":"https:\/\/cosmeticstoredz.com\/produit\/viola-a-shp-350ml-chvx-ternes-sans-eclat\/#primaryimage","url":"https:\/\/cosmeticstoredz.com\/wp-content\/uploads\/2026\/02\/Ajouter-un-titre-2024-07-25T153127.325.png","contentUrl":"https:\/\/cosmeticstoredz.com\/wp-content\/uploads\/2026\/02\/Ajouter-un-titre-2024-07-25T153127.325.png","width":1563,"height":1563},{"@type":"BreadcrumbList","@id":"https:\/\/cosmeticstoredz.com\/produit\/viola-a-shp-350ml-chvx-ternes-sans-eclat\/#breadcrumb","itemListElement":[{"@type":"ListItem","position":1,"name":"Accueil","item":"https:\/\/cosmeticstoredz.com\/"},{"@type":"ListItem","position":2,"name":"Boutique","item":"https:\/\/cosmeticstoredz.com\/boutique\/"},{"@type":"ListItem","position":3,"name":"VIOLA A\/SHP 350ML CHVX TERNES SANS ECLAT"}]},{"@type":"WebSite","@id":"https:\/\/cosmeticstoredz.com\/#website","url":"https:\/\/cosmeticstoredz.com\/","name":"Cosmetic Store","description":"","publisher":{"@id":"https:\/\/cosmeticstoredz.com\/#organization"},"potentialAction":[{"@type":"SearchAction","target":{"@type":"EntryPoint","urlTemplate":"https:\/\/cosmeticstoredz.com\/?s={search_term_string}"},"query-input":{"@type":"PropertyValueSpecification","valueRequired":true,"valueName":"search_term_string"}}],"inLanguage":"ar"},{"@type":"Organization","@id":"https:\/\/cosmeticstoredz.com\/#organization","name":"Cosmetic Store","url":"https:\/\/cosmeticstoredz.com\/","logo":{"@type":"ImageObject","inLanguage":"ar","@id":"https:\/\/cosmeticstoredz.com\/#\/schema\/logo\/image\/","url":"https:\/\/cosmeticstoredz.com\/wp-content\/uploads\/2026\/02\/cropped-LOGO_CS-512x512-1-1-e1771275285345.webp","contentUrl":"https:\/\/cosmeticstoredz.com\/wp-content\/uploads\/2026\/02\/cropped-LOGO_CS-512x512-1-1-e1771275285345.webp","width":265,"height":319,"caption":"Cosmetic Store"},"image":{"@id":"https:\/\/cosmeticstoredz.com\/#\/schema\/logo\/image\/"},"sameAs":["https:\/\/www.facebook.com\/profile.php?id=61564954260683","https:\/\/www.instagram.com\/cosmetic.storedz\/"]}]}},"_links":{"self":[{"href":"https:\/\/cosmeticstoredz.com\/ar\/wp-json\/wp\/v2\/product\/7608","targetHints":{"allow":["GET"]}}],"collection":[{"href":"https:\/\/cosmeticstoredz.com\/ar\/wp-json\/wp\/v2\/product"}],"about":[{"href":"https:\/\/cosmeticstoredz.com\/ar\/wp-json\/wp\/v2\/types\/product"}],"replies":[{"embeddable":true,"href":"https:\/\/cosmeticstoredz.com\/ar\/wp-json\/wp\/v2\/comments?post=7608"}],"version-history":[{"count":1,"href":"https:\/\/cosmeticstoredz.com\/ar\/wp-json\/wp\/v2\/product\/7608\/revisions"}],"predecessor-version":[{"id":21953,"href":"https:\/\/cosmeticstoredz.com\/ar\/wp-json\/wp\/v2\/product\/7608\/revisions\/21953"}],"wp:featuredmedia":[{"embeddable":true,"href":"https:\/\/cosmeticstoredz.com\/ar\/wp-json\/wp\/v2\/media\/21952"}],"wp:attachment":[{"href":"https:\/\/cosmeticstoredz.com\/ar\/wp-json\/wp\/v2\/media?parent=7608"}],"wp:term":[{"taxonomy":"product_brand","embeddable":true,"href":"https:\/\/cosmeticstoredz.com\/ar\/wp-json\/wp\/v2\/product_brand?post=7608"},{"taxonomy":"product_cat","embeddable":true,"href":"https:\/\/cosmeticstoredz.com\/ar\/wp-json\/wp\/v2\/product_cat?post=7608"},{"taxonomy":"product_tag","embeddable":true,"href":"https:\/\/cosmeticstoredz.com\/ar\/wp-json\/wp\/v2\/product_tag?post=7608"}],"curies":[{"name":"wp","href":"https:\/\/api.w.org\/{rel}","templated":true}]}}