{"id":7607,"date":"2025-06-04T20:01:11","date_gmt":"2025-06-04T20:01:11","guid":{"rendered":"https:\/\/test.fitnessworldgym27.com\/?post_type=product&#038;p=7607"},"modified":"2026-04-18T19:25:15","modified_gmt":"2026-04-18T19:25:15","slug":"viola-a-shp-350ml-chvx-secs-cassants-abimes","status":"publish","type":"product","link":"https:\/\/cosmeticstoredz.com\/ar\/product\/viola-a-shp-350ml-chvx-secs-cassants-abimes\/","title":{"rendered":"VIOLA  A\/SHP 350ML CHVX SECS CASSANTS &#038; ABIMES"},"content":{"rendered":"<p><span class=\"text-subtitle-1 primary--text text--darken-1 mt-1\" data-v-39327723=\"\">Description<\/span><\/p>\n<div class=\"align-left\" data-v-39327723=\"\">ANTI-CASSE APRES SHAMPOOING NOURRISSANT A L\u2019HUILE D\u2019ARGAN DISCIPLINE LES CHEVEUX CHEVEUX SECS, CASSANTS &amp; ABIMES La formule NUTRITION INTENSE du d\u00e9m\u00ealant nourrissant VIOLA \u00e0 l\u2019huile d\u2019ARGAN renforce et prend soin des cheveux secs, cassants et ab\u00eem\u00e9s en minimisant le risque de casse. Elle r\u00e9pare la fibre capillaire. Pour des cheveux lisses, souples et soyeux au toucher avec une nouvelle r\u00e9sistance et une brillance intense. La formule de d\u00e9m\u00ealant VIOLA am\u00e9liore la r\u00e9sistance et pr\u00e9vient les dommages futurs. Pour continuer le chemin vers de beaux cheveux. ETAPE 2. Le d\u00e9m\u00ealant nourrissant VIOLA renforce, lisse et nourrit les cheveux ab\u00eem\u00e9s. Pour un soin complet, utilisez ce d\u00e9m\u00ealant en compl\u00e9ment avec les autres produits UNIBELLE. RESULTATS PROUVE Renouvelle profond\u00e9ment les cellules capillaires et r\u00e9pare les dommages caus\u00e9s au fil du temps. R\u00e9pare, lisse et renforce les cheveux, r\u00e9duit leur casse jusqu\u2019\u00e0 95%. INSTRUCTIONS Appliquer sur cheveux rinc\u00e9 apr\u00e8s chaque shampooing. Laissez agir 2 minutes, puis d\u00e9m\u00ealez au peigne. Rincez soigneusement. Usage r\u00e9gulier. INGREDIENTS Aqua\/Water, Cetearyl Alcohol, Glyceryl stearate, Isopropyl Myristate, Propylene glycole, Decyl Oleate, Caprylic\/Capric Triglyceride, Vaseline Oil, Cetrimonium Chloride, Glycerin, Dimethicone, Hydroxypropyltrimonium Chloride, Argan Oil, Amodimethicone, Chloro-Methyl isothiazolin One and Methyl isothiazolin One, Parfum\/Fragrance.<\/div>","protected":false},"excerpt":{"rendered":"<p>APRES SHAMPOOING NOURRISSANT, A L\u2019HUILE D\u2019ARGAN, DISCIPLINE LES CHEVEUX<br \/>\nCHEVEUX SECS, CASSANTS &amp; ABIMES<\/p>","protected":false},"featured_media":21950,"comment_status":"open","ping_status":"closed","template":"","meta":[],"product_brand":[],"product_cat":[160,192,75,72],"product_tag":[90],"class_list":{"0":"post-7607","1":"product","2":"type-product","3":"status-publish","4":"has-post-thumbnail","6":"product_cat-apres-shampoing-f","7":"product_cat-apres-shampoing-h","8":"product_cat-femme","9":"product_cat-homme","10":"product_tag-made-in-algeria","12":"first","13":"outofstock","14":"shipping-taxable","15":"purchasable","16":"product-type-simple"},"yoast_head":"<!-- This site is optimized with the Yoast SEO plugin v27.3 - https:\/\/yoast.com\/product\/yoast-seo-wordpress\/ -->\n<title>VIOLA A\/SHP 350ML CHVX SECS CASSANTS &amp; ABIMES - Cosmetic Store<\/title>\n<meta name=\"robots\" content=\"index, follow, max-snippet:-1, max-image-preview:large, max-video-preview:-1\" \/>\n<link rel=\"canonical\" href=\"https:\/\/cosmeticstoredz.com\/ar\/product\/viola-a-shp-350ml-chvx-secs-cassants-abimes\/\" \/>\n<meta property=\"og:locale\" content=\"ar_AR\" \/>\n<meta property=\"og:type\" content=\"article\" \/>\n<meta property=\"og:title\" content=\"VIOLA A\/SHP 350ML CHVX SECS CASSANTS &amp; ABIMES - Cosmetic Store\" \/>\n<meta property=\"og:description\" content=\"APRES SHAMPOOING NOURRISSANT, A L\u2019HUILE D\u2019ARGAN, DISCIPLINE LES CHEVEUX CHEVEUX SECS, CASSANTS &amp; ABIMES\" \/>\n<meta property=\"og:url\" content=\"https:\/\/cosmeticstoredz.com\/ar\/product\/viola-a-shp-350ml-chvx-secs-cassants-abimes\/\" \/>\n<meta property=\"og:site_name\" content=\"Cosmetic Store\" \/>\n<meta property=\"article:publisher\" content=\"https:\/\/www.facebook.com\/profile.php?id=61564954260683\" \/>\n<meta property=\"article:modified_time\" content=\"2026-04-18T19:25:15+00:00\" \/>\n<meta property=\"og:image\" content=\"https:\/\/cosmeticstoredz.com\/wp-content\/uploads\/2026\/02\/Ajouter-un-titre-2024-07-25T152632.306.png\" \/>\n\t<meta property=\"og:image:width\" content=\"1563\" \/>\n\t<meta property=\"og:image:height\" content=\"1563\" \/>\n\t<meta property=\"og:image:type\" content=\"image\/png\" \/>\n<meta name=\"twitter:card\" content=\"summary_large_image\" \/>\n<meta name=\"twitter:label1\" content=\"\u0648\u0642\u062a \u0627\u0644\u0642\u0631\u0627\u0621\u0629 \u0627\u0644\u0645\u064f\u0642\u062f\u0651\u0631\" \/>\n\t<meta name=\"twitter:data1\" content=\"\u062f\u0642\u064a\u0642\u0629 \u0648\u0627\u062d\u062f\u0629\" \/>\n<script type=\"application\/ld+json\" class=\"yoast-schema-graph\">{\"@context\":\"https:\\\/\\\/schema.org\",\"@graph\":[{\"@type\":\"WebPage\",\"@id\":\"https:\\\/\\\/cosmeticstoredz.com\\\/produit\\\/viola-a-shp-350ml-chvx-secs-cassants-abimes\\\/\",\"url\":\"https:\\\/\\\/cosmeticstoredz.com\\\/produit\\\/viola-a-shp-350ml-chvx-secs-cassants-abimes\\\/\",\"name\":\"VIOLA A\\\/SHP 350ML CHVX SECS CASSANTS & ABIMES - Cosmetic Store\",\"isPartOf\":{\"@id\":\"https:\\\/\\\/cosmeticstoredz.com\\\/#website\"},\"primaryImageOfPage\":{\"@id\":\"https:\\\/\\\/cosmeticstoredz.com\\\/produit\\\/viola-a-shp-350ml-chvx-secs-cassants-abimes\\\/#primaryimage\"},\"image\":{\"@id\":\"https:\\\/\\\/cosmeticstoredz.com\\\/produit\\\/viola-a-shp-350ml-chvx-secs-cassants-abimes\\\/#primaryimage\"},\"thumbnailUrl\":\"https:\\\/\\\/cosmeticstoredz.com\\\/wp-content\\\/uploads\\\/2026\\\/02\\\/Ajouter-un-titre-2024-07-25T152632.306.png\",\"datePublished\":\"2025-06-04T20:01:11+00:00\",\"dateModified\":\"2026-04-18T19:25:15+00:00\",\"breadcrumb\":{\"@id\":\"https:\\\/\\\/cosmeticstoredz.com\\\/produit\\\/viola-a-shp-350ml-chvx-secs-cassants-abimes\\\/#breadcrumb\"},\"inLanguage\":\"ar\",\"potentialAction\":[{\"@type\":\"ReadAction\",\"target\":[\"https:\\\/\\\/cosmeticstoredz.com\\\/produit\\\/viola-a-shp-350ml-chvx-secs-cassants-abimes\\\/\"]}]},{\"@type\":\"ImageObject\",\"inLanguage\":\"ar\",\"@id\":\"https:\\\/\\\/cosmeticstoredz.com\\\/produit\\\/viola-a-shp-350ml-chvx-secs-cassants-abimes\\\/#primaryimage\",\"url\":\"https:\\\/\\\/cosmeticstoredz.com\\\/wp-content\\\/uploads\\\/2026\\\/02\\\/Ajouter-un-titre-2024-07-25T152632.306.png\",\"contentUrl\":\"https:\\\/\\\/cosmeticstoredz.com\\\/wp-content\\\/uploads\\\/2026\\\/02\\\/Ajouter-un-titre-2024-07-25T152632.306.png\",\"width\":1563,\"height\":1563},{\"@type\":\"BreadcrumbList\",\"@id\":\"https:\\\/\\\/cosmeticstoredz.com\\\/produit\\\/viola-a-shp-350ml-chvx-secs-cassants-abimes\\\/#breadcrumb\",\"itemListElement\":[{\"@type\":\"ListItem\",\"position\":1,\"name\":\"Accueil\",\"item\":\"https:\\\/\\\/cosmeticstoredz.com\\\/\"},{\"@type\":\"ListItem\",\"position\":2,\"name\":\"Boutique\",\"item\":\"https:\\\/\\\/cosmeticstoredz.com\\\/boutique\\\/\"},{\"@type\":\"ListItem\",\"position\":3,\"name\":\"VIOLA A\\\/SHP 350ML CHVX SECS CASSANTS &#038; ABIMES\"}]},{\"@type\":\"WebSite\",\"@id\":\"https:\\\/\\\/cosmeticstoredz.com\\\/#website\",\"url\":\"https:\\\/\\\/cosmeticstoredz.com\\\/\",\"name\":\"Cosmetic Store\",\"description\":\"\",\"publisher\":{\"@id\":\"https:\\\/\\\/cosmeticstoredz.com\\\/#organization\"},\"potentialAction\":[{\"@type\":\"SearchAction\",\"target\":{\"@type\":\"EntryPoint\",\"urlTemplate\":\"https:\\\/\\\/cosmeticstoredz.com\\\/?s={search_term_string}\"},\"query-input\":{\"@type\":\"PropertyValueSpecification\",\"valueRequired\":true,\"valueName\":\"search_term_string\"}}],\"inLanguage\":\"ar\"},{\"@type\":\"Organization\",\"@id\":\"https:\\\/\\\/cosmeticstoredz.com\\\/#organization\",\"name\":\"Cosmetic Store\",\"url\":\"https:\\\/\\\/cosmeticstoredz.com\\\/\",\"logo\":{\"@type\":\"ImageObject\",\"inLanguage\":\"ar\",\"@id\":\"https:\\\/\\\/cosmeticstoredz.com\\\/#\\\/schema\\\/logo\\\/image\\\/\",\"url\":\"https:\\\/\\\/cosmeticstoredz.com\\\/wp-content\\\/uploads\\\/2026\\\/02\\\/cropped-LOGO_CS-512x512-1-1-e1771275285345.webp\",\"contentUrl\":\"https:\\\/\\\/cosmeticstoredz.com\\\/wp-content\\\/uploads\\\/2026\\\/02\\\/cropped-LOGO_CS-512x512-1-1-e1771275285345.webp\",\"width\":265,\"height\":319,\"caption\":\"Cosmetic Store\"},\"image\":{\"@id\":\"https:\\\/\\\/cosmeticstoredz.com\\\/#\\\/schema\\\/logo\\\/image\\\/\"},\"sameAs\":[\"https:\\\/\\\/www.facebook.com\\\/profile.php?id=61564954260683\",\"https:\\\/\\\/www.instagram.com\\\/cosmetic.storedz\\\/\"]}]}<\/script>\n<!-- \/ Yoast SEO plugin. -->","yoast_head_json":{"title":"VIOLA A\/SHP 350ML CHVX SECS CASSANTS & ABIMES - Cosmetic Store","robots":{"index":"index","follow":"follow","max-snippet":"max-snippet:-1","max-image-preview":"max-image-preview:large","max-video-preview":"max-video-preview:-1"},"canonical":"https:\/\/cosmeticstoredz.com\/ar\/product\/viola-a-shp-350ml-chvx-secs-cassants-abimes\/","og_locale":"ar_AR","og_type":"article","og_title":"VIOLA A\/SHP 350ML CHVX SECS CASSANTS & ABIMES - Cosmetic Store","og_description":"APRES SHAMPOOING NOURRISSANT, A L\u2019HUILE D\u2019ARGAN, DISCIPLINE LES CHEVEUX CHEVEUX SECS, CASSANTS &amp; ABIMES","og_url":"https:\/\/cosmeticstoredz.com\/ar\/product\/viola-a-shp-350ml-chvx-secs-cassants-abimes\/","og_site_name":"Cosmetic Store","article_publisher":"https:\/\/www.facebook.com\/profile.php?id=61564954260683","article_modified_time":"2026-04-18T19:25:15+00:00","og_image":[{"width":1563,"height":1563,"url":"https:\/\/cosmeticstoredz.com\/wp-content\/uploads\/2026\/02\/Ajouter-un-titre-2024-07-25T152632.306.png","type":"image\/png"}],"twitter_card":"summary_large_image","twitter_misc":{"\u0648\u0642\u062a \u0627\u0644\u0642\u0631\u0627\u0621\u0629 \u0627\u0644\u0645\u064f\u0642\u062f\u0651\u0631":"\u062f\u0642\u064a\u0642\u0629 \u0648\u0627\u062d\u062f\u0629"},"schema":{"@context":"https:\/\/schema.org","@graph":[{"@type":"WebPage","@id":"https:\/\/cosmeticstoredz.com\/produit\/viola-a-shp-350ml-chvx-secs-cassants-abimes\/","url":"https:\/\/cosmeticstoredz.com\/produit\/viola-a-shp-350ml-chvx-secs-cassants-abimes\/","name":"VIOLA A\/SHP 350ML CHVX SECS CASSANTS & ABIMES - Cosmetic Store","isPartOf":{"@id":"https:\/\/cosmeticstoredz.com\/#website"},"primaryImageOfPage":{"@id":"https:\/\/cosmeticstoredz.com\/produit\/viola-a-shp-350ml-chvx-secs-cassants-abimes\/#primaryimage"},"image":{"@id":"https:\/\/cosmeticstoredz.com\/produit\/viola-a-shp-350ml-chvx-secs-cassants-abimes\/#primaryimage"},"thumbnailUrl":"https:\/\/cosmeticstoredz.com\/wp-content\/uploads\/2026\/02\/Ajouter-un-titre-2024-07-25T152632.306.png","datePublished":"2025-06-04T20:01:11+00:00","dateModified":"2026-04-18T19:25:15+00:00","breadcrumb":{"@id":"https:\/\/cosmeticstoredz.com\/produit\/viola-a-shp-350ml-chvx-secs-cassants-abimes\/#breadcrumb"},"inLanguage":"ar","potentialAction":[{"@type":"ReadAction","target":["https:\/\/cosmeticstoredz.com\/produit\/viola-a-shp-350ml-chvx-secs-cassants-abimes\/"]}]},{"@type":"ImageObject","inLanguage":"ar","@id":"https:\/\/cosmeticstoredz.com\/produit\/viola-a-shp-350ml-chvx-secs-cassants-abimes\/#primaryimage","url":"https:\/\/cosmeticstoredz.com\/wp-content\/uploads\/2026\/02\/Ajouter-un-titre-2024-07-25T152632.306.png","contentUrl":"https:\/\/cosmeticstoredz.com\/wp-content\/uploads\/2026\/02\/Ajouter-un-titre-2024-07-25T152632.306.png","width":1563,"height":1563},{"@type":"BreadcrumbList","@id":"https:\/\/cosmeticstoredz.com\/produit\/viola-a-shp-350ml-chvx-secs-cassants-abimes\/#breadcrumb","itemListElement":[{"@type":"ListItem","position":1,"name":"Accueil","item":"https:\/\/cosmeticstoredz.com\/"},{"@type":"ListItem","position":2,"name":"Boutique","item":"https:\/\/cosmeticstoredz.com\/boutique\/"},{"@type":"ListItem","position":3,"name":"VIOLA A\/SHP 350ML CHVX SECS CASSANTS &#038; ABIMES"}]},{"@type":"WebSite","@id":"https:\/\/cosmeticstoredz.com\/#website","url":"https:\/\/cosmeticstoredz.com\/","name":"Cosmetic Store","description":"","publisher":{"@id":"https:\/\/cosmeticstoredz.com\/#organization"},"potentialAction":[{"@type":"SearchAction","target":{"@type":"EntryPoint","urlTemplate":"https:\/\/cosmeticstoredz.com\/?s={search_term_string}"},"query-input":{"@type":"PropertyValueSpecification","valueRequired":true,"valueName":"search_term_string"}}],"inLanguage":"ar"},{"@type":"Organization","@id":"https:\/\/cosmeticstoredz.com\/#organization","name":"Cosmetic Store","url":"https:\/\/cosmeticstoredz.com\/","logo":{"@type":"ImageObject","inLanguage":"ar","@id":"https:\/\/cosmeticstoredz.com\/#\/schema\/logo\/image\/","url":"https:\/\/cosmeticstoredz.com\/wp-content\/uploads\/2026\/02\/cropped-LOGO_CS-512x512-1-1-e1771275285345.webp","contentUrl":"https:\/\/cosmeticstoredz.com\/wp-content\/uploads\/2026\/02\/cropped-LOGO_CS-512x512-1-1-e1771275285345.webp","width":265,"height":319,"caption":"Cosmetic Store"},"image":{"@id":"https:\/\/cosmeticstoredz.com\/#\/schema\/logo\/image\/"},"sameAs":["https:\/\/www.facebook.com\/profile.php?id=61564954260683","https:\/\/www.instagram.com\/cosmetic.storedz\/"]}]}},"_links":{"self":[{"href":"https:\/\/cosmeticstoredz.com\/ar\/wp-json\/wp\/v2\/product\/7607","targetHints":{"allow":["GET"]}}],"collection":[{"href":"https:\/\/cosmeticstoredz.com\/ar\/wp-json\/wp\/v2\/product"}],"about":[{"href":"https:\/\/cosmeticstoredz.com\/ar\/wp-json\/wp\/v2\/types\/product"}],"replies":[{"embeddable":true,"href":"https:\/\/cosmeticstoredz.com\/ar\/wp-json\/wp\/v2\/comments?post=7607"}],"version-history":[{"count":1,"href":"https:\/\/cosmeticstoredz.com\/ar\/wp-json\/wp\/v2\/product\/7607\/revisions"}],"predecessor-version":[{"id":21951,"href":"https:\/\/cosmeticstoredz.com\/ar\/wp-json\/wp\/v2\/product\/7607\/revisions\/21951"}],"wp:featuredmedia":[{"embeddable":true,"href":"https:\/\/cosmeticstoredz.com\/ar\/wp-json\/wp\/v2\/media\/21950"}],"wp:attachment":[{"href":"https:\/\/cosmeticstoredz.com\/ar\/wp-json\/wp\/v2\/media?parent=7607"}],"wp:term":[{"taxonomy":"product_brand","embeddable":true,"href":"https:\/\/cosmeticstoredz.com\/ar\/wp-json\/wp\/v2\/product_brand?post=7607"},{"taxonomy":"product_cat","embeddable":true,"href":"https:\/\/cosmeticstoredz.com\/ar\/wp-json\/wp\/v2\/product_cat?post=7607"},{"taxonomy":"product_tag","embeddable":true,"href":"https:\/\/cosmeticstoredz.com\/ar\/wp-json\/wp\/v2\/product_tag?post=7607"}],"curies":[{"name":"wp","href":"https:\/\/api.w.org\/{rel}","templated":true}]}}