{"id":7606,"date":"2025-06-04T20:01:11","date_gmt":"2025-06-04T20:01:11","guid":{"rendered":"https:\/\/test.fitnessworldgym27.com\/?post_type=product&#038;p=7606"},"modified":"2026-03-30T19:28:19","modified_gmt":"2026-03-30T19:28:19","slug":"viola-a-shp-350ml-chvx-plats-tres-fins","status":"publish","type":"product","link":"https:\/\/cosmeticstoredz.com\/ar\/product\/viola-a-shp-350ml-chvx-plats-tres-fins\/","title":{"rendered":"VIOLA  A\/SHP 350ML CHVX PLATS TRES FINS"},"content":{"rendered":"<p>La formule\u00a0<strong>COMPLEX COLLAG\u00c8NE<\/strong>\u00a0du d\u00e9m\u00ealant r\u00e9g\u00e9n\u00e9rant\u00a0<strong>VIOLA<\/strong>\u00a0redonne aux cheveux affaiblis la prot\u00e9ine n\u00e9cessaire pour un volume qui se voit et se sent. Vous avez bien d\u00e9barrass\u00e9 des fourches \u00e0 vos cheveux.<\/p>\n<p><strong>ETAPE 2.\u00a0<\/strong>Le d\u00e9m\u00ealant r\u00e9g\u00e9n\u00e9rant VIOLA donne encore plus de force et de volume \u00e0 vos cheveux. Pour un soin complet, utilisez ce d\u00e9m\u00ealant en compl\u00e9ment avec les autres produits Unibelle.<\/p>\n<p><b>R\u00c9SULTATS<\/b><strong>\u00a0PROUVE<\/strong><\/p>\n<p>Renforce les cheveux fins pour retrouver du volume. Le Complex de Collag\u00e8ne redonne la prot\u00e9ine n\u00e9cessaire aux cheveux plats et tr\u00e8s fins pour retrouver du volume.<\/p>","protected":false},"excerpt":{"rendered":"<p>La formule hautement performante du d\u00e9m\u00ealant traitant\u00a0<strong>VIOLA<\/strong>\u00a0au\u00a0<strong>MENTHOL + CLIMBAZOLE<\/strong>\u00a0facilite le d\u00e9m\u00ealage, renforce la fibre du cheveu avec action anti- r\u00e9cidive jusqu\u2019\u00e0 6 semaines. Ce traitement de qualit\u00e9 p\u00e9n\u00e8tre en profondeur permettant de nettoyer en douceur le cuir chevelu. Il nourrit les cheveux et maintient l\u2019aspect naturel des cheveux en les prot\u00e9geant du dess\u00e8chement.<\/p>","protected":false},"featured_media":21948,"comment_status":"open","ping_status":"closed","template":"","meta":[],"product_brand":[],"product_cat":[160,95,366],"product_tag":[90],"class_list":{"0":"post-7606","1":"product","2":"type-product","3":"status-publish","4":"has-post-thumbnail","6":"product_cat-apres-shampoing-f","7":"product_cat-soin-cheveux-f","8":"product_cat-unibelle","9":"product_tag-made-in-algeria","11":"first","12":"outofstock","13":"shipping-taxable","14":"purchasable","15":"product-type-simple"},"_links":{"self":[{"href":"https:\/\/cosmeticstoredz.com\/ar\/wp-json\/wp\/v2\/product\/7606","targetHints":{"allow":["GET"]}}],"collection":[{"href":"https:\/\/cosmeticstoredz.com\/ar\/wp-json\/wp\/v2\/product"}],"about":[{"href":"https:\/\/cosmeticstoredz.com\/ar\/wp-json\/wp\/v2\/types\/product"}],"replies":[{"embeddable":true,"href":"https:\/\/cosmeticstoredz.com\/ar\/wp-json\/wp\/v2\/comments?post=7606"}],"version-history":[{"count":1,"href":"https:\/\/cosmeticstoredz.com\/ar\/wp-json\/wp\/v2\/product\/7606\/revisions"}],"predecessor-version":[{"id":21949,"href":"https:\/\/cosmeticstoredz.com\/ar\/wp-json\/wp\/v2\/product\/7606\/revisions\/21949"}],"wp:featuredmedia":[{"embeddable":true,"href":"https:\/\/cosmeticstoredz.com\/ar\/wp-json\/wp\/v2\/media\/21948"}],"wp:attachment":[{"href":"https:\/\/cosmeticstoredz.com\/ar\/wp-json\/wp\/v2\/media?parent=7606"}],"wp:term":[{"taxonomy":"product_brand","embeddable":true,"href":"https:\/\/cosmeticstoredz.com\/ar\/wp-json\/wp\/v2\/product_brand?post=7606"},{"taxonomy":"product_cat","embeddable":true,"href":"https:\/\/cosmeticstoredz.com\/ar\/wp-json\/wp\/v2\/product_cat?post=7606"},{"taxonomy":"product_tag","embeddable":true,"href":"https:\/\/cosmeticstoredz.com\/ar\/wp-json\/wp\/v2\/product_tag?post=7606"}],"curies":[{"name":"wp","href":"https:\/\/api.w.org\/{rel}","templated":true}]}}