{"id":7605,"date":"2025-06-04T20:01:11","date_gmt":"2025-06-04T20:01:11","guid":{"rendered":"https:\/\/test.fitnessworldgym27.com\/?post_type=product&#038;p=7605"},"modified":"2026-03-30T19:25:50","modified_gmt":"2026-03-30T19:25:50","slug":"viola-a-shp-350ml-chvx-normaux-a-pellicules","status":"publish","type":"product","link":"https:\/\/cosmeticstoredz.com\/ar\/product\/viola-a-shp-350ml-chvx-normaux-a-pellicules\/","title":{"rendered":"VIOLA  A\/SHP 350ML CHVX NORMAUX A PELLICULES"},"content":{"rendered":"<p><strong>VIOLA\u00a0<\/strong><strong>USAGE FREQUENT<\/strong><\/p>\n<p>ANTI-PELLICULAIRE<\/p>\n<p>APRES SHAMPOOING TRAITANT<\/p>\n<p>ELIMINE LES PELLICULES<\/p>\n<p><strong>CLIMBAZOLE+MENTHOL<\/strong><\/p>\n<p>REDUIT LES DEMANGEAISONS<\/p>\n<p><strong>CHEVEUX NORMAUX A PELLICULES<\/strong><\/p>\n<p>La formule hautement performante du d\u00e9m\u00ealant traitant\u00a0<strong>VIOLA<\/strong>\u00a0au\u00a0<strong>MENTHOL + CLIMBAZOLE<\/strong>\u00a0facilite le d\u00e9m\u00ealage, renforce la fibre du cheveu avec action anti- r\u00e9cidive jusqu\u2019\u00e0 6 semaines. Ce traitement de qualit\u00e9 p\u00e9n\u00e8tre en profondeur permettant de nettoyer en douceur le cuir chevelu. Il nourrit les cheveux et maintient l\u2019aspect naturel des cheveux en les prot\u00e9geant du dess\u00e8chement.<\/p>\n<p>Pour continuer le chemin vers de beaux cheveux.<\/p>\n<p><strong>ETAPE 2.\u00a0<\/strong>Le d\u00e9m\u00ealant traitant\u00a0<strong>VIOLA<\/strong>\u00a0\u00e9limine et pr\u00e9vient l\u2019apparition des pellicules. Pour un soin complet, utilisez ce d\u00e9m\u00ealant en compl\u00e9ment avec les autres produits\u00a0<strong>UNIBELLE<\/strong>.<\/p>\n<p><strong>RESULTATS PROUVE<\/strong><\/p>\n<p>Elimine les pellicules d\u00e8s la premi\u00e8re utilisation, pr\u00e9vient la r\u00e9apparition des pellicules jusqu\u2019\u00e0 6 semaines, donne du corps, du volume et un lissage parfait des cheveux.<\/p>\n<p><strong>INSTRUCTIONS<\/strong><\/p>\n<p>Appliquer sur cheveux rinc\u00e9 apr\u00e8s chaque shampooing. Laissez agir 2\u00a0minutes, puis d\u00e9m\u00ealez au peigne. Rincez soigneusement. Usage r\u00e9gulier<\/p>\n<p><strong>INGREDIENTS<\/strong><\/p>\n<p>Aqua\/Water, Cetearyl Alcohol, Ceteareth12, Ceteareth20, Propylene Glycol, Cetrimonium Chloride, Citric Acid, Glycerin, Guar Hydroxypropyltrimonium Chloride, Menthol 0.01%, Climbazole 0.5%, Chloro Methyl Isothiazolin One and Methyl Isothiazolin One, Parfum\/Fragrance.<\/p>","protected":false},"excerpt":{"rendered":"<p>La formule hautement performante du d\u00e9m\u00ealant traitant\u00a0<strong>VIOLA<\/strong>\u00a0au\u00a0<strong>MENTHOL + CLIMBAZOLE<\/strong>\u00a0facilite le d\u00e9m\u00ealage, renforce la fibre du cheveu avec action anti- r\u00e9cidive jusqu\u2019\u00e0 6 semaines. Ce traitement de qualit\u00e9 p\u00e9n\u00e8tre en profondeur permettant de nettoyer en douceur le cuir chevelu. Il nourrit les cheveux et maintient l\u2019aspect naturel des cheveux en les prot\u00e9geant du dess\u00e8chement.<\/p>","protected":false},"featured_media":21946,"comment_status":"open","ping_status":"closed","template":"","meta":[],"product_brand":[],"product_cat":[160,75,366],"product_tag":[90],"class_list":{"0":"post-7605","1":"product","2":"type-product","3":"status-publish","4":"has-post-thumbnail","6":"product_cat-apres-shampoing-f","7":"product_cat-femme","8":"product_cat-unibelle","9":"product_tag-made-in-algeria","11":"first","12":"instock","13":"shipping-taxable","14":"purchasable","15":"product-type-simple"},"_links":{"self":[{"href":"https:\/\/cosmeticstoredz.com\/ar\/wp-json\/wp\/v2\/product\/7605","targetHints":{"allow":["GET"]}}],"collection":[{"href":"https:\/\/cosmeticstoredz.com\/ar\/wp-json\/wp\/v2\/product"}],"about":[{"href":"https:\/\/cosmeticstoredz.com\/ar\/wp-json\/wp\/v2\/types\/product"}],"replies":[{"embeddable":true,"href":"https:\/\/cosmeticstoredz.com\/ar\/wp-json\/wp\/v2\/comments?post=7605"}],"version-history":[{"count":1,"href":"https:\/\/cosmeticstoredz.com\/ar\/wp-json\/wp\/v2\/product\/7605\/revisions"}],"predecessor-version":[{"id":21947,"href":"https:\/\/cosmeticstoredz.com\/ar\/wp-json\/wp\/v2\/product\/7605\/revisions\/21947"}],"wp:featuredmedia":[{"embeddable":true,"href":"https:\/\/cosmeticstoredz.com\/ar\/wp-json\/wp\/v2\/media\/21946"}],"wp:attachment":[{"href":"https:\/\/cosmeticstoredz.com\/ar\/wp-json\/wp\/v2\/media?parent=7605"}],"wp:term":[{"taxonomy":"product_brand","embeddable":true,"href":"https:\/\/cosmeticstoredz.com\/ar\/wp-json\/wp\/v2\/product_brand?post=7605"},{"taxonomy":"product_cat","embeddable":true,"href":"https:\/\/cosmeticstoredz.com\/ar\/wp-json\/wp\/v2\/product_cat?post=7605"},{"taxonomy":"product_tag","embeddable":true,"href":"https:\/\/cosmeticstoredz.com\/ar\/wp-json\/wp\/v2\/product_tag?post=7605"}],"curies":[{"name":"wp","href":"https:\/\/api.w.org\/{rel}","templated":true}]}}