{"id":7583,"date":"2025-06-04T20:00:48","date_gmt":"2025-06-04T20:00:48","guid":{"rendered":"https:\/\/test.fitnessworldgym27.com\/?post_type=product&#038;p=7583"},"modified":"2026-04-18T19:25:15","modified_gmt":"2026-04-18T19:25:15","slug":"viola-a-shp-175ml-chvx-normaux-tendance-a-regrais","status":"publish","type":"product","link":"https:\/\/cosmeticstoredz.com\/ar\/product\/viola-a-shp-175ml-chvx-normaux-tendance-a-regrais\/","title":{"rendered":"VIOLA  A\/SHP 175ML CHVX NORMAUX TENDANCE A REGRAIS"},"content":{"rendered":"<p><strong>HAUTE LEGERETE<\/strong><\/p>\n<p>SHAMPOOING PURIFIANT<\/p>\n<p>ANTI-GRAS<\/p>\n<p>RACINES GRASSES, POINTES S\u00c8CHES<\/p>\n<p><strong>ARGILE DOUCE<\/strong><\/p>\n<p>SOUPLESSE &amp; BRILLANCE<\/p>\n<p><strong>CHEVEUX NORMAUX, TENDANCE \u00c0 REGRAISSER<\/strong><\/p>\n<p>Le shampooing purifiant\u00a0<strong>VIOLA<\/strong>\u00a0\u00e0 l\u2019ARGILE DOUCE pour les cheveux \u00e0 tendance grasse. La formule enrichie en argile min\u00e9rale purifie les cheveux et le cuir chevelu et prend simultan\u00e9ment soin de vos pointes. L\u2019\u00e9quilibre est r\u00e9tabli ainsi que votre chevelure devient \u00e9clatante et a\u00e9rienne.<\/p>\n<p>Le chemin vers de beaux cheveux se poursuit.<\/p>\n<p><strong>ETAPE 1.<\/strong>\u00a0Le Shampooing purifiant\u00a0<strong>VIOLA\u00a0<\/strong>donne encore plus de puret\u00e9 \u00e0 vos cheveux. Pour un soin complet, utilisez ce shampooing en compl\u00e9ment avec les autres produits\u00a0<strong>UNIBELLE<\/strong>.<\/p>\n<p><strong>RESULTATS PROUVE<\/strong><\/p>\n<p>Purifie les racines grasses et adoucit les pointes s\u00e8ches. Vos cheveux sont l\u00e9gers et brillants, revitalis\u00e9s et doux. 72h de puret\u00e9 et de l\u00e9g\u00e8ret\u00e9. Les cheveux sont incroyablement frais.<\/p>","protected":false},"excerpt":{"rendered":"<p>Le shampooing purifiant\u00a0<strong>VIOLA<\/strong>\u00a0\u00e0 l\u2019ARGILE DOUCE pour les cheveux \u00e0 tendance grasse. La formule enrichie en argile min\u00e9rale purifie les cheveux et le cuir chevelu et prend simultan\u00e9ment soin de vos pointes. L\u2019\u00e9quilibre est r\u00e9tabli ainsi que votre chevelure devient \u00e9clatante et a\u00e9rienne.<\/p>","protected":false},"featured_media":21938,"comment_status":"open","ping_status":"closed","template":"","meta":[],"product_brand":[],"product_cat":[75,325],"product_tag":[90],"class_list":{"0":"post-7583","1":"product","2":"type-product","3":"status-publish","4":"has-post-thumbnail","6":"product_cat-femme","7":"product_cat-viola","8":"product_tag-made-in-algeria","10":"first","11":"instock","12":"shipping-taxable","13":"purchasable","14":"product-type-simple"},"yoast_head":"<!-- This site is optimized with the Yoast SEO plugin v27.3 - https:\/\/yoast.com\/product\/yoast-seo-wordpress\/ -->\n<title>VIOLA A\/SHP 175ML CHVX NORMAUX TENDANCE A REGRAIS - Cosmetic Store<\/title>\n<meta name=\"robots\" content=\"index, follow, max-snippet:-1, max-image-preview:large, max-video-preview:-1\" \/>\n<link rel=\"canonical\" href=\"https:\/\/cosmeticstoredz.com\/ar\/product\/viola-a-shp-175ml-chvx-normaux-tendance-a-regrais\/\" \/>\n<meta property=\"og:locale\" content=\"ar_AR\" \/>\n<meta property=\"og:type\" content=\"article\" \/>\n<meta property=\"og:title\" content=\"VIOLA A\/SHP 175ML CHVX NORMAUX TENDANCE A REGRAIS - Cosmetic Store\" \/>\n<meta property=\"og:description\" content=\"Le shampooing purifiant\u00a0VIOLA\u00a0\u00e0 l\u2019ARGILE DOUCE pour les cheveux \u00e0 tendance grasse. La formule enrichie en argile min\u00e9rale purifie les cheveux et le cuir chevelu et prend simultan\u00e9ment soin de vos pointes. L\u2019\u00e9quilibre est r\u00e9tabli ainsi que votre chevelure devient \u00e9clatante et a\u00e9rienne.\" \/>\n<meta property=\"og:url\" content=\"https:\/\/cosmeticstoredz.com\/ar\/product\/viola-a-shp-175ml-chvx-normaux-tendance-a-regrais\/\" \/>\n<meta property=\"og:site_name\" content=\"Cosmetic Store\" \/>\n<meta property=\"article:publisher\" content=\"https:\/\/www.facebook.com\/profile.php?id=61564954260683\" \/>\n<meta property=\"article:modified_time\" content=\"2026-04-18T19:25:15+00:00\" \/>\n<meta property=\"og:image\" content=\"https:\/\/cosmeticstoredz.com\/wp-content\/uploads\/2026\/02\/Ajouter-un-titre-2024-07-25T153411.910-1.png\" \/>\n\t<meta property=\"og:image:width\" content=\"1563\" \/>\n\t<meta property=\"og:image:height\" content=\"1563\" \/>\n\t<meta property=\"og:image:type\" content=\"image\/png\" \/>\n<meta name=\"twitter:card\" content=\"summary_large_image\" \/>\n<meta name=\"twitter:label1\" content=\"\u0648\u0642\u062a \u0627\u0644\u0642\u0631\u0627\u0621\u0629 \u0627\u0644\u0645\u064f\u0642\u062f\u0651\u0631\" \/>\n\t<meta name=\"twitter:data1\" content=\"\u062f\u0642\u064a\u0642\u0629 \u0648\u0627\u062d\u062f\u0629\" \/>\n<script type=\"application\/ld+json\" class=\"yoast-schema-graph\">{\"@context\":\"https:\\\/\\\/schema.org\",\"@graph\":[{\"@type\":\"WebPage\",\"@id\":\"https:\\\/\\\/cosmeticstoredz.com\\\/produit\\\/viola-a-shp-175ml-chvx-normaux-tendance-a-regrais\\\/\",\"url\":\"https:\\\/\\\/cosmeticstoredz.com\\\/produit\\\/viola-a-shp-175ml-chvx-normaux-tendance-a-regrais\\\/\",\"name\":\"VIOLA A\\\/SHP 175ML CHVX NORMAUX TENDANCE A REGRAIS - Cosmetic Store\",\"isPartOf\":{\"@id\":\"https:\\\/\\\/cosmeticstoredz.com\\\/#website\"},\"primaryImageOfPage\":{\"@id\":\"https:\\\/\\\/cosmeticstoredz.com\\\/produit\\\/viola-a-shp-175ml-chvx-normaux-tendance-a-regrais\\\/#primaryimage\"},\"image\":{\"@id\":\"https:\\\/\\\/cosmeticstoredz.com\\\/produit\\\/viola-a-shp-175ml-chvx-normaux-tendance-a-regrais\\\/#primaryimage\"},\"thumbnailUrl\":\"https:\\\/\\\/cosmeticstoredz.com\\\/wp-content\\\/uploads\\\/2026\\\/02\\\/Ajouter-un-titre-2024-07-25T153411.910-1.png\",\"datePublished\":\"2025-06-04T20:00:48+00:00\",\"dateModified\":\"2026-04-18T19:25:15+00:00\",\"breadcrumb\":{\"@id\":\"https:\\\/\\\/cosmeticstoredz.com\\\/produit\\\/viola-a-shp-175ml-chvx-normaux-tendance-a-regrais\\\/#breadcrumb\"},\"inLanguage\":\"ar\",\"potentialAction\":[{\"@type\":\"ReadAction\",\"target\":[\"https:\\\/\\\/cosmeticstoredz.com\\\/produit\\\/viola-a-shp-175ml-chvx-normaux-tendance-a-regrais\\\/\"]}]},{\"@type\":\"ImageObject\",\"inLanguage\":\"ar\",\"@id\":\"https:\\\/\\\/cosmeticstoredz.com\\\/produit\\\/viola-a-shp-175ml-chvx-normaux-tendance-a-regrais\\\/#primaryimage\",\"url\":\"https:\\\/\\\/cosmeticstoredz.com\\\/wp-content\\\/uploads\\\/2026\\\/02\\\/Ajouter-un-titre-2024-07-25T153411.910-1.png\",\"contentUrl\":\"https:\\\/\\\/cosmeticstoredz.com\\\/wp-content\\\/uploads\\\/2026\\\/02\\\/Ajouter-un-titre-2024-07-25T153411.910-1.png\",\"width\":1563,\"height\":1563},{\"@type\":\"BreadcrumbList\",\"@id\":\"https:\\\/\\\/cosmeticstoredz.com\\\/produit\\\/viola-a-shp-175ml-chvx-normaux-tendance-a-regrais\\\/#breadcrumb\",\"itemListElement\":[{\"@type\":\"ListItem\",\"position\":1,\"name\":\"Accueil\",\"item\":\"https:\\\/\\\/cosmeticstoredz.com\\\/\"},{\"@type\":\"ListItem\",\"position\":2,\"name\":\"Boutique\",\"item\":\"https:\\\/\\\/cosmeticstoredz.com\\\/boutique\\\/\"},{\"@type\":\"ListItem\",\"position\":3,\"name\":\"VIOLA A\\\/SHP 175ML CHVX NORMAUX TENDANCE A REGRAIS\"}]},{\"@type\":\"WebSite\",\"@id\":\"https:\\\/\\\/cosmeticstoredz.com\\\/#website\",\"url\":\"https:\\\/\\\/cosmeticstoredz.com\\\/\",\"name\":\"Cosmetic Store\",\"description\":\"\",\"publisher\":{\"@id\":\"https:\\\/\\\/cosmeticstoredz.com\\\/#organization\"},\"potentialAction\":[{\"@type\":\"SearchAction\",\"target\":{\"@type\":\"EntryPoint\",\"urlTemplate\":\"https:\\\/\\\/cosmeticstoredz.com\\\/?s={search_term_string}\"},\"query-input\":{\"@type\":\"PropertyValueSpecification\",\"valueRequired\":true,\"valueName\":\"search_term_string\"}}],\"inLanguage\":\"ar\"},{\"@type\":\"Organization\",\"@id\":\"https:\\\/\\\/cosmeticstoredz.com\\\/#organization\",\"name\":\"Cosmetic Store\",\"url\":\"https:\\\/\\\/cosmeticstoredz.com\\\/\",\"logo\":{\"@type\":\"ImageObject\",\"inLanguage\":\"ar\",\"@id\":\"https:\\\/\\\/cosmeticstoredz.com\\\/#\\\/schema\\\/logo\\\/image\\\/\",\"url\":\"https:\\\/\\\/cosmeticstoredz.com\\\/wp-content\\\/uploads\\\/2026\\\/02\\\/cropped-LOGO_CS-512x512-1-1-e1771275285345.webp\",\"contentUrl\":\"https:\\\/\\\/cosmeticstoredz.com\\\/wp-content\\\/uploads\\\/2026\\\/02\\\/cropped-LOGO_CS-512x512-1-1-e1771275285345.webp\",\"width\":265,\"height\":319,\"caption\":\"Cosmetic Store\"},\"image\":{\"@id\":\"https:\\\/\\\/cosmeticstoredz.com\\\/#\\\/schema\\\/logo\\\/image\\\/\"},\"sameAs\":[\"https:\\\/\\\/www.facebook.com\\\/profile.php?id=61564954260683\",\"https:\\\/\\\/www.instagram.com\\\/cosmetic.storedz\\\/\"]}]}<\/script>\n<!-- \/ Yoast SEO plugin. -->","yoast_head_json":{"title":"VIOLA A\/SHP 175ML CHVX NORMAUX TENDANCE A REGRAIS - Cosmetic Store","robots":{"index":"index","follow":"follow","max-snippet":"max-snippet:-1","max-image-preview":"max-image-preview:large","max-video-preview":"max-video-preview:-1"},"canonical":"https:\/\/cosmeticstoredz.com\/ar\/product\/viola-a-shp-175ml-chvx-normaux-tendance-a-regrais\/","og_locale":"ar_AR","og_type":"article","og_title":"VIOLA A\/SHP 175ML CHVX NORMAUX TENDANCE A REGRAIS - Cosmetic Store","og_description":"Le shampooing purifiant\u00a0VIOLA\u00a0\u00e0 l\u2019ARGILE DOUCE pour les cheveux \u00e0 tendance grasse. La formule enrichie en argile min\u00e9rale purifie les cheveux et le cuir chevelu et prend simultan\u00e9ment soin de vos pointes. L\u2019\u00e9quilibre est r\u00e9tabli ainsi que votre chevelure devient \u00e9clatante et a\u00e9rienne.","og_url":"https:\/\/cosmeticstoredz.com\/ar\/product\/viola-a-shp-175ml-chvx-normaux-tendance-a-regrais\/","og_site_name":"Cosmetic Store","article_publisher":"https:\/\/www.facebook.com\/profile.php?id=61564954260683","article_modified_time":"2026-04-18T19:25:15+00:00","og_image":[{"width":1563,"height":1563,"url":"https:\/\/cosmeticstoredz.com\/wp-content\/uploads\/2026\/02\/Ajouter-un-titre-2024-07-25T153411.910-1.png","type":"image\/png"}],"twitter_card":"summary_large_image","twitter_misc":{"\u0648\u0642\u062a \u0627\u0644\u0642\u0631\u0627\u0621\u0629 \u0627\u0644\u0645\u064f\u0642\u062f\u0651\u0631":"\u062f\u0642\u064a\u0642\u0629 \u0648\u0627\u062d\u062f\u0629"},"schema":{"@context":"https:\/\/schema.org","@graph":[{"@type":"WebPage","@id":"https:\/\/cosmeticstoredz.com\/produit\/viola-a-shp-175ml-chvx-normaux-tendance-a-regrais\/","url":"https:\/\/cosmeticstoredz.com\/produit\/viola-a-shp-175ml-chvx-normaux-tendance-a-regrais\/","name":"VIOLA A\/SHP 175ML CHVX NORMAUX TENDANCE A REGRAIS - Cosmetic Store","isPartOf":{"@id":"https:\/\/cosmeticstoredz.com\/#website"},"primaryImageOfPage":{"@id":"https:\/\/cosmeticstoredz.com\/produit\/viola-a-shp-175ml-chvx-normaux-tendance-a-regrais\/#primaryimage"},"image":{"@id":"https:\/\/cosmeticstoredz.com\/produit\/viola-a-shp-175ml-chvx-normaux-tendance-a-regrais\/#primaryimage"},"thumbnailUrl":"https:\/\/cosmeticstoredz.com\/wp-content\/uploads\/2026\/02\/Ajouter-un-titre-2024-07-25T153411.910-1.png","datePublished":"2025-06-04T20:00:48+00:00","dateModified":"2026-04-18T19:25:15+00:00","breadcrumb":{"@id":"https:\/\/cosmeticstoredz.com\/produit\/viola-a-shp-175ml-chvx-normaux-tendance-a-regrais\/#breadcrumb"},"inLanguage":"ar","potentialAction":[{"@type":"ReadAction","target":["https:\/\/cosmeticstoredz.com\/produit\/viola-a-shp-175ml-chvx-normaux-tendance-a-regrais\/"]}]},{"@type":"ImageObject","inLanguage":"ar","@id":"https:\/\/cosmeticstoredz.com\/produit\/viola-a-shp-175ml-chvx-normaux-tendance-a-regrais\/#primaryimage","url":"https:\/\/cosmeticstoredz.com\/wp-content\/uploads\/2026\/02\/Ajouter-un-titre-2024-07-25T153411.910-1.png","contentUrl":"https:\/\/cosmeticstoredz.com\/wp-content\/uploads\/2026\/02\/Ajouter-un-titre-2024-07-25T153411.910-1.png","width":1563,"height":1563},{"@type":"BreadcrumbList","@id":"https:\/\/cosmeticstoredz.com\/produit\/viola-a-shp-175ml-chvx-normaux-tendance-a-regrais\/#breadcrumb","itemListElement":[{"@type":"ListItem","position":1,"name":"Accueil","item":"https:\/\/cosmeticstoredz.com\/"},{"@type":"ListItem","position":2,"name":"Boutique","item":"https:\/\/cosmeticstoredz.com\/boutique\/"},{"@type":"ListItem","position":3,"name":"VIOLA A\/SHP 175ML CHVX NORMAUX TENDANCE A REGRAIS"}]},{"@type":"WebSite","@id":"https:\/\/cosmeticstoredz.com\/#website","url":"https:\/\/cosmeticstoredz.com\/","name":"Cosmetic Store","description":"","publisher":{"@id":"https:\/\/cosmeticstoredz.com\/#organization"},"potentialAction":[{"@type":"SearchAction","target":{"@type":"EntryPoint","urlTemplate":"https:\/\/cosmeticstoredz.com\/?s={search_term_string}"},"query-input":{"@type":"PropertyValueSpecification","valueRequired":true,"valueName":"search_term_string"}}],"inLanguage":"ar"},{"@type":"Organization","@id":"https:\/\/cosmeticstoredz.com\/#organization","name":"Cosmetic Store","url":"https:\/\/cosmeticstoredz.com\/","logo":{"@type":"ImageObject","inLanguage":"ar","@id":"https:\/\/cosmeticstoredz.com\/#\/schema\/logo\/image\/","url":"https:\/\/cosmeticstoredz.com\/wp-content\/uploads\/2026\/02\/cropped-LOGO_CS-512x512-1-1-e1771275285345.webp","contentUrl":"https:\/\/cosmeticstoredz.com\/wp-content\/uploads\/2026\/02\/cropped-LOGO_CS-512x512-1-1-e1771275285345.webp","width":265,"height":319,"caption":"Cosmetic Store"},"image":{"@id":"https:\/\/cosmeticstoredz.com\/#\/schema\/logo\/image\/"},"sameAs":["https:\/\/www.facebook.com\/profile.php?id=61564954260683","https:\/\/www.instagram.com\/cosmetic.storedz\/"]}]}},"_links":{"self":[{"href":"https:\/\/cosmeticstoredz.com\/ar\/wp-json\/wp\/v2\/product\/7583","targetHints":{"allow":["GET"]}}],"collection":[{"href":"https:\/\/cosmeticstoredz.com\/ar\/wp-json\/wp\/v2\/product"}],"about":[{"href":"https:\/\/cosmeticstoredz.com\/ar\/wp-json\/wp\/v2\/types\/product"}],"replies":[{"embeddable":true,"href":"https:\/\/cosmeticstoredz.com\/ar\/wp-json\/wp\/v2\/comments?post=7583"}],"version-history":[{"count":1,"href":"https:\/\/cosmeticstoredz.com\/ar\/wp-json\/wp\/v2\/product\/7583\/revisions"}],"predecessor-version":[{"id":21939,"href":"https:\/\/cosmeticstoredz.com\/ar\/wp-json\/wp\/v2\/product\/7583\/revisions\/21939"}],"wp:featuredmedia":[{"embeddable":true,"href":"https:\/\/cosmeticstoredz.com\/ar\/wp-json\/wp\/v2\/media\/21938"}],"wp:attachment":[{"href":"https:\/\/cosmeticstoredz.com\/ar\/wp-json\/wp\/v2\/media?parent=7583"}],"wp:term":[{"taxonomy":"product_brand","embeddable":true,"href":"https:\/\/cosmeticstoredz.com\/ar\/wp-json\/wp\/v2\/product_brand?post=7583"},{"taxonomy":"product_cat","embeddable":true,"href":"https:\/\/cosmeticstoredz.com\/ar\/wp-json\/wp\/v2\/product_cat?post=7583"},{"taxonomy":"product_tag","embeddable":true,"href":"https:\/\/cosmeticstoredz.com\/ar\/wp-json\/wp\/v2\/product_tag?post=7583"}],"curies":[{"name":"wp","href":"https:\/\/api.w.org\/{rel}","templated":true}]}}