{"id":7577,"date":"2025-06-04T20:00:48","date_gmt":"2025-06-04T20:00:48","guid":{"rendered":"https:\/\/test.fitnessworldgym27.com\/?post_type=product&#038;p=7577"},"modified":"2026-03-30T19:25:50","modified_gmt":"2026-03-30T19:25:50","slug":"venus-serum-150ml-gloss-chvx-colores","status":"publish","type":"product","link":"https:\/\/cosmeticstoredz.com\/ar\/product\/venus-serum-150ml-gloss-chvx-colores\/","title":{"rendered":"VENUS SERUM 150ML GLOSS CHVX COLORES"},"content":{"rendered":"<p style=\"text-align: left;\">Description<\/p>\n<p style=\"text-align: left;\">Venus S\u00e9rum Gloss Pour Cheveux Color\u00e9s<\/p>\n<p style=\"text-align: left;\">Le s\u00e9rum Gloss des Laboratoires V\u00e9nus pour cheveux color\u00e9s sublime la couleur de votre chevelure et lui apporte \u00e9clart, nutrition et douceur.<\/p>\n<p style=\"text-align: left;\">Caract\u00e9ristiques du S\u00e9rum cheveux :<\/p>\n<ul>\n<li style=\"text-align: left;\">Nourrit, R\u00e9pare, d\u00e9m\u00eale et illumine vos cheveux<\/li>\n<li style=\"text-align: left;\">Formule l\u00e9g\u00e8re non grasse<\/li>\n<li style=\"text-align: left;\">Parfum envoutant<\/li>\n<li style=\"text-align: left;\">Pour cheveux color\u00e9s et m\u00e9ch\u00e9s<\/li>\n<\/ul>\n<p style=\"text-align: left;\">Description : Un bouclier pour les cheveux color\u00e9s et m\u00e9ch\u00e9s. Grace au syst\u00e8me brillance et les agents nutritifs, il facilite le coiffage en lissant la fibre et r\u00e9duisant les frisottis, r\u00e9pare et soigne vos m\u00e8ches, sublime l\u2019\u00e9clat et prononce le contraste.<\/p>\n<p style=\"text-align: left;\">R\u00e9sultat : Cheveux brillants et \u00e9clat de la couleur raviv\u00e9.<\/p>\n<p style=\"text-align: left;\">","protected":false},"excerpt":{"rendered":"<p>Description Venus S\u00e9rum Gloss Pour Cheveux Color\u00e9s Le s\u00e9rum Gloss des Laboratoires V\u00e9nus pour cheveux color\u00e9s sublime la couleur de<\/p>","protected":false},"featured_media":21926,"comment_status":"closed","ping_status":"closed","template":"","meta":[],"product_brand":[],"product_cat":[75,116,272],"product_tag":[90],"class_list":{"0":"post-7577","1":"product","2":"type-product","3":"status-publish","4":"has-post-thumbnail","6":"product_cat-femme","7":"product_cat-serum-fch","8":"product_cat-venus","9":"product_tag-made-in-algeria","11":"first","12":"instock","13":"shipping-taxable","14":"purchasable","15":"product-type-simple"},"_links":{"self":[{"href":"https:\/\/cosmeticstoredz.com\/ar\/wp-json\/wp\/v2\/product\/7577","targetHints":{"allow":["GET"]}}],"collection":[{"href":"https:\/\/cosmeticstoredz.com\/ar\/wp-json\/wp\/v2\/product"}],"about":[{"href":"https:\/\/cosmeticstoredz.com\/ar\/wp-json\/wp\/v2\/types\/product"}],"replies":[{"embeddable":true,"href":"https:\/\/cosmeticstoredz.com\/ar\/wp-json\/wp\/v2\/comments?post=7577"}],"version-history":[{"count":1,"href":"https:\/\/cosmeticstoredz.com\/ar\/wp-json\/wp\/v2\/product\/7577\/revisions"}],"predecessor-version":[{"id":21927,"href":"https:\/\/cosmeticstoredz.com\/ar\/wp-json\/wp\/v2\/product\/7577\/revisions\/21927"}],"wp:featuredmedia":[{"embeddable":true,"href":"https:\/\/cosmeticstoredz.com\/ar\/wp-json\/wp\/v2\/media\/21926"}],"wp:attachment":[{"href":"https:\/\/cosmeticstoredz.com\/ar\/wp-json\/wp\/v2\/media?parent=7577"}],"wp:term":[{"taxonomy":"product_brand","embeddable":true,"href":"https:\/\/cosmeticstoredz.com\/ar\/wp-json\/wp\/v2\/product_brand?post=7577"},{"taxonomy":"product_cat","embeddable":true,"href":"https:\/\/cosmeticstoredz.com\/ar\/wp-json\/wp\/v2\/product_cat?post=7577"},{"taxonomy":"product_tag","embeddable":true,"href":"https:\/\/cosmeticstoredz.com\/ar\/wp-json\/wp\/v2\/product_tag?post=7577"}],"curies":[{"name":"wp","href":"https:\/\/api.w.org\/{rel}","templated":true}]}}