{"id":7548,"date":"2025-06-04T20:00:26","date_gmt":"2025-06-04T20:00:26","guid":{"rendered":"https:\/\/test.fitnessworldgym27.com\/?post_type=product&#038;p=7548"},"modified":"2026-03-30T19:25:48","modified_gmt":"2026-03-30T19:25:48","slug":"venus-lait-de-toilette-bebe","status":"publish","type":"product","link":"https:\/\/cosmeticstoredz.com\/ar\/product\/venus-lait-de-toilette-bebe\/","title":{"rendered":"VENUS LAIT DE TOILETTE BEBE"},"content":{"rendered":"<p>Description<\/p>\n<p>Venus B\u00e9b\u00e9 Lait De Toilette 250 ml<\/p>\n<p>Pour le bien \u00eatre de votre b\u00e9b\u00e9, Les Laboratoires Venus ont con\u00e7u le Lait de Toilette b\u00e9b\u00e9 qui nettoie et hydrate la peau tout en douceur.<\/p>\n<p>&nbsp;<\/p>\n<p>Test\u00e9 sous contr\u00f4le dermatologique<\/p>\n<p>&nbsp;<\/p>\n<p>Conseils d\u2019utilisation :<\/p>\n<p>Appliquer le Lait de Toilette \u00ab V\u00e9nus B\u00e9b\u00e9 \u00bb d\u00e9licatement \u00e0 l\u2019aide d\u2019un coton sur le visage et l\u2019ensemble du corps de votre b\u00e9b\u00e9.<\/p>\n<p>\u00c9viter le contact avec les yeux.<\/p>\n<p>Ne pas laisser \u00e0 la port\u00e9e des enfants.<\/p>\n<p>Composition :<\/p>\n<p>Aqua, Carbomer, Almond oil 0.5%, Oleth 010, Parafinium liquidium, Tocopherol BHT, Hydroxide de sodium, Propylene glycol, Cocamidopropyl b\u00e9taine, Conservateur, Parfum.<\/p>","protected":false},"excerpt":{"rendered":"<p>Pour le bien \u00eatre de votre b\u00e9b\u00e9,\u00a0<em>Les Laboratoires V\u00e9nus<\/em>\u00a0ont con\u00e7u le\u00a0<strong>Lait de Toilette<\/strong>\u00a0\u00ab\u00a0<em><strong>V\u00e9nus B\u00e9b\u00e9<\/strong><\/em>\u00bb. Test\u00e9 sous contr\u00f4le dermatologique, il nettoie et hydrate la peau tout en douceur.<\/p>","protected":false},"featured_media":21901,"comment_status":"closed","ping_status":"closed","template":"","meta":[],"product_brand":[],"product_cat":[97,98,272],"product_tag":[90],"class_list":{"0":"post-7548","1":"product","2":"type-product","3":"status-publish","4":"has-post-thumbnail","6":"product_cat-bebe","7":"product_cat-lait-de-corps","8":"product_cat-venus","9":"product_tag-made-in-algeria","11":"first","12":"instock","13":"shipping-taxable","14":"purchasable","15":"product-type-simple"},"_links":{"self":[{"href":"https:\/\/cosmeticstoredz.com\/ar\/wp-json\/wp\/v2\/product\/7548","targetHints":{"allow":["GET"]}}],"collection":[{"href":"https:\/\/cosmeticstoredz.com\/ar\/wp-json\/wp\/v2\/product"}],"about":[{"href":"https:\/\/cosmeticstoredz.com\/ar\/wp-json\/wp\/v2\/types\/product"}],"replies":[{"embeddable":true,"href":"https:\/\/cosmeticstoredz.com\/ar\/wp-json\/wp\/v2\/comments?post=7548"}],"version-history":[{"count":1,"href":"https:\/\/cosmeticstoredz.com\/ar\/wp-json\/wp\/v2\/product\/7548\/revisions"}],"predecessor-version":[{"id":21902,"href":"https:\/\/cosmeticstoredz.com\/ar\/wp-json\/wp\/v2\/product\/7548\/revisions\/21902"}],"wp:featuredmedia":[{"embeddable":true,"href":"https:\/\/cosmeticstoredz.com\/ar\/wp-json\/wp\/v2\/media\/21901"}],"wp:attachment":[{"href":"https:\/\/cosmeticstoredz.com\/ar\/wp-json\/wp\/v2\/media?parent=7548"}],"wp:term":[{"taxonomy":"product_brand","embeddable":true,"href":"https:\/\/cosmeticstoredz.com\/ar\/wp-json\/wp\/v2\/product_brand?post=7548"},{"taxonomy":"product_cat","embeddable":true,"href":"https:\/\/cosmeticstoredz.com\/ar\/wp-json\/wp\/v2\/product_cat?post=7548"},{"taxonomy":"product_tag","embeddable":true,"href":"https:\/\/cosmeticstoredz.com\/ar\/wp-json\/wp\/v2\/product_tag?post=7548"}],"curies":[{"name":"wp","href":"https:\/\/api.w.org\/{rel}","templated":true}]}}