{"id":7547,"date":"2025-06-04T20:00:26","date_gmt":"2025-06-04T20:00:26","guid":{"rendered":"https:\/\/test.fitnessworldgym27.com\/?post_type=product&#038;p=7547"},"modified":"2026-03-30T19:25:48","modified_gmt":"2026-03-30T19:25:48","slug":"venus-huile-solaire-6spf","status":"publish","type":"product","link":"https:\/\/cosmeticstoredz.com\/ar\/product\/venus-huile-solaire-6spf\/","title":{"rendered":"VENUS HUILE SOLAIRE 6SPF"},"content":{"rendered":"<p>L\u2019huile solaire bronzante VIDERM\u00ae des LABORATOIRES VENUS \u00ae est une formule nourrissante SPF 6 hydrate votre peau pour un bronzage intense, dor\u00e9 et \u00e9quilibr\u00e9. Une huile tr\u00e8s facile \u00e0 appliquer, ne laisse pas la peau collante et donne un joli bronzage, en laissant une odeur tr\u00e8s agr\u00e9able pour un r\u00e9sultat impeccable.<\/p>\n<p>&nbsp;<\/p>\n<p>Caract\u00e9ristiques<\/p>\n<p>Test\u00e9 sous contr\u00f4le dermatologique<\/p>\n<p>Sans paraben<\/p>\n<p>R\u00e9siste \u00e0 l\u2019eau<\/p>\n<p>&nbsp;<\/p>","protected":false},"excerpt":{"rendered":"<p>L\u2019huile solaire bronzante VIDERM\u00ae des LABORATOIRES VENUS \u00ae est une formule nourrissante SPF 6 hydrate votre peau pour un bronzage intense, dor\u00e9 et \u00e9quilibr\u00e9. Une huile tr\u00e8s facile \u00e0 appliquer, ne laisse pas la peau collante et donne un joli bronzage, en laissant une odeur tr\u00e8s agr\u00e9able pour un r\u00e9sultat impeccable.<\/p>\n<p>&nbsp;<\/p>","protected":false},"featured_media":21899,"comment_status":"closed","ping_status":"closed","template":"","meta":[],"product_brand":[],"product_cat":[73,76,131,272],"product_tag":[90],"class_list":{"0":"post-7547","1":"product","2":"type-product","3":"status-publish","4":"has-post-thumbnail","6":"product_cat-soin-corps-h","7":"product_cat-soin-visage-f","8":"product_cat-solaire","9":"product_cat-venus","10":"product_tag-made-in-algeria","12":"first","13":"instock","14":"shipping-taxable","15":"purchasable","16":"product-type-simple"},"_links":{"self":[{"href":"https:\/\/cosmeticstoredz.com\/ar\/wp-json\/wp\/v2\/product\/7547","targetHints":{"allow":["GET"]}}],"collection":[{"href":"https:\/\/cosmeticstoredz.com\/ar\/wp-json\/wp\/v2\/product"}],"about":[{"href":"https:\/\/cosmeticstoredz.com\/ar\/wp-json\/wp\/v2\/types\/product"}],"replies":[{"embeddable":true,"href":"https:\/\/cosmeticstoredz.com\/ar\/wp-json\/wp\/v2\/comments?post=7547"}],"version-history":[{"count":1,"href":"https:\/\/cosmeticstoredz.com\/ar\/wp-json\/wp\/v2\/product\/7547\/revisions"}],"predecessor-version":[{"id":21900,"href":"https:\/\/cosmeticstoredz.com\/ar\/wp-json\/wp\/v2\/product\/7547\/revisions\/21900"}],"wp:featuredmedia":[{"embeddable":true,"href":"https:\/\/cosmeticstoredz.com\/ar\/wp-json\/wp\/v2\/media\/21899"}],"wp:attachment":[{"href":"https:\/\/cosmeticstoredz.com\/ar\/wp-json\/wp\/v2\/media?parent=7547"}],"wp:term":[{"taxonomy":"product_brand","embeddable":true,"href":"https:\/\/cosmeticstoredz.com\/ar\/wp-json\/wp\/v2\/product_brand?post=7547"},{"taxonomy":"product_cat","embeddable":true,"href":"https:\/\/cosmeticstoredz.com\/ar\/wp-json\/wp\/v2\/product_cat?post=7547"},{"taxonomy":"product_tag","embeddable":true,"href":"https:\/\/cosmeticstoredz.com\/ar\/wp-json\/wp\/v2\/product_tag?post=7547"}],"curies":[{"name":"wp","href":"https:\/\/api.w.org\/{rel}","templated":true}]}}