{"id":7530,"date":"2025-06-04T20:00:04","date_gmt":"2025-06-04T20:00:04","guid":{"rendered":"https:\/\/test.fitnessworldgym27.com\/?post_type=product&#038;p=7530"},"modified":"2026-03-30T23:01:55","modified_gmt":"2026-03-30T23:01:55","slug":"venus-gel-nett-eclat-peau-seches","status":"publish","type":"product","link":"https:\/\/cosmeticstoredz.com\/ar\/product\/venus-gel-nett-eclat-peau-seches\/","title":{"rendered":"VENUS GEL NETT ECLAT PEAU SECHES"},"content":{"rendered":"<p>VENUS GEL NETT ECLAT PEAU SECHES<\/p>\n<p>Prenez soin de votre peau avec le gel \u00e9clat des LABORATOIRES VENUS\u00ae.<\/p>\n<p>&nbsp;<\/p>\n<p>Ce nettoyant \u00e0 la fois doux et efficace pour le visage \u00e0 l\u2019extrait de miel, la vitamine E et le patch d\u2019eau H2O* hydrate intens\u00e9ment votre peau apporte \u00e9clat \u00e0 votre teint.<\/p>\n<p>&nbsp;<\/p>\n<p>Patch d\u2019eau H2O : est un puissant actif hydratant, \u00e0 effet imm\u00e9diat et durable.<\/p>\n<p>Test\u00e9 sous contr\u00f4le dermatologique<\/p>\n<p>Sans paraben<\/p>","protected":false},"excerpt":{"rendered":"<p>Prenez soin de votre peau avec le gel\u00a0<strong>\u00e9clat des LABORATOIRES VENUS\u00ae.<\/strong><\/p>\n<p>Ce nettoyant \u00e0 la fois doux et efficace pour le visage\u00a0<strong>\u00e0 l\u2019extrait de miel<\/strong><strong>,<\/strong>\u00a0la\u00a0<strong>vitamine E<\/strong>\u00a0et le\u00a0<strong>patch d\u2019eau H2O*<\/strong>\u00a0hydrate intens\u00e9ment votre peau apporte \u00e9clat \u00e0 votre teint.<\/p>","protected":false},"featured_media":21889,"comment_status":"open","ping_status":"closed","template":"","meta":[],"product_brand":[],"product_cat":[75,89,76,272],"product_tag":[90],"class_list":{"0":"post-7530","1":"product","2":"type-product","3":"status-publish","4":"has-post-thumbnail","6":"product_cat-femme","7":"product_cat-gel-nettoyant-f-gel-nettoyant-f","8":"product_cat-soin-visage-f","9":"product_cat-venus","10":"product_tag-made-in-algeria","12":"first","13":"outofstock","14":"shipping-taxable","15":"purchasable","16":"product-type-simple"},"_links":{"self":[{"href":"https:\/\/cosmeticstoredz.com\/ar\/wp-json\/wp\/v2\/product\/7530","targetHints":{"allow":["GET"]}}],"collection":[{"href":"https:\/\/cosmeticstoredz.com\/ar\/wp-json\/wp\/v2\/product"}],"about":[{"href":"https:\/\/cosmeticstoredz.com\/ar\/wp-json\/wp\/v2\/types\/product"}],"replies":[{"embeddable":true,"href":"https:\/\/cosmeticstoredz.com\/ar\/wp-json\/wp\/v2\/comments?post=7530"}],"version-history":[{"count":1,"href":"https:\/\/cosmeticstoredz.com\/ar\/wp-json\/wp\/v2\/product\/7530\/revisions"}],"predecessor-version":[{"id":21890,"href":"https:\/\/cosmeticstoredz.com\/ar\/wp-json\/wp\/v2\/product\/7530\/revisions\/21890"}],"wp:featuredmedia":[{"embeddable":true,"href":"https:\/\/cosmeticstoredz.com\/ar\/wp-json\/wp\/v2\/media\/21889"}],"wp:attachment":[{"href":"https:\/\/cosmeticstoredz.com\/ar\/wp-json\/wp\/v2\/media?parent=7530"}],"wp:term":[{"taxonomy":"product_brand","embeddable":true,"href":"https:\/\/cosmeticstoredz.com\/ar\/wp-json\/wp\/v2\/product_brand?post=7530"},{"taxonomy":"product_cat","embeddable":true,"href":"https:\/\/cosmeticstoredz.com\/ar\/wp-json\/wp\/v2\/product_cat?post=7530"},{"taxonomy":"product_tag","embeddable":true,"href":"https:\/\/cosmeticstoredz.com\/ar\/wp-json\/wp\/v2\/product_tag?post=7530"}],"curies":[{"name":"wp","href":"https:\/\/api.w.org\/{rel}","templated":true}]}}