{"id":7524,"date":"2025-06-04T19:59:42","date_gmt":"2025-06-04T19:59:42","guid":{"rendered":"https:\/\/test.fitnessworldgym27.com\/?post_type=product&#038;p=7524"},"modified":"2026-04-18T19:20:59","modified_gmt":"2026-04-18T19:20:59","slug":"venus-gel-douche-homme-250ml-sport-plus","status":"publish","type":"product","link":"https:\/\/cosmeticstoredz.com\/ar\/product\/venus-gel-douche-homme-250ml-sport-plus\/","title":{"rendered":"VENUS GEL DOUCHE HOMME 250ML SPORT PLUS"},"content":{"rendered":"<h5>Venus Gel douche Sport Plus Pour Homme 250 ml<\/h5>\n<p>D\u00e9couvrez le\u00a0<strong>gel douche<\/strong>\u00a0Sport\u00a0<b>pour homme des Laboratoires Venus<\/b>. Avec son\u00a0<strong>parfum frais et p\u00e9tillant<\/strong>, ce gel douche nettoie votre corps en douceur.<\/p>\n<p>Une formule hydrate la peau au quotidien. Vous appr\u00e9cierez le confort, la douceur, de ce gel moussant au PH neutre.<\/p>\n<hr \/>\n<h5>Conseils d\u2019utilisation :<\/h5>\n<ul>\n<li>R\u00e9partir une noisette de gel douche sur la peau humide et rincer.<\/li>\n<li>En cas de contact avec les yeux, rincez abondamment.<\/li>\n<\/ul>\n<hr \/>\n<h5>Pr\u00e9cautions d\u2019emploi :<\/h5>\n<div class=\"elementor-column elementor-col-33 elementor-top-column elementor-element elementor-element-57b7f8c\" data-id=\"57b7f8c\" data-element_type=\"column\">\n<div class=\"elementor-column-wrap elementor-element-populated\">\n<div class=\"elementor-widget-wrap\">\n<div class=\"elementor-element elementor-element-2f0ce1d elementor-widget elementor-widget-toggle\" data-id=\"2f0ce1d\" data-element_type=\"widget\" data-widget_type=\"toggle.default\">\n<div class=\"elementor-widget-container\">\n<div class=\"elementor-toggle\" role=\"tablist\">\n<div class=\"elementor-toggle-item\">\n<div id=\"elementor-tab-content-4934\" class=\"elementor-tab-content elementor-clearfix elementor-active\" role=\"tabpanel\" data-tab=\"4\" aria-labelledby=\"elementor-tab-title-4934\">\n<ul>\n<li>En cas de contact avec les yeux, rincez abondamment.<\/li>\n<\/ul>\n<\/div>\n<\/div>\n<\/div>\n<\/div>\n<\/div>\n<\/div>\n<\/div>\n<\/div>\n<hr \/>\n<h5>Composition :<\/h5>\n<p>Aqua, Sodium Laureth Sulfate, Coco Glucoside, Cocamidopropyl Betaine, Glycerine, Lauryl Alcohol (and) Dicaprylyl Ether, Polyquaternium-7, Sodium Chloride, EDTA, Ctric Acid, Conservateur, Parfum .<\/p>\n<hr \/>\n<p>D\u00e9couvrez notre s\u00e9lection des\u00a0<a href=\"https:\/\/kadisse.com\/?s=venus+gel+douche+Homme+&amp;post_type=product&amp;lang=fr\" target=\"_blank\" rel=\"noopener\">gels douche Homme<\/a>\u00a0des\u00a0<strong>Laboratoires Venus<\/strong>.<\/p>\n<hr \/>\n<h4>Pourquoi choisir un gel douche pour homme ?<\/h4>\n<p>La star des salles de bain, concurrent direct du savon traditionnel, ne se choisit pas \u00e0 la l\u00e9g\u00e8re. Il doit \u00eatre adapt\u00e9 \u00e0 une peau masculine.<\/p>\n<h5><span id=\"Gel_douche_pour_homme_pour_des_besoins_specifiques\" class=\"ez-toc-section\"><\/span>Gel douche pour homme pour des besoins sp\u00e9cifiques<\/h5>\n<p>La peau des hommes, vous le savez sans doute, est bien diff\u00e9rente de celle des femmes. Cela tient \u00e0 des raisons purement hormonales. Le\u00a0<strong>r\u00f4le de la testost\u00e9ron<\/strong>e intervient sur plusieurs caract\u00e9ristiques de la peau de ces messieurs. Parmi ces diff\u00e9rences, on notre principalement\u00a0:<\/p>\n<p>Une\u00a0<strong>\u00e9paisseur<\/strong>\u00a0plus importante de la peau (20 % de plus que chez les femmes)<\/p>\n<p>Des\u00a0<strong>s\u00e9cr\u00e9tions de s\u00e9bum assez cons\u00e9quentes<\/strong>\u00a0li\u00e9es au plus grand nombre de glandes s\u00e9bac\u00e9es.<\/p>\n<p>Un\u00a0<strong>vieillissement moins rapide<\/strong>\u00a0d\u00fb \u00e0 un taux de collag\u00e8ne plus constant. Mais si l\u2019apparition des premi\u00e8res rides est plus tardive chez l\u2019homme, elles sont par contre, plus profondes.<\/p>\n<p>Ces quelques diff\u00e9rences hommes-femmes g\u00e9n\u00e8rent donc des besoins particuliers en mati\u00e8re de gel douche. L\u2019hydratation pourra \u00eatre moins intense, mais le nettoyage des impuret\u00e9s qui se collent sur une peau plus grasse, devra se faire plus en profondeur.<\/p>","protected":false},"excerpt":{"rendered":"<p>D\u00e9couvrez le gel douche\u00a0<strong>SPORT<\/strong>. Avec son\u00a0parfum frais et p\u00e9tillant, ce gel douche nettoie\u00a0votre corps en douceur,<\/p>","protected":false},"featured_media":21881,"comment_status":"open","ping_status":"closed","template":"","meta":[],"product_brand":[],"product_cat":[74,72],"product_tag":[90],"class_list":{"0":"post-7524","1":"product","2":"type-product","3":"status-publish","4":"has-post-thumbnail","6":"product_cat-gel-douche-h","7":"product_cat-homme","8":"product_tag-made-in-algeria","10":"first","11":"outofstock","12":"shipping-taxable","13":"purchasable","14":"product-type-simple"},"yoast_head":"<!-- This site is optimized with the Yoast SEO plugin v27.3 - https:\/\/yoast.com\/product\/yoast-seo-wordpress\/ -->\n<title>VENUS GEL DOUCHE HOMME 250ML SPORT PLUS - Cosmetic Store<\/title>\n<meta name=\"robots\" content=\"index, follow, max-snippet:-1, max-image-preview:large, max-video-preview:-1\" \/>\n<link rel=\"canonical\" href=\"https:\/\/cosmeticstoredz.com\/ar\/product\/venus-gel-douche-homme-250ml-sport-plus\/\" \/>\n<meta property=\"og:locale\" content=\"ar_AR\" \/>\n<meta property=\"og:type\" content=\"article\" \/>\n<meta property=\"og:title\" content=\"VENUS GEL DOUCHE HOMME 250ML SPORT PLUS - Cosmetic Store\" \/>\n<meta property=\"og:description\" content=\"D\u00e9couvrez le gel douche\u00a0SPORT. Avec son\u00a0parfum frais et p\u00e9tillant, ce gel douche nettoie\u00a0votre corps en douceur,\" \/>\n<meta property=\"og:url\" content=\"https:\/\/cosmeticstoredz.com\/ar\/product\/venus-gel-douche-homme-250ml-sport-plus\/\" \/>\n<meta property=\"og:site_name\" content=\"Cosmetic Store\" \/>\n<meta property=\"article:publisher\" content=\"https:\/\/www.facebook.com\/profile.php?id=61564954260683\" \/>\n<meta property=\"article:modified_time\" content=\"2026-04-18T19:20:59+00:00\" \/>\n<meta property=\"og:image\" content=\"https:\/\/cosmeticstoredz.com\/wp-content\/uploads\/2026\/02\/Ajouter-un-titre-2024-07-27T103437.241.png\" \/>\n\t<meta property=\"og:image:width\" content=\"500\" \/>\n\t<meta property=\"og:image:height\" content=\"500\" \/>\n\t<meta property=\"og:image:type\" content=\"image\/png\" \/>\n<meta name=\"twitter:card\" content=\"summary_large_image\" \/>\n<meta name=\"twitter:label1\" content=\"\u0648\u0642\u062a \u0627\u0644\u0642\u0631\u0627\u0621\u0629 \u0627\u0644\u0645\u064f\u0642\u062f\u0651\u0631\" \/>\n\t<meta name=\"twitter:data1\" content=\"\u062f\u0642\u064a\u0642\u062a\u0627\u0646\" \/>\n<script type=\"application\/ld+json\" class=\"yoast-schema-graph\">{\"@context\":\"https:\\\/\\\/schema.org\",\"@graph\":[{\"@type\":\"WebPage\",\"@id\":\"https:\\\/\\\/cosmeticstoredz.com\\\/produit\\\/venus-gel-douche-homme-250ml-sport-plus\\\/\",\"url\":\"https:\\\/\\\/cosmeticstoredz.com\\\/produit\\\/venus-gel-douche-homme-250ml-sport-plus\\\/\",\"name\":\"VENUS GEL DOUCHE HOMME 250ML SPORT PLUS - Cosmetic Store\",\"isPartOf\":{\"@id\":\"https:\\\/\\\/cosmeticstoredz.com\\\/#website\"},\"primaryImageOfPage\":{\"@id\":\"https:\\\/\\\/cosmeticstoredz.com\\\/produit\\\/venus-gel-douche-homme-250ml-sport-plus\\\/#primaryimage\"},\"image\":{\"@id\":\"https:\\\/\\\/cosmeticstoredz.com\\\/produit\\\/venus-gel-douche-homme-250ml-sport-plus\\\/#primaryimage\"},\"thumbnailUrl\":\"https:\\\/\\\/cosmeticstoredz.com\\\/wp-content\\\/uploads\\\/2026\\\/02\\\/Ajouter-un-titre-2024-07-27T103437.241.png\",\"datePublished\":\"2025-06-04T19:59:42+00:00\",\"dateModified\":\"2026-04-18T19:20:59+00:00\",\"breadcrumb\":{\"@id\":\"https:\\\/\\\/cosmeticstoredz.com\\\/produit\\\/venus-gel-douche-homme-250ml-sport-plus\\\/#breadcrumb\"},\"inLanguage\":\"ar\",\"potentialAction\":[{\"@type\":\"ReadAction\",\"target\":[\"https:\\\/\\\/cosmeticstoredz.com\\\/produit\\\/venus-gel-douche-homme-250ml-sport-plus\\\/\"]}]},{\"@type\":\"ImageObject\",\"inLanguage\":\"ar\",\"@id\":\"https:\\\/\\\/cosmeticstoredz.com\\\/produit\\\/venus-gel-douche-homme-250ml-sport-plus\\\/#primaryimage\",\"url\":\"https:\\\/\\\/cosmeticstoredz.com\\\/wp-content\\\/uploads\\\/2026\\\/02\\\/Ajouter-un-titre-2024-07-27T103437.241.png\",\"contentUrl\":\"https:\\\/\\\/cosmeticstoredz.com\\\/wp-content\\\/uploads\\\/2026\\\/02\\\/Ajouter-un-titre-2024-07-27T103437.241.png\",\"width\":500,\"height\":500},{\"@type\":\"BreadcrumbList\",\"@id\":\"https:\\\/\\\/cosmeticstoredz.com\\\/produit\\\/venus-gel-douche-homme-250ml-sport-plus\\\/#breadcrumb\",\"itemListElement\":[{\"@type\":\"ListItem\",\"position\":1,\"name\":\"Accueil\",\"item\":\"https:\\\/\\\/cosmeticstoredz.com\\\/\"},{\"@type\":\"ListItem\",\"position\":2,\"name\":\"Boutique\",\"item\":\"https:\\\/\\\/cosmeticstoredz.com\\\/boutique\\\/\"},{\"@type\":\"ListItem\",\"position\":3,\"name\":\"VENUS GEL DOUCHE HOMME 250ML SPORT PLUS\"}]},{\"@type\":\"WebSite\",\"@id\":\"https:\\\/\\\/cosmeticstoredz.com\\\/#website\",\"url\":\"https:\\\/\\\/cosmeticstoredz.com\\\/\",\"name\":\"Cosmetic Store\",\"description\":\"\",\"publisher\":{\"@id\":\"https:\\\/\\\/cosmeticstoredz.com\\\/#organization\"},\"potentialAction\":[{\"@type\":\"SearchAction\",\"target\":{\"@type\":\"EntryPoint\",\"urlTemplate\":\"https:\\\/\\\/cosmeticstoredz.com\\\/?s={search_term_string}\"},\"query-input\":{\"@type\":\"PropertyValueSpecification\",\"valueRequired\":true,\"valueName\":\"search_term_string\"}}],\"inLanguage\":\"ar\"},{\"@type\":\"Organization\",\"@id\":\"https:\\\/\\\/cosmeticstoredz.com\\\/#organization\",\"name\":\"Cosmetic Store\",\"url\":\"https:\\\/\\\/cosmeticstoredz.com\\\/\",\"logo\":{\"@type\":\"ImageObject\",\"inLanguage\":\"ar\",\"@id\":\"https:\\\/\\\/cosmeticstoredz.com\\\/#\\\/schema\\\/logo\\\/image\\\/\",\"url\":\"https:\\\/\\\/cosmeticstoredz.com\\\/wp-content\\\/uploads\\\/2026\\\/02\\\/cropped-LOGO_CS-512x512-1-1-e1771275285345.webp\",\"contentUrl\":\"https:\\\/\\\/cosmeticstoredz.com\\\/wp-content\\\/uploads\\\/2026\\\/02\\\/cropped-LOGO_CS-512x512-1-1-e1771275285345.webp\",\"width\":265,\"height\":319,\"caption\":\"Cosmetic Store\"},\"image\":{\"@id\":\"https:\\\/\\\/cosmeticstoredz.com\\\/#\\\/schema\\\/logo\\\/image\\\/\"},\"sameAs\":[\"https:\\\/\\\/www.facebook.com\\\/profile.php?id=61564954260683\",\"https:\\\/\\\/www.instagram.com\\\/cosmetic.storedz\\\/\"]}]}<\/script>\n<!-- \/ Yoast SEO plugin. -->","yoast_head_json":{"title":"VENUS GEL DOUCHE HOMME 250ML SPORT PLUS - Cosmetic Store","robots":{"index":"index","follow":"follow","max-snippet":"max-snippet:-1","max-image-preview":"max-image-preview:large","max-video-preview":"max-video-preview:-1"},"canonical":"https:\/\/cosmeticstoredz.com\/ar\/product\/venus-gel-douche-homme-250ml-sport-plus\/","og_locale":"ar_AR","og_type":"article","og_title":"VENUS GEL DOUCHE HOMME 250ML SPORT PLUS - Cosmetic Store","og_description":"D\u00e9couvrez le gel douche\u00a0SPORT. Avec son\u00a0parfum frais et p\u00e9tillant, ce gel douche nettoie\u00a0votre corps en douceur,","og_url":"https:\/\/cosmeticstoredz.com\/ar\/product\/venus-gel-douche-homme-250ml-sport-plus\/","og_site_name":"Cosmetic Store","article_publisher":"https:\/\/www.facebook.com\/profile.php?id=61564954260683","article_modified_time":"2026-04-18T19:20:59+00:00","og_image":[{"width":500,"height":500,"url":"https:\/\/cosmeticstoredz.com\/wp-content\/uploads\/2026\/02\/Ajouter-un-titre-2024-07-27T103437.241.png","type":"image\/png"}],"twitter_card":"summary_large_image","twitter_misc":{"\u0648\u0642\u062a \u0627\u0644\u0642\u0631\u0627\u0621\u0629 \u0627\u0644\u0645\u064f\u0642\u062f\u0651\u0631":"\u062f\u0642\u064a\u0642\u062a\u0627\u0646"},"schema":{"@context":"https:\/\/schema.org","@graph":[{"@type":"WebPage","@id":"https:\/\/cosmeticstoredz.com\/produit\/venus-gel-douche-homme-250ml-sport-plus\/","url":"https:\/\/cosmeticstoredz.com\/produit\/venus-gel-douche-homme-250ml-sport-plus\/","name":"VENUS GEL DOUCHE HOMME 250ML SPORT PLUS - Cosmetic Store","isPartOf":{"@id":"https:\/\/cosmeticstoredz.com\/#website"},"primaryImageOfPage":{"@id":"https:\/\/cosmeticstoredz.com\/produit\/venus-gel-douche-homme-250ml-sport-plus\/#primaryimage"},"image":{"@id":"https:\/\/cosmeticstoredz.com\/produit\/venus-gel-douche-homme-250ml-sport-plus\/#primaryimage"},"thumbnailUrl":"https:\/\/cosmeticstoredz.com\/wp-content\/uploads\/2026\/02\/Ajouter-un-titre-2024-07-27T103437.241.png","datePublished":"2025-06-04T19:59:42+00:00","dateModified":"2026-04-18T19:20:59+00:00","breadcrumb":{"@id":"https:\/\/cosmeticstoredz.com\/produit\/venus-gel-douche-homme-250ml-sport-plus\/#breadcrumb"},"inLanguage":"ar","potentialAction":[{"@type":"ReadAction","target":["https:\/\/cosmeticstoredz.com\/produit\/venus-gel-douche-homme-250ml-sport-plus\/"]}]},{"@type":"ImageObject","inLanguage":"ar","@id":"https:\/\/cosmeticstoredz.com\/produit\/venus-gel-douche-homme-250ml-sport-plus\/#primaryimage","url":"https:\/\/cosmeticstoredz.com\/wp-content\/uploads\/2026\/02\/Ajouter-un-titre-2024-07-27T103437.241.png","contentUrl":"https:\/\/cosmeticstoredz.com\/wp-content\/uploads\/2026\/02\/Ajouter-un-titre-2024-07-27T103437.241.png","width":500,"height":500},{"@type":"BreadcrumbList","@id":"https:\/\/cosmeticstoredz.com\/produit\/venus-gel-douche-homme-250ml-sport-plus\/#breadcrumb","itemListElement":[{"@type":"ListItem","position":1,"name":"Accueil","item":"https:\/\/cosmeticstoredz.com\/"},{"@type":"ListItem","position":2,"name":"Boutique","item":"https:\/\/cosmeticstoredz.com\/boutique\/"},{"@type":"ListItem","position":3,"name":"VENUS GEL DOUCHE HOMME 250ML SPORT PLUS"}]},{"@type":"WebSite","@id":"https:\/\/cosmeticstoredz.com\/#website","url":"https:\/\/cosmeticstoredz.com\/","name":"Cosmetic Store","description":"","publisher":{"@id":"https:\/\/cosmeticstoredz.com\/#organization"},"potentialAction":[{"@type":"SearchAction","target":{"@type":"EntryPoint","urlTemplate":"https:\/\/cosmeticstoredz.com\/?s={search_term_string}"},"query-input":{"@type":"PropertyValueSpecification","valueRequired":true,"valueName":"search_term_string"}}],"inLanguage":"ar"},{"@type":"Organization","@id":"https:\/\/cosmeticstoredz.com\/#organization","name":"Cosmetic Store","url":"https:\/\/cosmeticstoredz.com\/","logo":{"@type":"ImageObject","inLanguage":"ar","@id":"https:\/\/cosmeticstoredz.com\/#\/schema\/logo\/image\/","url":"https:\/\/cosmeticstoredz.com\/wp-content\/uploads\/2026\/02\/cropped-LOGO_CS-512x512-1-1-e1771275285345.webp","contentUrl":"https:\/\/cosmeticstoredz.com\/wp-content\/uploads\/2026\/02\/cropped-LOGO_CS-512x512-1-1-e1771275285345.webp","width":265,"height":319,"caption":"Cosmetic Store"},"image":{"@id":"https:\/\/cosmeticstoredz.com\/#\/schema\/logo\/image\/"},"sameAs":["https:\/\/www.facebook.com\/profile.php?id=61564954260683","https:\/\/www.instagram.com\/cosmetic.storedz\/"]}]}},"_links":{"self":[{"href":"https:\/\/cosmeticstoredz.com\/ar\/wp-json\/wp\/v2\/product\/7524","targetHints":{"allow":["GET"]}}],"collection":[{"href":"https:\/\/cosmeticstoredz.com\/ar\/wp-json\/wp\/v2\/product"}],"about":[{"href":"https:\/\/cosmeticstoredz.com\/ar\/wp-json\/wp\/v2\/types\/product"}],"replies":[{"embeddable":true,"href":"https:\/\/cosmeticstoredz.com\/ar\/wp-json\/wp\/v2\/comments?post=7524"}],"version-history":[{"count":1,"href":"https:\/\/cosmeticstoredz.com\/ar\/wp-json\/wp\/v2\/product\/7524\/revisions"}],"predecessor-version":[{"id":21882,"href":"https:\/\/cosmeticstoredz.com\/ar\/wp-json\/wp\/v2\/product\/7524\/revisions\/21882"}],"wp:featuredmedia":[{"embeddable":true,"href":"https:\/\/cosmeticstoredz.com\/ar\/wp-json\/wp\/v2\/media\/21881"}],"wp:attachment":[{"href":"https:\/\/cosmeticstoredz.com\/ar\/wp-json\/wp\/v2\/media?parent=7524"}],"wp:term":[{"taxonomy":"product_brand","embeddable":true,"href":"https:\/\/cosmeticstoredz.com\/ar\/wp-json\/wp\/v2\/product_brand?post=7524"},{"taxonomy":"product_cat","embeddable":true,"href":"https:\/\/cosmeticstoredz.com\/ar\/wp-json\/wp\/v2\/product_cat?post=7524"},{"taxonomy":"product_tag","embeddable":true,"href":"https:\/\/cosmeticstoredz.com\/ar\/wp-json\/wp\/v2\/product_tag?post=7524"}],"curies":[{"name":"wp","href":"https:\/\/api.w.org\/{rel}","templated":true}]}}