{"id":7519,"date":"2025-06-04T19:59:42","date_gmt":"2025-06-04T19:59:42","guid":{"rendered":"https:\/\/test.fitnessworldgym27.com\/?post_type=product&#038;p=7519"},"modified":"2026-04-07T14:19:24","modified_gmt":"2026-04-07T14:19:24","slug":"venus-gel-douche-240ml-tentation-exotique","status":"publish","type":"product","link":"https:\/\/cosmeticstoredz.com\/ar\/product\/venus-gel-douche-240ml-tentation-exotique\/","title":{"rendered":"VENUS GEL DOUCHE 240ML TENTATION EXOTIQUE"},"content":{"rendered":"<p>Pour embellir votre peau, rendez votre douche unique avec notre gel douche au parfum p\u00e9tillant et d\u00e9licieusement exotique : \u00e9veillant les sens et donne de l\u2019\u00e9nergie pour commencer la journ\u00e9e en beaut\u00e9.<\/p>\n<ul>\n<li>Test\u00e9 sous contr\u00f4le dermatologique<\/li>\n<li>Sans paraben<\/li>\n<li>pH neutre pour la peau<\/li>\n<\/ul>","protected":false},"excerpt":{"rendered":"<p>Pour embellir votre peau, rendez votre douche unique avec notre gel douche au parfum p\u00e9tillant et d\u00e9licieusement exotique : \u00e9veillant les sens et donne de l\u2019\u00e9nergie pour commencer la journ\u00e9e en beaut\u00e9.<\/p>","protected":false},"featured_media":21871,"comment_status":"open","ping_status":"closed","template":"","meta":[],"product_brand":[],"product_cat":[75,169,272],"product_tag":[90],"class_list":{"0":"post-7519","1":"product","2":"type-product","3":"status-publish","4":"has-post-thumbnail","6":"product_cat-femme","7":"product_cat-gel-douche-f","8":"product_cat-venus","9":"product_tag-made-in-algeria","11":"first","12":"instock","13":"shipping-taxable","14":"purchasable","15":"product-type-simple"},"_links":{"self":[{"href":"https:\/\/cosmeticstoredz.com\/ar\/wp-json\/wp\/v2\/product\/7519","targetHints":{"allow":["GET"]}}],"collection":[{"href":"https:\/\/cosmeticstoredz.com\/ar\/wp-json\/wp\/v2\/product"}],"about":[{"href":"https:\/\/cosmeticstoredz.com\/ar\/wp-json\/wp\/v2\/types\/product"}],"replies":[{"embeddable":true,"href":"https:\/\/cosmeticstoredz.com\/ar\/wp-json\/wp\/v2\/comments?post=7519"}],"version-history":[{"count":1,"href":"https:\/\/cosmeticstoredz.com\/ar\/wp-json\/wp\/v2\/product\/7519\/revisions"}],"predecessor-version":[{"id":21872,"href":"https:\/\/cosmeticstoredz.com\/ar\/wp-json\/wp\/v2\/product\/7519\/revisions\/21872"}],"wp:featuredmedia":[{"embeddable":true,"href":"https:\/\/cosmeticstoredz.com\/ar\/wp-json\/wp\/v2\/media\/21871"}],"wp:attachment":[{"href":"https:\/\/cosmeticstoredz.com\/ar\/wp-json\/wp\/v2\/media?parent=7519"}],"wp:term":[{"taxonomy":"product_brand","embeddable":true,"href":"https:\/\/cosmeticstoredz.com\/ar\/wp-json\/wp\/v2\/product_brand?post=7519"},{"taxonomy":"product_cat","embeddable":true,"href":"https:\/\/cosmeticstoredz.com\/ar\/wp-json\/wp\/v2\/product_cat?post=7519"},{"taxonomy":"product_tag","embeddable":true,"href":"https:\/\/cosmeticstoredz.com\/ar\/wp-json\/wp\/v2\/product_tag?post=7519"}],"curies":[{"name":"wp","href":"https:\/\/api.w.org\/{rel}","templated":true}]}}