{"id":7501,"date":"2025-06-04T19:59:19","date_gmt":"2025-06-04T19:59:19","guid":{"rendered":"https:\/\/test.fitnessworldgym27.com\/?post_type=product&#038;p=7501"},"modified":"2026-03-30T19:25:47","modified_gmt":"2026-03-30T19:25:47","slug":"venus-eaux-micillaire-200ml","status":"publish","type":"product","link":"https:\/\/cosmeticstoredz.com\/ar\/product\/venus-eaux-micillaire-200ml\/","title":{"rendered":"VENUS EAUX MICILLAIRE 200ML"},"content":{"rendered":"<p style=\"text-align: left;\">L\u2019Eau Micellaire\u00a0<strong>VIDERM<\/strong>\u00ae des LABORATOIRES VENUS nettoie et d\u00e9maquille en un seul geste le visage, les yeux et les l\u00e8vres m\u00eame les plus sensibles. Elle \u00e9limine les impuret\u00e9s et le maquillage tout en nettoyant la peau. Sa texture eau fra\u00eeche laisse la peau propre, douce et confortable.\u00a0<strong>\u00ab\u00a0Plus de 90% des ingr\u00e9dients sont d\u2019origine naturelle\u00a0\u00bb<\/strong><\/p>\n<p>Caract\u00e9ristiques :<\/p>\n<ul>\n<li>Test\u00e9 sous contr\u00f4le dermatologique et ophtalmologique.<\/li>\n<li>Sans savon<\/li>\n<li>Sans colorant<\/li>\n<li>Sans phtalates<\/li>\n<li>Sans paraben<\/li>\n<\/ul>","protected":false},"excerpt":{"rendered":"<p>L\u2019Eau Micellaire\u00a0<strong>VIDERM<\/strong>\u00ae des LABORATOIRES VENUS nettoie et d\u00e9maquille en un seul geste le visage, les yeux et les l\u00e8vres m\u00eame les plus sensibles.<\/p>","protected":false},"featured_media":21859,"comment_status":"open","ping_status":"closed","template":"","meta":[],"product_brand":[],"product_cat":[136,137,75,122,76,272],"product_tag":[90],"class_list":{"0":"post-7501","1":"product","2":"type-product","3":"status-publish","4":"has-post-thumbnail","6":"product_cat-demaquillant","7":"product_cat-demaquillant-make-up","8":"product_cat-femme","9":"product_cat-make-up","10":"product_cat-soin-visage-f","11":"product_cat-venus","12":"product_tag-made-in-algeria","14":"first","15":"instock","16":"shipping-taxable","17":"purchasable","18":"product-type-simple"},"_links":{"self":[{"href":"https:\/\/cosmeticstoredz.com\/ar\/wp-json\/wp\/v2\/product\/7501","targetHints":{"allow":["GET"]}}],"collection":[{"href":"https:\/\/cosmeticstoredz.com\/ar\/wp-json\/wp\/v2\/product"}],"about":[{"href":"https:\/\/cosmeticstoredz.com\/ar\/wp-json\/wp\/v2\/types\/product"}],"replies":[{"embeddable":true,"href":"https:\/\/cosmeticstoredz.com\/ar\/wp-json\/wp\/v2\/comments?post=7501"}],"version-history":[{"count":1,"href":"https:\/\/cosmeticstoredz.com\/ar\/wp-json\/wp\/v2\/product\/7501\/revisions"}],"predecessor-version":[{"id":21860,"href":"https:\/\/cosmeticstoredz.com\/ar\/wp-json\/wp\/v2\/product\/7501\/revisions\/21860"}],"wp:featuredmedia":[{"embeddable":true,"href":"https:\/\/cosmeticstoredz.com\/ar\/wp-json\/wp\/v2\/media\/21859"}],"wp:attachment":[{"href":"https:\/\/cosmeticstoredz.com\/ar\/wp-json\/wp\/v2\/media?parent=7501"}],"wp:term":[{"taxonomy":"product_brand","embeddable":true,"href":"https:\/\/cosmeticstoredz.com\/ar\/wp-json\/wp\/v2\/product_brand?post=7501"},{"taxonomy":"product_cat","embeddable":true,"href":"https:\/\/cosmeticstoredz.com\/ar\/wp-json\/wp\/v2\/product_cat?post=7501"},{"taxonomy":"product_tag","embeddable":true,"href":"https:\/\/cosmeticstoredz.com\/ar\/wp-json\/wp\/v2\/product_tag?post=7501"}],"curies":[{"name":"wp","href":"https:\/\/api.w.org\/{rel}","templated":true}]}}