{"id":7500,"date":"2025-06-04T19:59:19","date_gmt":"2025-06-04T19:59:19","guid":{"rendered":"https:\/\/test.fitnessworldgym27.com\/?post_type=product&#038;p=7500"},"modified":"2026-04-18T19:20:58","modified_gmt":"2026-04-18T19:20:58","slug":"venus-eau-micellaire-250ml-biphasique-peaux-sensis","status":"publish","type":"product","link":"https:\/\/cosmeticstoredz.com\/ar\/product\/venus-eau-micellaire-250ml-biphasique-peaux-sensis\/","title":{"rendered":"VENUS EAU MICELLAIRE 250ML BIPHASIQUE PEAUX SENSIS"},"content":{"rendered":"<p>Vous avez la peau sensible, et vous n\u2019avez pas trouv\u00e9 votre solution d\u00e9maquillante\u00a0!<\/p>\n<p>Utilisez L\u2019Eau Micellaire\u00a0<strong>VIDERM<\/strong><strong>\u00ae<\/strong>\u00a0Peaux sensibles biphasique des\u00a0<strong>LABORATOIRES VENUS\u00ae.<\/strong>\u00a0Une solution d\u00e9maquillante formul\u00e9e \u00e0 l\u2019extrait d\u2019Aloe Vera, nettoie et d\u00e9maquille le visage, les yeux et les l\u00e8vres en douceur et en un seul geste.<\/p>\n<p>Pour\u00a0<strong>une peau bien hydrat\u00e9e<\/strong>, l\u2019eau micellaire biphasique allie efficacit\u00e9 et douceur :<\/p>\n<ul>\n<li>Une phase huile pour dissoudre le maquillage intense<\/li>\n<li>Une phase eau enrichie en micelles pour \u00e9liminer les impuret\u00e9s<\/li>\n<\/ul>\n<p>Caract\u00e9ristiques :<\/p>\n<ul>\n<li>Enrichie \u00e0 l\u2019extrait d\u2019Aloe vera<\/li>\n<li>Sans paraben<\/li>\n<li>Sans alcool<\/li>\n<li>Sans effet gras<\/li>\n<li>Test\u00e9 sous contr\u00f4le dermatologique et ophtalmologique<\/li>\n<\/ul>","protected":false},"excerpt":{"rendered":"<p>Utilisez L\u2019Eau Micellaire\u00a0<strong>VIDERM<\/strong><strong>\u00ae<\/strong>\u00a0Peaux sensibles biphasique des\u00a0<strong>LABORATOIRES VENUS\u00ae.<\/strong>\u00a0Une solution d\u00e9maquillante formul\u00e9e \u00e0 l\u2019extrait d\u2019Aloe Vera, nettoie et d\u00e9maquille le visage, les yeux et les l\u00e8vres en douceur et en un seul geste<\/p>","protected":false},"featured_media":21857,"comment_status":"open","ping_status":"closed","template":"","meta":[],"product_brand":[],"product_cat":[136,137,75,122,76,272],"product_tag":[90],"class_list":{"0":"post-7500","1":"product","2":"type-product","3":"status-publish","4":"has-post-thumbnail","6":"product_cat-demaquillant","7":"product_cat-demaquillant-make-up","8":"product_cat-femme","9":"product_cat-make-up","10":"product_cat-soin-visage-f","11":"product_cat-venus","12":"product_tag-made-in-algeria","14":"first","15":"outofstock","16":"shipping-taxable","17":"purchasable","18":"product-type-simple"},"yoast_head":"<!-- This site is optimized with the Yoast SEO plugin v27.3 - https:\/\/yoast.com\/product\/yoast-seo-wordpress\/ -->\n<title>VENUS EAU MICELLAIRE 250ML BIPHASIQUE PEAUX SENSIS - Cosmetic Store<\/title>\n<meta name=\"robots\" content=\"index, follow, max-snippet:-1, max-image-preview:large, max-video-preview:-1\" \/>\n<link rel=\"canonical\" href=\"https:\/\/cosmeticstoredz.com\/ar\/product\/venus-eau-micellaire-250ml-biphasique-peaux-sensis\/\" \/>\n<meta property=\"og:locale\" content=\"ar_AR\" \/>\n<meta property=\"og:type\" content=\"article\" \/>\n<meta property=\"og:title\" content=\"VENUS EAU MICELLAIRE 250ML BIPHASIQUE PEAUX SENSIS - Cosmetic Store\" \/>\n<meta property=\"og:description\" content=\"Utilisez L\u2019Eau Micellaire\u00a0VIDERM\u00ae\u00a0Peaux sensibles biphasique des\u00a0LABORATOIRES VENUS\u00ae.\u00a0Une solution d\u00e9maquillante formul\u00e9e \u00e0 l\u2019extrait d\u2019Aloe Vera, nettoie et d\u00e9maquille le visage, les yeux et les l\u00e8vres en douceur et en un seul geste\" \/>\n<meta property=\"og:url\" content=\"https:\/\/cosmeticstoredz.com\/ar\/product\/venus-eau-micellaire-250ml-biphasique-peaux-sensis\/\" \/>\n<meta property=\"og:site_name\" content=\"Cosmetic Store\" \/>\n<meta property=\"article:publisher\" content=\"https:\/\/www.facebook.com\/profile.php?id=61564954260683\" \/>\n<meta property=\"article:modified_time\" content=\"2026-04-18T19:20:58+00:00\" \/>\n<meta property=\"og:image\" content=\"https:\/\/cosmeticstoredz.com\/wp-content\/uploads\/2026\/02\/Ajouter-un-titre-2024-07-27T110326.025.png\" \/>\n\t<meta property=\"og:image:width\" content=\"1563\" \/>\n\t<meta property=\"og:image:height\" content=\"1563\" \/>\n\t<meta property=\"og:image:type\" content=\"image\/png\" \/>\n<meta name=\"twitter:card\" content=\"summary_large_image\" \/>\n<meta name=\"twitter:label1\" content=\"\u0648\u0642\u062a \u0627\u0644\u0642\u0631\u0627\u0621\u0629 \u0627\u0644\u0645\u064f\u0642\u062f\u0651\u0631\" \/>\n\t<meta name=\"twitter:data1\" content=\"\u062f\u0642\u064a\u0642\u0629 \u0648\u0627\u062d\u062f\u0629\" \/>\n<script type=\"application\/ld+json\" class=\"yoast-schema-graph\">{\"@context\":\"https:\\\/\\\/schema.org\",\"@graph\":[{\"@type\":\"WebPage\",\"@id\":\"https:\\\/\\\/cosmeticstoredz.com\\\/produit\\\/venus-eau-micellaire-250ml-biphasique-peaux-sensis\\\/\",\"url\":\"https:\\\/\\\/cosmeticstoredz.com\\\/produit\\\/venus-eau-micellaire-250ml-biphasique-peaux-sensis\\\/\",\"name\":\"VENUS EAU MICELLAIRE 250ML BIPHASIQUE PEAUX SENSIS - Cosmetic Store\",\"isPartOf\":{\"@id\":\"https:\\\/\\\/cosmeticstoredz.com\\\/#website\"},\"primaryImageOfPage\":{\"@id\":\"https:\\\/\\\/cosmeticstoredz.com\\\/produit\\\/venus-eau-micellaire-250ml-biphasique-peaux-sensis\\\/#primaryimage\"},\"image\":{\"@id\":\"https:\\\/\\\/cosmeticstoredz.com\\\/produit\\\/venus-eau-micellaire-250ml-biphasique-peaux-sensis\\\/#primaryimage\"},\"thumbnailUrl\":\"https:\\\/\\\/cosmeticstoredz.com\\\/wp-content\\\/uploads\\\/2026\\\/02\\\/Ajouter-un-titre-2024-07-27T110326.025.png\",\"datePublished\":\"2025-06-04T19:59:19+00:00\",\"dateModified\":\"2026-04-18T19:20:58+00:00\",\"breadcrumb\":{\"@id\":\"https:\\\/\\\/cosmeticstoredz.com\\\/produit\\\/venus-eau-micellaire-250ml-biphasique-peaux-sensis\\\/#breadcrumb\"},\"inLanguage\":\"ar\",\"potentialAction\":[{\"@type\":\"ReadAction\",\"target\":[\"https:\\\/\\\/cosmeticstoredz.com\\\/produit\\\/venus-eau-micellaire-250ml-biphasique-peaux-sensis\\\/\"]}]},{\"@type\":\"ImageObject\",\"inLanguage\":\"ar\",\"@id\":\"https:\\\/\\\/cosmeticstoredz.com\\\/produit\\\/venus-eau-micellaire-250ml-biphasique-peaux-sensis\\\/#primaryimage\",\"url\":\"https:\\\/\\\/cosmeticstoredz.com\\\/wp-content\\\/uploads\\\/2026\\\/02\\\/Ajouter-un-titre-2024-07-27T110326.025.png\",\"contentUrl\":\"https:\\\/\\\/cosmeticstoredz.com\\\/wp-content\\\/uploads\\\/2026\\\/02\\\/Ajouter-un-titre-2024-07-27T110326.025.png\",\"width\":1563,\"height\":1563},{\"@type\":\"BreadcrumbList\",\"@id\":\"https:\\\/\\\/cosmeticstoredz.com\\\/produit\\\/venus-eau-micellaire-250ml-biphasique-peaux-sensis\\\/#breadcrumb\",\"itemListElement\":[{\"@type\":\"ListItem\",\"position\":1,\"name\":\"Accueil\",\"item\":\"https:\\\/\\\/cosmeticstoredz.com\\\/\"},{\"@type\":\"ListItem\",\"position\":2,\"name\":\"Boutique\",\"item\":\"https:\\\/\\\/cosmeticstoredz.com\\\/boutique\\\/\"},{\"@type\":\"ListItem\",\"position\":3,\"name\":\"VENUS EAU MICELLAIRE 250ML BIPHASIQUE PEAUX SENSIS\"}]},{\"@type\":\"WebSite\",\"@id\":\"https:\\\/\\\/cosmeticstoredz.com\\\/#website\",\"url\":\"https:\\\/\\\/cosmeticstoredz.com\\\/\",\"name\":\"Cosmetic Store\",\"description\":\"\",\"publisher\":{\"@id\":\"https:\\\/\\\/cosmeticstoredz.com\\\/#organization\"},\"potentialAction\":[{\"@type\":\"SearchAction\",\"target\":{\"@type\":\"EntryPoint\",\"urlTemplate\":\"https:\\\/\\\/cosmeticstoredz.com\\\/?s={search_term_string}\"},\"query-input\":{\"@type\":\"PropertyValueSpecification\",\"valueRequired\":true,\"valueName\":\"search_term_string\"}}],\"inLanguage\":\"ar\"},{\"@type\":\"Organization\",\"@id\":\"https:\\\/\\\/cosmeticstoredz.com\\\/#organization\",\"name\":\"Cosmetic Store\",\"url\":\"https:\\\/\\\/cosmeticstoredz.com\\\/\",\"logo\":{\"@type\":\"ImageObject\",\"inLanguage\":\"ar\",\"@id\":\"https:\\\/\\\/cosmeticstoredz.com\\\/#\\\/schema\\\/logo\\\/image\\\/\",\"url\":\"https:\\\/\\\/cosmeticstoredz.com\\\/wp-content\\\/uploads\\\/2026\\\/02\\\/cropped-LOGO_CS-512x512-1-1-e1771275285345.webp\",\"contentUrl\":\"https:\\\/\\\/cosmeticstoredz.com\\\/wp-content\\\/uploads\\\/2026\\\/02\\\/cropped-LOGO_CS-512x512-1-1-e1771275285345.webp\",\"width\":265,\"height\":319,\"caption\":\"Cosmetic Store\"},\"image\":{\"@id\":\"https:\\\/\\\/cosmeticstoredz.com\\\/#\\\/schema\\\/logo\\\/image\\\/\"},\"sameAs\":[\"https:\\\/\\\/www.facebook.com\\\/profile.php?id=61564954260683\",\"https:\\\/\\\/www.instagram.com\\\/cosmetic.storedz\\\/\"]}]}<\/script>\n<!-- \/ Yoast SEO plugin. -->","yoast_head_json":{"title":"VENUS EAU MICELLAIRE 250ML BIPHASIQUE PEAUX SENSIS - Cosmetic Store","robots":{"index":"index","follow":"follow","max-snippet":"max-snippet:-1","max-image-preview":"max-image-preview:large","max-video-preview":"max-video-preview:-1"},"canonical":"https:\/\/cosmeticstoredz.com\/ar\/product\/venus-eau-micellaire-250ml-biphasique-peaux-sensis\/","og_locale":"ar_AR","og_type":"article","og_title":"VENUS EAU MICELLAIRE 250ML BIPHASIQUE PEAUX SENSIS - Cosmetic Store","og_description":"Utilisez L\u2019Eau Micellaire\u00a0VIDERM\u00ae\u00a0Peaux sensibles biphasique des\u00a0LABORATOIRES VENUS\u00ae.\u00a0Une solution d\u00e9maquillante formul\u00e9e \u00e0 l\u2019extrait d\u2019Aloe Vera, nettoie et d\u00e9maquille le visage, les yeux et les l\u00e8vres en douceur et en un seul geste","og_url":"https:\/\/cosmeticstoredz.com\/ar\/product\/venus-eau-micellaire-250ml-biphasique-peaux-sensis\/","og_site_name":"Cosmetic Store","article_publisher":"https:\/\/www.facebook.com\/profile.php?id=61564954260683","article_modified_time":"2026-04-18T19:20:58+00:00","og_image":[{"width":1563,"height":1563,"url":"https:\/\/cosmeticstoredz.com\/wp-content\/uploads\/2026\/02\/Ajouter-un-titre-2024-07-27T110326.025.png","type":"image\/png"}],"twitter_card":"summary_large_image","twitter_misc":{"\u0648\u0642\u062a \u0627\u0644\u0642\u0631\u0627\u0621\u0629 \u0627\u0644\u0645\u064f\u0642\u062f\u0651\u0631":"\u062f\u0642\u064a\u0642\u0629 \u0648\u0627\u062d\u062f\u0629"},"schema":{"@context":"https:\/\/schema.org","@graph":[{"@type":"WebPage","@id":"https:\/\/cosmeticstoredz.com\/produit\/venus-eau-micellaire-250ml-biphasique-peaux-sensis\/","url":"https:\/\/cosmeticstoredz.com\/produit\/venus-eau-micellaire-250ml-biphasique-peaux-sensis\/","name":"VENUS EAU MICELLAIRE 250ML BIPHASIQUE PEAUX SENSIS - Cosmetic Store","isPartOf":{"@id":"https:\/\/cosmeticstoredz.com\/#website"},"primaryImageOfPage":{"@id":"https:\/\/cosmeticstoredz.com\/produit\/venus-eau-micellaire-250ml-biphasique-peaux-sensis\/#primaryimage"},"image":{"@id":"https:\/\/cosmeticstoredz.com\/produit\/venus-eau-micellaire-250ml-biphasique-peaux-sensis\/#primaryimage"},"thumbnailUrl":"https:\/\/cosmeticstoredz.com\/wp-content\/uploads\/2026\/02\/Ajouter-un-titre-2024-07-27T110326.025.png","datePublished":"2025-06-04T19:59:19+00:00","dateModified":"2026-04-18T19:20:58+00:00","breadcrumb":{"@id":"https:\/\/cosmeticstoredz.com\/produit\/venus-eau-micellaire-250ml-biphasique-peaux-sensis\/#breadcrumb"},"inLanguage":"ar","potentialAction":[{"@type":"ReadAction","target":["https:\/\/cosmeticstoredz.com\/produit\/venus-eau-micellaire-250ml-biphasique-peaux-sensis\/"]}]},{"@type":"ImageObject","inLanguage":"ar","@id":"https:\/\/cosmeticstoredz.com\/produit\/venus-eau-micellaire-250ml-biphasique-peaux-sensis\/#primaryimage","url":"https:\/\/cosmeticstoredz.com\/wp-content\/uploads\/2026\/02\/Ajouter-un-titre-2024-07-27T110326.025.png","contentUrl":"https:\/\/cosmeticstoredz.com\/wp-content\/uploads\/2026\/02\/Ajouter-un-titre-2024-07-27T110326.025.png","width":1563,"height":1563},{"@type":"BreadcrumbList","@id":"https:\/\/cosmeticstoredz.com\/produit\/venus-eau-micellaire-250ml-biphasique-peaux-sensis\/#breadcrumb","itemListElement":[{"@type":"ListItem","position":1,"name":"Accueil","item":"https:\/\/cosmeticstoredz.com\/"},{"@type":"ListItem","position":2,"name":"Boutique","item":"https:\/\/cosmeticstoredz.com\/boutique\/"},{"@type":"ListItem","position":3,"name":"VENUS EAU MICELLAIRE 250ML BIPHASIQUE PEAUX SENSIS"}]},{"@type":"WebSite","@id":"https:\/\/cosmeticstoredz.com\/#website","url":"https:\/\/cosmeticstoredz.com\/","name":"Cosmetic Store","description":"","publisher":{"@id":"https:\/\/cosmeticstoredz.com\/#organization"},"potentialAction":[{"@type":"SearchAction","target":{"@type":"EntryPoint","urlTemplate":"https:\/\/cosmeticstoredz.com\/?s={search_term_string}"},"query-input":{"@type":"PropertyValueSpecification","valueRequired":true,"valueName":"search_term_string"}}],"inLanguage":"ar"},{"@type":"Organization","@id":"https:\/\/cosmeticstoredz.com\/#organization","name":"Cosmetic Store","url":"https:\/\/cosmeticstoredz.com\/","logo":{"@type":"ImageObject","inLanguage":"ar","@id":"https:\/\/cosmeticstoredz.com\/#\/schema\/logo\/image\/","url":"https:\/\/cosmeticstoredz.com\/wp-content\/uploads\/2026\/02\/cropped-LOGO_CS-512x512-1-1-e1771275285345.webp","contentUrl":"https:\/\/cosmeticstoredz.com\/wp-content\/uploads\/2026\/02\/cropped-LOGO_CS-512x512-1-1-e1771275285345.webp","width":265,"height":319,"caption":"Cosmetic Store"},"image":{"@id":"https:\/\/cosmeticstoredz.com\/#\/schema\/logo\/image\/"},"sameAs":["https:\/\/www.facebook.com\/profile.php?id=61564954260683","https:\/\/www.instagram.com\/cosmetic.storedz\/"]}]}},"_links":{"self":[{"href":"https:\/\/cosmeticstoredz.com\/ar\/wp-json\/wp\/v2\/product\/7500","targetHints":{"allow":["GET"]}}],"collection":[{"href":"https:\/\/cosmeticstoredz.com\/ar\/wp-json\/wp\/v2\/product"}],"about":[{"href":"https:\/\/cosmeticstoredz.com\/ar\/wp-json\/wp\/v2\/types\/product"}],"replies":[{"embeddable":true,"href":"https:\/\/cosmeticstoredz.com\/ar\/wp-json\/wp\/v2\/comments?post=7500"}],"version-history":[{"count":1,"href":"https:\/\/cosmeticstoredz.com\/ar\/wp-json\/wp\/v2\/product\/7500\/revisions"}],"predecessor-version":[{"id":21858,"href":"https:\/\/cosmeticstoredz.com\/ar\/wp-json\/wp\/v2\/product\/7500\/revisions\/21858"}],"wp:featuredmedia":[{"embeddable":true,"href":"https:\/\/cosmeticstoredz.com\/ar\/wp-json\/wp\/v2\/media\/21857"}],"wp:attachment":[{"href":"https:\/\/cosmeticstoredz.com\/ar\/wp-json\/wp\/v2\/media?parent=7500"}],"wp:term":[{"taxonomy":"product_brand","embeddable":true,"href":"https:\/\/cosmeticstoredz.com\/ar\/wp-json\/wp\/v2\/product_brand?post=7500"},{"taxonomy":"product_cat","embeddable":true,"href":"https:\/\/cosmeticstoredz.com\/ar\/wp-json\/wp\/v2\/product_cat?post=7500"},{"taxonomy":"product_tag","embeddable":true,"href":"https:\/\/cosmeticstoredz.com\/ar\/wp-json\/wp\/v2\/product_tag?post=7500"}],"curies":[{"name":"wp","href":"https:\/\/api.w.org\/{rel}","templated":true}]}}