{"id":7499,"date":"2025-06-04T19:59:19","date_gmt":"2025-06-04T19:59:19","guid":{"rendered":"https:\/\/test.fitnessworldgym27.com\/?post_type=product&#038;p=7499"},"modified":"2026-03-30T19:25:47","modified_gmt":"2026-03-30T19:25:47","slug":"venus-eau-micellaire-250ml-biphasique-waterproof","status":"publish","type":"product","link":"https:\/\/cosmeticstoredz.com\/ar\/product\/venus-eau-micellaire-250ml-biphasique-waterproof\/","title":{"rendered":"VENUS EAU MICELLAIRE 250ML BIPHASIQUE WATERPROOF"},"content":{"rendered":"<section id=\"wrapper\">\n<div class=\"container\">\n<div class=\"row\">\n<div id=\"content-wrapper\">\n<section id=\"main\">\n<div class=\"tabs\">\n<div id=\"tab-content\" class=\"tab-content\">\n<div id=\"description\" class=\"tab-pane fade in active\" role=\"tabpanel\">\n<div class=\"product-description\">\n<p>Utilisez L&rsquo;Eau Micellaire VIDERM\u00ae Peaux sensibles biphasique des LABORATOIRES VENUS\u00ae. Une solution d\u00e9maquillante formul\u00e9e \u00e0 l&rsquo;extrait d&rsquo;Aloe Vera.<\/p>\n<p>Une phase huile pour dissoudre le maquillage intense et waterproof \u00b7 Une phase eau enrichie en micelles pour \u00e9liminer les impuret\u00e9s.<\/p>\n<p>&nbsp;<\/p>\n<\/div>\n<\/div>\n<\/div>\n<\/div>\n<footer class=\"page-footer\"><\/footer>\n<\/section>\n<\/div>\n<\/div>\n<\/div>\n<\/section>\n<footer id=\"footer\">\n<div class=\"container\"><\/div>\n<\/footer>","protected":false},"excerpt":{"rendered":"<p>Utilisez L\u2019Eau Micellaire\u00a0<strong>VIDERM<\/strong>\u00ae biphasique sp\u00e9ciale maquillage tenace et waterproof des\u00a0<strong>LABORATOIRES VENUS\u00ae.<\/strong>\u00a0Une solution d\u00e9maquillante formul\u00e9e \u00e0 l\u2019extrait naturel de bleuet, nettoie et d\u00e9maquille le visage, les yeux et les l\u00e8vres en douceur et en un seul geste.<\/p>","protected":false},"featured_media":21855,"comment_status":"open","ping_status":"closed","template":"","meta":[],"product_brand":[],"product_cat":[136,137,75,122,76,272],"product_tag":[90],"class_list":{"0":"post-7499","1":"product","2":"type-product","3":"status-publish","4":"has-post-thumbnail","6":"product_cat-demaquillant","7":"product_cat-demaquillant-make-up","8":"product_cat-femme","9":"product_cat-make-up","10":"product_cat-soin-visage-f","11":"product_cat-venus","12":"product_tag-made-in-algeria","14":"first","15":"instock","16":"shipping-taxable","17":"purchasable","18":"product-type-simple"},"_links":{"self":[{"href":"https:\/\/cosmeticstoredz.com\/ar\/wp-json\/wp\/v2\/product\/7499","targetHints":{"allow":["GET"]}}],"collection":[{"href":"https:\/\/cosmeticstoredz.com\/ar\/wp-json\/wp\/v2\/product"}],"about":[{"href":"https:\/\/cosmeticstoredz.com\/ar\/wp-json\/wp\/v2\/types\/product"}],"replies":[{"embeddable":true,"href":"https:\/\/cosmeticstoredz.com\/ar\/wp-json\/wp\/v2\/comments?post=7499"}],"version-history":[{"count":1,"href":"https:\/\/cosmeticstoredz.com\/ar\/wp-json\/wp\/v2\/product\/7499\/revisions"}],"predecessor-version":[{"id":21856,"href":"https:\/\/cosmeticstoredz.com\/ar\/wp-json\/wp\/v2\/product\/7499\/revisions\/21856"}],"wp:featuredmedia":[{"embeddable":true,"href":"https:\/\/cosmeticstoredz.com\/ar\/wp-json\/wp\/v2\/media\/21855"}],"wp:attachment":[{"href":"https:\/\/cosmeticstoredz.com\/ar\/wp-json\/wp\/v2\/media?parent=7499"}],"wp:term":[{"taxonomy":"product_brand","embeddable":true,"href":"https:\/\/cosmeticstoredz.com\/ar\/wp-json\/wp\/v2\/product_brand?post=7499"},{"taxonomy":"product_cat","embeddable":true,"href":"https:\/\/cosmeticstoredz.com\/ar\/wp-json\/wp\/v2\/product_cat?post=7499"},{"taxonomy":"product_tag","embeddable":true,"href":"https:\/\/cosmeticstoredz.com\/ar\/wp-json\/wp\/v2\/product_tag?post=7499"}],"curies":[{"name":"wp","href":"https:\/\/api.w.org\/{rel}","templated":true}]}}