{"id":7494,"date":"2025-06-04T19:59:18","date_gmt":"2025-06-04T19:59:18","guid":{"rendered":"https:\/\/test.fitnessworldgym27.com\/?post_type=product&#038;p=7494"},"modified":"2026-04-18T19:20:58","modified_gmt":"2026-04-18T19:20:58","slug":"venus-deodorant-200ml-so-pretty","status":"publish","type":"product","link":"https:\/\/cosmeticstoredz.com\/ar\/product\/venus-deodorant-200ml-so-pretty\/","title":{"rendered":"VENUS DEODORANT 200ML SO PRETTY"},"content":{"rendered":"<p><strong>So pretty\u00a0\u00a0<\/strong>est le d\u00e9odorant parfum\u00a0 des LABORATOIRES VENUS\u00ae .<\/p>\n<p>Son parfum l\u00e9ger et f\u00e9minin enrichi de notes sensuelles, parfume \u00a0votre peau avec sobri\u00e9t\u00e9 et r\u00e9v\u00e8le votre sensualit\u00e9.<\/p>\n<p>Sa formule douce\u00a0<strong>sans paraben<\/strong>,\u00a0<strong>Sans sels d\u2019aluminium<\/strong>\u00a0assure une protection durable et procure une sensation de fra\u00eecheur tout au long de la journ\u00e9e.<\/p>\n<h4>Caract\u00e9ristiques<\/h4>\n<ul>\n<li>Sans Paraben<\/li>\n<li>Sans Aluminium Chlorohydrate<\/li>\n<li>Test\u00e9 sous contr\u00f4le \u00a0dermatologique<\/li>\n<\/ul>","protected":false},"excerpt":{"rendered":"<p><strong>So pretty\u00a0\u00a0<\/strong>est le d\u00e9odorant parfum\u00a0 des LABORATOIRES VENUS\u00ae . Son parfum l\u00e9ger et f\u00e9minin enrichi de notes sensuelles, parfume \u00a0votre peau avec sobri\u00e9t\u00e9 et r\u00e9v\u00e8le votre sensualit\u00e9.<\/p>","protected":false},"featured_media":21845,"comment_status":"open","ping_status":"closed","template":"","meta":[],"product_brand":[],"product_cat":[79,75,272],"product_tag":[90],"class_list":{"0":"post-7494","1":"product","2":"type-product","3":"status-publish","4":"has-post-thumbnail","6":"product_cat-deodorant-f","7":"product_cat-femme","8":"product_cat-venus","9":"product_tag-made-in-algeria","11":"first","12":"outofstock","13":"shipping-taxable","14":"purchasable","15":"product-type-simple"},"yoast_head":"<!-- This site is optimized with the Yoast SEO plugin v27.3 - https:\/\/yoast.com\/product\/yoast-seo-wordpress\/ -->\n<title>VENUS DEODORANT 200ML SO PRETTY - Cosmetic Store<\/title>\n<meta name=\"robots\" content=\"index, follow, max-snippet:-1, max-image-preview:large, max-video-preview:-1\" \/>\n<link rel=\"canonical\" href=\"https:\/\/cosmeticstoredz.com\/ar\/product\/venus-deodorant-200ml-so-pretty\/\" \/>\n<meta property=\"og:locale\" content=\"ar_AR\" \/>\n<meta property=\"og:type\" content=\"article\" \/>\n<meta property=\"og:title\" content=\"VENUS DEODORANT 200ML SO PRETTY - Cosmetic Store\" \/>\n<meta property=\"og:description\" content=\"So pretty\u00a0\u00a0est le d\u00e9odorant parfum\u00a0 des LABORATOIRES VENUS\u00ae . Son parfum l\u00e9ger et f\u00e9minin enrichi de notes sensuelles, parfume \u00a0votre peau avec sobri\u00e9t\u00e9 et r\u00e9v\u00e8le votre sensualit\u00e9.\" \/>\n<meta property=\"og:url\" content=\"https:\/\/cosmeticstoredz.com\/ar\/product\/venus-deodorant-200ml-so-pretty\/\" \/>\n<meta property=\"og:site_name\" content=\"Cosmetic Store\" \/>\n<meta property=\"article:publisher\" content=\"https:\/\/www.facebook.com\/profile.php?id=61564954260683\" \/>\n<meta property=\"article:modified_time\" content=\"2026-04-18T19:20:58+00:00\" \/>\n<meta property=\"og:image\" content=\"https:\/\/cosmeticstoredz.com\/wp-content\/uploads\/2026\/02\/Ajouter-un-titre-2024-07-27T111904.047.png\" \/>\n\t<meta property=\"og:image:width\" content=\"1563\" \/>\n\t<meta property=\"og:image:height\" content=\"1563\" \/>\n\t<meta property=\"og:image:type\" content=\"image\/png\" \/>\n<meta name=\"twitter:card\" content=\"summary_large_image\" \/>\n<script type=\"application\/ld+json\" class=\"yoast-schema-graph\">{\"@context\":\"https:\\\/\\\/schema.org\",\"@graph\":[{\"@type\":\"WebPage\",\"@id\":\"https:\\\/\\\/cosmeticstoredz.com\\\/produit\\\/venus-deodorant-200ml-so-pretty\\\/\",\"url\":\"https:\\\/\\\/cosmeticstoredz.com\\\/produit\\\/venus-deodorant-200ml-so-pretty\\\/\",\"name\":\"VENUS DEODORANT 200ML SO PRETTY - Cosmetic Store\",\"isPartOf\":{\"@id\":\"https:\\\/\\\/cosmeticstoredz.com\\\/#website\"},\"primaryImageOfPage\":{\"@id\":\"https:\\\/\\\/cosmeticstoredz.com\\\/produit\\\/venus-deodorant-200ml-so-pretty\\\/#primaryimage\"},\"image\":{\"@id\":\"https:\\\/\\\/cosmeticstoredz.com\\\/produit\\\/venus-deodorant-200ml-so-pretty\\\/#primaryimage\"},\"thumbnailUrl\":\"https:\\\/\\\/cosmeticstoredz.com\\\/wp-content\\\/uploads\\\/2026\\\/02\\\/Ajouter-un-titre-2024-07-27T111904.047.png\",\"datePublished\":\"2025-06-04T19:59:18+00:00\",\"dateModified\":\"2026-04-18T19:20:58+00:00\",\"breadcrumb\":{\"@id\":\"https:\\\/\\\/cosmeticstoredz.com\\\/produit\\\/venus-deodorant-200ml-so-pretty\\\/#breadcrumb\"},\"inLanguage\":\"ar\",\"potentialAction\":[{\"@type\":\"ReadAction\",\"target\":[\"https:\\\/\\\/cosmeticstoredz.com\\\/produit\\\/venus-deodorant-200ml-so-pretty\\\/\"]}]},{\"@type\":\"ImageObject\",\"inLanguage\":\"ar\",\"@id\":\"https:\\\/\\\/cosmeticstoredz.com\\\/produit\\\/venus-deodorant-200ml-so-pretty\\\/#primaryimage\",\"url\":\"https:\\\/\\\/cosmeticstoredz.com\\\/wp-content\\\/uploads\\\/2026\\\/02\\\/Ajouter-un-titre-2024-07-27T111904.047.png\",\"contentUrl\":\"https:\\\/\\\/cosmeticstoredz.com\\\/wp-content\\\/uploads\\\/2026\\\/02\\\/Ajouter-un-titre-2024-07-27T111904.047.png\",\"width\":1563,\"height\":1563},{\"@type\":\"BreadcrumbList\",\"@id\":\"https:\\\/\\\/cosmeticstoredz.com\\\/produit\\\/venus-deodorant-200ml-so-pretty\\\/#breadcrumb\",\"itemListElement\":[{\"@type\":\"ListItem\",\"position\":1,\"name\":\"Accueil\",\"item\":\"https:\\\/\\\/cosmeticstoredz.com\\\/\"},{\"@type\":\"ListItem\",\"position\":2,\"name\":\"Boutique\",\"item\":\"https:\\\/\\\/cosmeticstoredz.com\\\/boutique\\\/\"},{\"@type\":\"ListItem\",\"position\":3,\"name\":\"VENUS DEODORANT 200ML SO PRETTY\"}]},{\"@type\":\"WebSite\",\"@id\":\"https:\\\/\\\/cosmeticstoredz.com\\\/#website\",\"url\":\"https:\\\/\\\/cosmeticstoredz.com\\\/\",\"name\":\"Cosmetic Store\",\"description\":\"\",\"publisher\":{\"@id\":\"https:\\\/\\\/cosmeticstoredz.com\\\/#organization\"},\"potentialAction\":[{\"@type\":\"SearchAction\",\"target\":{\"@type\":\"EntryPoint\",\"urlTemplate\":\"https:\\\/\\\/cosmeticstoredz.com\\\/?s={search_term_string}\"},\"query-input\":{\"@type\":\"PropertyValueSpecification\",\"valueRequired\":true,\"valueName\":\"search_term_string\"}}],\"inLanguage\":\"ar\"},{\"@type\":\"Organization\",\"@id\":\"https:\\\/\\\/cosmeticstoredz.com\\\/#organization\",\"name\":\"Cosmetic Store\",\"url\":\"https:\\\/\\\/cosmeticstoredz.com\\\/\",\"logo\":{\"@type\":\"ImageObject\",\"inLanguage\":\"ar\",\"@id\":\"https:\\\/\\\/cosmeticstoredz.com\\\/#\\\/schema\\\/logo\\\/image\\\/\",\"url\":\"https:\\\/\\\/cosmeticstoredz.com\\\/wp-content\\\/uploads\\\/2026\\\/02\\\/cropped-LOGO_CS-512x512-1-1-e1771275285345.webp\",\"contentUrl\":\"https:\\\/\\\/cosmeticstoredz.com\\\/wp-content\\\/uploads\\\/2026\\\/02\\\/cropped-LOGO_CS-512x512-1-1-e1771275285345.webp\",\"width\":265,\"height\":319,\"caption\":\"Cosmetic Store\"},\"image\":{\"@id\":\"https:\\\/\\\/cosmeticstoredz.com\\\/#\\\/schema\\\/logo\\\/image\\\/\"},\"sameAs\":[\"https:\\\/\\\/www.facebook.com\\\/profile.php?id=61564954260683\",\"https:\\\/\\\/www.instagram.com\\\/cosmetic.storedz\\\/\"]}]}<\/script>\n<!-- \/ Yoast SEO plugin. -->","yoast_head_json":{"title":"VENUS DEODORANT 200ML SO PRETTY - Cosmetic Store","robots":{"index":"index","follow":"follow","max-snippet":"max-snippet:-1","max-image-preview":"max-image-preview:large","max-video-preview":"max-video-preview:-1"},"canonical":"https:\/\/cosmeticstoredz.com\/ar\/product\/venus-deodorant-200ml-so-pretty\/","og_locale":"ar_AR","og_type":"article","og_title":"VENUS DEODORANT 200ML SO PRETTY - Cosmetic Store","og_description":"So pretty\u00a0\u00a0est le d\u00e9odorant parfum\u00a0 des LABORATOIRES VENUS\u00ae . Son parfum l\u00e9ger et f\u00e9minin enrichi de notes sensuelles, parfume \u00a0votre peau avec sobri\u00e9t\u00e9 et r\u00e9v\u00e8le votre sensualit\u00e9.","og_url":"https:\/\/cosmeticstoredz.com\/ar\/product\/venus-deodorant-200ml-so-pretty\/","og_site_name":"Cosmetic Store","article_publisher":"https:\/\/www.facebook.com\/profile.php?id=61564954260683","article_modified_time":"2026-04-18T19:20:58+00:00","og_image":[{"width":1563,"height":1563,"url":"https:\/\/cosmeticstoredz.com\/wp-content\/uploads\/2026\/02\/Ajouter-un-titre-2024-07-27T111904.047.png","type":"image\/png"}],"twitter_card":"summary_large_image","schema":{"@context":"https:\/\/schema.org","@graph":[{"@type":"WebPage","@id":"https:\/\/cosmeticstoredz.com\/produit\/venus-deodorant-200ml-so-pretty\/","url":"https:\/\/cosmeticstoredz.com\/produit\/venus-deodorant-200ml-so-pretty\/","name":"VENUS DEODORANT 200ML SO PRETTY - Cosmetic Store","isPartOf":{"@id":"https:\/\/cosmeticstoredz.com\/#website"},"primaryImageOfPage":{"@id":"https:\/\/cosmeticstoredz.com\/produit\/venus-deodorant-200ml-so-pretty\/#primaryimage"},"image":{"@id":"https:\/\/cosmeticstoredz.com\/produit\/venus-deodorant-200ml-so-pretty\/#primaryimage"},"thumbnailUrl":"https:\/\/cosmeticstoredz.com\/wp-content\/uploads\/2026\/02\/Ajouter-un-titre-2024-07-27T111904.047.png","datePublished":"2025-06-04T19:59:18+00:00","dateModified":"2026-04-18T19:20:58+00:00","breadcrumb":{"@id":"https:\/\/cosmeticstoredz.com\/produit\/venus-deodorant-200ml-so-pretty\/#breadcrumb"},"inLanguage":"ar","potentialAction":[{"@type":"ReadAction","target":["https:\/\/cosmeticstoredz.com\/produit\/venus-deodorant-200ml-so-pretty\/"]}]},{"@type":"ImageObject","inLanguage":"ar","@id":"https:\/\/cosmeticstoredz.com\/produit\/venus-deodorant-200ml-so-pretty\/#primaryimage","url":"https:\/\/cosmeticstoredz.com\/wp-content\/uploads\/2026\/02\/Ajouter-un-titre-2024-07-27T111904.047.png","contentUrl":"https:\/\/cosmeticstoredz.com\/wp-content\/uploads\/2026\/02\/Ajouter-un-titre-2024-07-27T111904.047.png","width":1563,"height":1563},{"@type":"BreadcrumbList","@id":"https:\/\/cosmeticstoredz.com\/produit\/venus-deodorant-200ml-so-pretty\/#breadcrumb","itemListElement":[{"@type":"ListItem","position":1,"name":"Accueil","item":"https:\/\/cosmeticstoredz.com\/"},{"@type":"ListItem","position":2,"name":"Boutique","item":"https:\/\/cosmeticstoredz.com\/boutique\/"},{"@type":"ListItem","position":3,"name":"VENUS DEODORANT 200ML SO PRETTY"}]},{"@type":"WebSite","@id":"https:\/\/cosmeticstoredz.com\/#website","url":"https:\/\/cosmeticstoredz.com\/","name":"Cosmetic Store","description":"","publisher":{"@id":"https:\/\/cosmeticstoredz.com\/#organization"},"potentialAction":[{"@type":"SearchAction","target":{"@type":"EntryPoint","urlTemplate":"https:\/\/cosmeticstoredz.com\/?s={search_term_string}"},"query-input":{"@type":"PropertyValueSpecification","valueRequired":true,"valueName":"search_term_string"}}],"inLanguage":"ar"},{"@type":"Organization","@id":"https:\/\/cosmeticstoredz.com\/#organization","name":"Cosmetic Store","url":"https:\/\/cosmeticstoredz.com\/","logo":{"@type":"ImageObject","inLanguage":"ar","@id":"https:\/\/cosmeticstoredz.com\/#\/schema\/logo\/image\/","url":"https:\/\/cosmeticstoredz.com\/wp-content\/uploads\/2026\/02\/cropped-LOGO_CS-512x512-1-1-e1771275285345.webp","contentUrl":"https:\/\/cosmeticstoredz.com\/wp-content\/uploads\/2026\/02\/cropped-LOGO_CS-512x512-1-1-e1771275285345.webp","width":265,"height":319,"caption":"Cosmetic Store"},"image":{"@id":"https:\/\/cosmeticstoredz.com\/#\/schema\/logo\/image\/"},"sameAs":["https:\/\/www.facebook.com\/profile.php?id=61564954260683","https:\/\/www.instagram.com\/cosmetic.storedz\/"]}]}},"_links":{"self":[{"href":"https:\/\/cosmeticstoredz.com\/ar\/wp-json\/wp\/v2\/product\/7494","targetHints":{"allow":["GET"]}}],"collection":[{"href":"https:\/\/cosmeticstoredz.com\/ar\/wp-json\/wp\/v2\/product"}],"about":[{"href":"https:\/\/cosmeticstoredz.com\/ar\/wp-json\/wp\/v2\/types\/product"}],"replies":[{"embeddable":true,"href":"https:\/\/cosmeticstoredz.com\/ar\/wp-json\/wp\/v2\/comments?post=7494"}],"version-history":[{"count":1,"href":"https:\/\/cosmeticstoredz.com\/ar\/wp-json\/wp\/v2\/product\/7494\/revisions"}],"predecessor-version":[{"id":21846,"href":"https:\/\/cosmeticstoredz.com\/ar\/wp-json\/wp\/v2\/product\/7494\/revisions\/21846"}],"wp:featuredmedia":[{"embeddable":true,"href":"https:\/\/cosmeticstoredz.com\/ar\/wp-json\/wp\/v2\/media\/21845"}],"wp:attachment":[{"href":"https:\/\/cosmeticstoredz.com\/ar\/wp-json\/wp\/v2\/media?parent=7494"}],"wp:term":[{"taxonomy":"product_brand","embeddable":true,"href":"https:\/\/cosmeticstoredz.com\/ar\/wp-json\/wp\/v2\/product_brand?post=7494"},{"taxonomy":"product_cat","embeddable":true,"href":"https:\/\/cosmeticstoredz.com\/ar\/wp-json\/wp\/v2\/product_cat?post=7494"},{"taxonomy":"product_tag","embeddable":true,"href":"https:\/\/cosmeticstoredz.com\/ar\/wp-json\/wp\/v2\/product_tag?post=7494"}],"curies":[{"name":"wp","href":"https:\/\/api.w.org\/{rel}","templated":true}]}}