{"id":7488,"date":"2025-06-04T19:59:18","date_gmt":"2025-06-04T19:59:18","guid":{"rendered":"https:\/\/test.fitnessworldgym27.com\/?post_type=product&#038;p=7488"},"modified":"2026-03-30T19:25:47","modified_gmt":"2026-03-30T19:25:47","slug":"venus-deodorant-200ml-coton","status":"publish","type":"product","link":"https:\/\/cosmeticstoredz.com\/ar\/product\/venus-deodorant-200ml-coton\/","title":{"rendered":"VENUS DEODORANT 200ML COTON"},"content":{"rendered":"<div class=\"presentation\">\n<div class=\"presentation\">\n<p>Le d\u00e9odorant des\u00a0<strong>laboratoires venus<\/strong>\u00a0sans sel d\u2019aluminium et sans parab\u00e8ne, respecte les peaux sensibles gr\u00e2ce \u00e0 une formule haute tol\u00e9rance.<\/p>\n<p>Son parfum tendre et d\u00e9licat \u00e0 la fraicheur du coton, laisse sur votre peau un discret voile parfum\u00e9.<\/p>\n<p><strong>Caract\u00e9ristiques:<\/strong><\/p>\n<\/div>\n<\/div>\n<ul>\n<li>Sans Paraben<\/li>\n<li>Sans Aluminium Chlorohydrate<\/li>\n<li>Test\u00e9 sous contr\u00f4le \u00a0dermatologique.<\/li>\n<\/ul>","protected":false},"excerpt":{"rendered":"<p>Le d\u00e9odorant des\u00a0<strong>laboratoires venus<\/strong>\u00a0sans sel d\u2019aluminium et sans parab\u00e8ne, respecte les peaux sensibles gr\u00e2ce \u00e0 une formule haute tol\u00e9rance.<\/p>","protected":false},"featured_media":21833,"comment_status":"open","ping_status":"closed","template":"","meta":[],"product_brand":[],"product_cat":[79,75,272],"product_tag":[90],"class_list":{"0":"post-7488","1":"product","2":"type-product","3":"status-publish","4":"has-post-thumbnail","6":"product_cat-deodorant-f","7":"product_cat-femme","8":"product_cat-venus","9":"product_tag-made-in-algeria","11":"first","12":"outofstock","13":"shipping-taxable","14":"purchasable","15":"product-type-simple"},"_links":{"self":[{"href":"https:\/\/cosmeticstoredz.com\/ar\/wp-json\/wp\/v2\/product\/7488","targetHints":{"allow":["GET"]}}],"collection":[{"href":"https:\/\/cosmeticstoredz.com\/ar\/wp-json\/wp\/v2\/product"}],"about":[{"href":"https:\/\/cosmeticstoredz.com\/ar\/wp-json\/wp\/v2\/types\/product"}],"replies":[{"embeddable":true,"href":"https:\/\/cosmeticstoredz.com\/ar\/wp-json\/wp\/v2\/comments?post=7488"}],"version-history":[{"count":1,"href":"https:\/\/cosmeticstoredz.com\/ar\/wp-json\/wp\/v2\/product\/7488\/revisions"}],"predecessor-version":[{"id":21834,"href":"https:\/\/cosmeticstoredz.com\/ar\/wp-json\/wp\/v2\/product\/7488\/revisions\/21834"}],"wp:featuredmedia":[{"embeddable":true,"href":"https:\/\/cosmeticstoredz.com\/ar\/wp-json\/wp\/v2\/media\/21833"}],"wp:attachment":[{"href":"https:\/\/cosmeticstoredz.com\/ar\/wp-json\/wp\/v2\/media?parent=7488"}],"wp:term":[{"taxonomy":"product_brand","embeddable":true,"href":"https:\/\/cosmeticstoredz.com\/ar\/wp-json\/wp\/v2\/product_brand?post=7488"},{"taxonomy":"product_cat","embeddable":true,"href":"https:\/\/cosmeticstoredz.com\/ar\/wp-json\/wp\/v2\/product_cat?post=7488"},{"taxonomy":"product_tag","embeddable":true,"href":"https:\/\/cosmeticstoredz.com\/ar\/wp-json\/wp\/v2\/product_tag?post=7488"}],"curies":[{"name":"wp","href":"https:\/\/api.w.org\/{rel}","templated":true}]}}