{"id":7485,"date":"2025-06-04T19:59:18","date_gmt":"2025-06-04T19:59:18","guid":{"rendered":"https:\/\/test.fitnessworldgym27.com\/?post_type=product&#038;p=7485"},"modified":"2026-03-30T19:25:47","modified_gmt":"2026-03-30T19:25:47","slug":"venus-creme-anti-ride","status":"publish","type":"product","link":"https:\/\/cosmeticstoredz.com\/ar\/product\/venus-creme-anti-ride\/","title":{"rendered":"VENUS CREME ANTI RIDE"},"content":{"rendered":"<p>La cr\u00e8me\u00a0<strong>Anti-Rides<\/strong>\u00a0au collag\u00e8ne am\u00e9liore l\u2019\u00e9tat de la surface et l\u2019\u00e9lasticit\u00e9 de la peau, favorise la croissance cellulaire, redonne tenue et r\u00e9sistance \u00e0 votre peau.<br \/>\nElle convient aux parties de la peau ou les rides apparaissent t\u00f4t : visage, mains, pour tour des yeux et le cou.<\/p>","protected":false},"excerpt":{"rendered":"<p>La cr\u00e8me\u00a0<strong>Anti-Rides<\/strong>\u00a0au collag\u00e8ne am\u00e9liore l\u2019\u00e9tat de la surface et l\u2019\u00e9lasticit\u00e9 de la peau, favorise la croissance cellulaire, redonne tenue et r\u00e9sistance \u00e0 votre peau.<\/p>","protected":false},"featured_media":21827,"comment_status":"open","ping_status":"closed","template":"","meta":[],"product_brand":[],"product_cat":[171,75,76,272],"product_tag":[90],"class_list":{"0":"post-7485","1":"product","2":"type-product","3":"status-publish","4":"has-post-thumbnail","6":"product_cat-creme-anti-age","7":"product_cat-femme","8":"product_cat-soin-visage-f","9":"product_cat-venus","10":"product_tag-made-in-algeria","12":"first","13":"instock","14":"shipping-taxable","15":"purchasable","16":"product-type-simple"},"_links":{"self":[{"href":"https:\/\/cosmeticstoredz.com\/ar\/wp-json\/wp\/v2\/product\/7485","targetHints":{"allow":["GET"]}}],"collection":[{"href":"https:\/\/cosmeticstoredz.com\/ar\/wp-json\/wp\/v2\/product"}],"about":[{"href":"https:\/\/cosmeticstoredz.com\/ar\/wp-json\/wp\/v2\/types\/product"}],"replies":[{"embeddable":true,"href":"https:\/\/cosmeticstoredz.com\/ar\/wp-json\/wp\/v2\/comments?post=7485"}],"version-history":[{"count":1,"href":"https:\/\/cosmeticstoredz.com\/ar\/wp-json\/wp\/v2\/product\/7485\/revisions"}],"predecessor-version":[{"id":21828,"href":"https:\/\/cosmeticstoredz.com\/ar\/wp-json\/wp\/v2\/product\/7485\/revisions\/21828"}],"wp:featuredmedia":[{"embeddable":true,"href":"https:\/\/cosmeticstoredz.com\/ar\/wp-json\/wp\/v2\/media\/21827"}],"wp:attachment":[{"href":"https:\/\/cosmeticstoredz.com\/ar\/wp-json\/wp\/v2\/media?parent=7485"}],"wp:term":[{"taxonomy":"product_brand","embeddable":true,"href":"https:\/\/cosmeticstoredz.com\/ar\/wp-json\/wp\/v2\/product_brand?post=7485"},{"taxonomy":"product_cat","embeddable":true,"href":"https:\/\/cosmeticstoredz.com\/ar\/wp-json\/wp\/v2\/product_cat?post=7485"},{"taxonomy":"product_tag","embeddable":true,"href":"https:\/\/cosmeticstoredz.com\/ar\/wp-json\/wp\/v2\/product_tag?post=7485"}],"curies":[{"name":"wp","href":"https:\/\/api.w.org\/{rel}","templated":true}]}}