{"id":7479,"date":"2025-06-04T19:59:18","date_gmt":"2025-06-04T19:59:18","guid":{"rendered":"https:\/\/test.fitnessworldgym27.com\/?post_type=product&#038;p=7479"},"modified":"2026-03-30T19:25:46","modified_gmt":"2026-03-30T19:25:46","slug":"venus-botanical-shp-400ml-chvx-abimes","status":"publish","type":"product","link":"https:\/\/cosmeticstoredz.com\/ar\/product\/venus-botanical-shp-400ml-chvx-abimes\/","title":{"rendered":"VENUS BOTANICAL SHP 400ML CHVX ABIMES"},"content":{"rendered":"<ul>\n<li>2 en 1 [shampooing et apr\u00e8s-shampooing]<\/li>\n<li>l\u2019extrait de figue de barbarie et jojoba<\/li>\n<li>Pour les abim\u00e9s, cassants<\/li>\n<li>Format Bouteille de 400 ml<\/li>\n<\/ul>\n","protected":false},"excerpt":{"rendered":"<p>Le Shampooing\u00a0\u00a0 des\u00a0<strong>LABORATOIRES VENUS\u00ae \u00e0 l\u2019extrait de\u00a0<\/strong><strong>Figue de barbarie et jojoba, aux<\/strong>\u00a0vertus r\u00e9g\u00e9n\u00e9rantes, r\u00e9paratrices et antioxydantes, offre une brillance instantan\u00e9e,<\/p>","protected":false},"featured_media":21815,"comment_status":"open","ping_status":"closed","template":"","meta":[],"product_brand":[],"product_cat":[75,272],"product_tag":[90],"class_list":{"0":"post-7479","1":"product","2":"type-product","3":"status-publish","4":"has-post-thumbnail","6":"product_cat-femme","7":"product_cat-venus","8":"product_tag-made-in-algeria","10":"first","11":"outofstock","12":"shipping-taxable","13":"purchasable","14":"product-type-simple"},"_links":{"self":[{"href":"https:\/\/cosmeticstoredz.com\/ar\/wp-json\/wp\/v2\/product\/7479","targetHints":{"allow":["GET"]}}],"collection":[{"href":"https:\/\/cosmeticstoredz.com\/ar\/wp-json\/wp\/v2\/product"}],"about":[{"href":"https:\/\/cosmeticstoredz.com\/ar\/wp-json\/wp\/v2\/types\/product"}],"replies":[{"embeddable":true,"href":"https:\/\/cosmeticstoredz.com\/ar\/wp-json\/wp\/v2\/comments?post=7479"}],"version-history":[{"count":1,"href":"https:\/\/cosmeticstoredz.com\/ar\/wp-json\/wp\/v2\/product\/7479\/revisions"}],"predecessor-version":[{"id":21816,"href":"https:\/\/cosmeticstoredz.com\/ar\/wp-json\/wp\/v2\/product\/7479\/revisions\/21816"}],"wp:featuredmedia":[{"embeddable":true,"href":"https:\/\/cosmeticstoredz.com\/ar\/wp-json\/wp\/v2\/media\/21815"}],"wp:attachment":[{"href":"https:\/\/cosmeticstoredz.com\/ar\/wp-json\/wp\/v2\/media?parent=7479"}],"wp:term":[{"taxonomy":"product_brand","embeddable":true,"href":"https:\/\/cosmeticstoredz.com\/ar\/wp-json\/wp\/v2\/product_brand?post=7479"},{"taxonomy":"product_cat","embeddable":true,"href":"https:\/\/cosmeticstoredz.com\/ar\/wp-json\/wp\/v2\/product_cat?post=7479"},{"taxonomy":"product_tag","embeddable":true,"href":"https:\/\/cosmeticstoredz.com\/ar\/wp-json\/wp\/v2\/product_tag?post=7479"}],"curies":[{"name":"wp","href":"https:\/\/api.w.org\/{rel}","templated":true}]}}