{"id":7448,"date":"2025-06-04T19:58:57","date_gmt":"2025-06-04T19:58:57","guid":{"rendered":"https:\/\/test.fitnessworldgym27.com\/?post_type=product&#038;p=7448"},"modified":"2026-02-16T17:07:50","modified_gmt":"2026-02-16T17:07:50","slug":"vatika-huile-200ml-coconut","status":"publish","type":"product","link":"https:\/\/cosmeticstoredz.com\/ar\/product\/vatika-huile-200ml-coconut\/","title":{"rendered":"VATIKA HUILE 200ML COCONUT"},"content":{"rendered":"<div class=\"card aim -mtm\">\n<div class=\"markup -mhm -pvl -oxa -sc\">Une petite quantit\u00e9 d&rsquo;huile capillaire \u00e0 la noix de coco enrichie par le Vatican appliqu\u00e9e avant le shampooing apaisera le cuir chevelu et le prot\u00e9gera du dess\u00e8chement et des pellicules. La nutrition de la noix de coco combin\u00e9e \u00e0 l&rsquo;action astringente du citron est extr\u00eamement efficace, de plus l&rsquo;Amla et le henn\u00e9 apporteront une nutrition et une brillance suppl\u00e9mentaires.<\/div>\n<div><\/div>\n<\/div>\n<section class=\"card aim -mtm -fs16\">\n<div class=\"row -pas\">\n<article class=\"col8 -pvs\">\n<div class=\"card-b -fh\">\n<div class=\"markup -pam\">\n<ul class=\"a-unordered-list a-vertical a-spacing-mini\">\n<li>POUR UTILISER : Massez une quantit\u00e9 g\u00e9n\u00e9reuse d\u2019huile sur vos cheveux et votre cuir chevelu. Laisser toute la nuit ou quelques heures puis laver.<\/li>\n<\/ul>\n<\/div>\n<\/div>\n<\/article>\n<\/div>\n<\/section>","protected":false},"excerpt":{"rendered":"<p>Contient les bienfaits de :<\/p>\n<ul class=\"a-unordered-list a-vertical a-spacing-mini\">\n<li>NOIX DE COCO pour donner du volume \u00e0 vos cheveux<\/li>\n<li>LE CITRON pour \u00e9liminer les desquamations de votre cuir chevelu<\/li>\n<li>DU HENNA pour que vos cheveux conservent leur couleur naturelle !<\/li>\n<\/ul>","protected":false},"featured_media":21803,"comment_status":"closed","ping_status":"closed","template":"","meta":[],"product_brand":[],"product_cat":[75,96,95,270],"product_tag":[112],"class_list":{"0":"post-7448","1":"product","2":"type-product","3":"status-publish","4":"has-post-thumbnail","6":"product_cat-femme","7":"product_cat-huile","8":"product_cat-soin-cheveux-f","9":"product_cat-vatika","10":"product_tag-made-in-uae","12":"first","13":"instock","14":"shipping-taxable","15":"purchasable","16":"product-type-simple"},"_links":{"self":[{"href":"https:\/\/cosmeticstoredz.com\/ar\/wp-json\/wp\/v2\/product\/7448","targetHints":{"allow":["GET"]}}],"collection":[{"href":"https:\/\/cosmeticstoredz.com\/ar\/wp-json\/wp\/v2\/product"}],"about":[{"href":"https:\/\/cosmeticstoredz.com\/ar\/wp-json\/wp\/v2\/types\/product"}],"replies":[{"embeddable":true,"href":"https:\/\/cosmeticstoredz.com\/ar\/wp-json\/wp\/v2\/comments?post=7448"}],"version-history":[{"count":1,"href":"https:\/\/cosmeticstoredz.com\/ar\/wp-json\/wp\/v2\/product\/7448\/revisions"}],"predecessor-version":[{"id":21804,"href":"https:\/\/cosmeticstoredz.com\/ar\/wp-json\/wp\/v2\/product\/7448\/revisions\/21804"}],"wp:featuredmedia":[{"embeddable":true,"href":"https:\/\/cosmeticstoredz.com\/ar\/wp-json\/wp\/v2\/media\/21803"}],"wp:attachment":[{"href":"https:\/\/cosmeticstoredz.com\/ar\/wp-json\/wp\/v2\/media?parent=7448"}],"wp:term":[{"taxonomy":"product_brand","embeddable":true,"href":"https:\/\/cosmeticstoredz.com\/ar\/wp-json\/wp\/v2\/product_brand?post=7448"},{"taxonomy":"product_cat","embeddable":true,"href":"https:\/\/cosmeticstoredz.com\/ar\/wp-json\/wp\/v2\/product_cat?post=7448"},{"taxonomy":"product_tag","embeddable":true,"href":"https:\/\/cosmeticstoredz.com\/ar\/wp-json\/wp\/v2\/product_tag?post=7448"}],"curies":[{"name":"wp","href":"https:\/\/api.w.org\/{rel}","templated":true}]}}