{"id":7440,"date":"2025-06-04T19:58:56","date_gmt":"2025-06-04T19:58:56","guid":{"rendered":"https:\/\/test.fitnessworldgym27.com\/?post_type=product&#038;p=7440"},"modified":"2026-04-18T19:20:56","modified_gmt":"2026-04-18T19:20:56","slug":"vague-de-fraicheur-shp-500ml-natur-argile","status":"publish","type":"product","link":"https:\/\/cosmeticstoredz.com\/ar\/product\/vague-de-fraicheur-shp-500ml-natur-argile\/","title":{"rendered":"VAGUE DE FRAICHEUR SHP 500ML NATUR ARGILE"},"content":{"rendered":"<p>le shampooing chic oriental vague de fraicheur avec sa texture douce et onctueuse purifie le cuir chevelu gr\u00e0ce aux vertus de l&rsquo;argile verte qui absorbe l&rsquo;exc\u00e8s de s\u00e9bum et \u00e9limine toxines et impurt\u00e9s les cheveux sont ainsi frais et l\u00e9gers<\/p>","protected":false},"excerpt":{"rendered":"<p>Une s\u00e9duction pour vos cheveux purement orientale D\u00e9couvrez la gamme de shampoings Chic, toute orientale, cr\u00e9\u00e9e \u00e0 partir de produits 100% naturels et compos\u00e9e d\u2019agents th\u00e9rapeutiques pour retrouver \u00e9quilibre et douceur \u00e0 vos cheveux. V\u00e9ritables soins pour tous types de cheveux, les shampoings Chic nourrissent, fortifient et assainissent la fibre capillaire. Chic Oriental \u00e0 l\u2019argile pour un cuir chevelu purifi\u00e9, des cheveux l\u00e9gers et un volume assur\u00e9<\/p>","protected":false},"featured_media":21789,"comment_status":"closed","ping_status":"closed","template":"","meta":[],"product_brand":[],"product_cat":[75,111,95,269],"product_tag":[90],"class_list":{"0":"post-7440","1":"product","2":"type-product","3":"status-publish","4":"has-post-thumbnail","6":"product_cat-femme","7":"product_cat-shampoing-f","8":"product_cat-soin-cheveux-f","9":"product_cat-vague-de-fraicheur","10":"product_tag-made-in-algeria","12":"first","13":"instock","14":"shipping-taxable","15":"purchasable","16":"product-type-simple"},"yoast_head":"<!-- This site is optimized with the Yoast SEO plugin v27.3 - https:\/\/yoast.com\/product\/yoast-seo-wordpress\/ -->\n<title>VAGUE DE FRAICHEUR SHP 500ML NATUR ARGILE - Cosmetic Store<\/title>\n<meta name=\"robots\" content=\"index, follow, max-snippet:-1, max-image-preview:large, max-video-preview:-1\" \/>\n<link rel=\"canonical\" href=\"https:\/\/cosmeticstoredz.com\/ar\/product\/vague-de-fraicheur-shp-500ml-natur-argile\/\" \/>\n<meta property=\"og:locale\" content=\"ar_AR\" \/>\n<meta property=\"og:type\" content=\"article\" \/>\n<meta property=\"og:title\" content=\"VAGUE DE FRAICHEUR SHP 500ML NATUR ARGILE - Cosmetic Store\" \/>\n<meta property=\"og:description\" content=\"Une s\u00e9duction pour vos cheveux purement orientale D\u00e9couvrez la gamme de shampoings Chic, toute orientale, cr\u00e9\u00e9e \u00e0 partir de produits 100% naturels et compos\u00e9e d\u2019agents th\u00e9rapeutiques pour retrouver \u00e9quilibre et douceur \u00e0 vos cheveux. V\u00e9ritables soins pour tous types de cheveux, les shampoings Chic nourrissent, fortifient et assainissent la fibre capillaire. Chic Oriental \u00e0 l\u2019argile pour un cuir chevelu purifi\u00e9, des cheveux l\u00e9gers et un volume assur\u00e9\" \/>\n<meta property=\"og:url\" content=\"https:\/\/cosmeticstoredz.com\/ar\/product\/vague-de-fraicheur-shp-500ml-natur-argile\/\" \/>\n<meta property=\"og:site_name\" content=\"Cosmetic Store\" \/>\n<meta property=\"article:publisher\" content=\"https:\/\/www.facebook.com\/profile.php?id=61564954260683\" \/>\n<meta property=\"article:modified_time\" content=\"2026-04-18T19:20:56+00:00\" \/>\n<meta property=\"og:image\" content=\"https:\/\/cosmeticstoredz.com\/wp-content\/uploads\/2026\/02\/SPLENDID-SERUM-CHVX-BOUCLES-19.png\" \/>\n\t<meta property=\"og:image:width\" content=\"1563\" \/>\n\t<meta property=\"og:image:height\" content=\"1563\" \/>\n\t<meta property=\"og:image:type\" content=\"image\/png\" \/>\n<meta name=\"twitter:card\" content=\"summary_large_image\" \/>\n<script type=\"application\/ld+json\" class=\"yoast-schema-graph\">{\"@context\":\"https:\\\/\\\/schema.org\",\"@graph\":[{\"@type\":\"WebPage\",\"@id\":\"https:\\\/\\\/cosmeticstoredz.com\\\/produit\\\/vague-de-fraicheur-shp-500ml-natur-argile\\\/\",\"url\":\"https:\\\/\\\/cosmeticstoredz.com\\\/produit\\\/vague-de-fraicheur-shp-500ml-natur-argile\\\/\",\"name\":\"VAGUE DE FRAICHEUR SHP 500ML NATUR ARGILE - Cosmetic Store\",\"isPartOf\":{\"@id\":\"https:\\\/\\\/cosmeticstoredz.com\\\/#website\"},\"primaryImageOfPage\":{\"@id\":\"https:\\\/\\\/cosmeticstoredz.com\\\/produit\\\/vague-de-fraicheur-shp-500ml-natur-argile\\\/#primaryimage\"},\"image\":{\"@id\":\"https:\\\/\\\/cosmeticstoredz.com\\\/produit\\\/vague-de-fraicheur-shp-500ml-natur-argile\\\/#primaryimage\"},\"thumbnailUrl\":\"https:\\\/\\\/cosmeticstoredz.com\\\/wp-content\\\/uploads\\\/2026\\\/02\\\/SPLENDID-SERUM-CHVX-BOUCLES-19.png\",\"datePublished\":\"2025-06-04T19:58:56+00:00\",\"dateModified\":\"2026-04-18T19:20:56+00:00\",\"breadcrumb\":{\"@id\":\"https:\\\/\\\/cosmeticstoredz.com\\\/produit\\\/vague-de-fraicheur-shp-500ml-natur-argile\\\/#breadcrumb\"},\"inLanguage\":\"ar\",\"potentialAction\":[{\"@type\":\"ReadAction\",\"target\":[\"https:\\\/\\\/cosmeticstoredz.com\\\/produit\\\/vague-de-fraicheur-shp-500ml-natur-argile\\\/\"]}]},{\"@type\":\"ImageObject\",\"inLanguage\":\"ar\",\"@id\":\"https:\\\/\\\/cosmeticstoredz.com\\\/produit\\\/vague-de-fraicheur-shp-500ml-natur-argile\\\/#primaryimage\",\"url\":\"https:\\\/\\\/cosmeticstoredz.com\\\/wp-content\\\/uploads\\\/2026\\\/02\\\/SPLENDID-SERUM-CHVX-BOUCLES-19.png\",\"contentUrl\":\"https:\\\/\\\/cosmeticstoredz.com\\\/wp-content\\\/uploads\\\/2026\\\/02\\\/SPLENDID-SERUM-CHVX-BOUCLES-19.png\",\"width\":1563,\"height\":1563},{\"@type\":\"BreadcrumbList\",\"@id\":\"https:\\\/\\\/cosmeticstoredz.com\\\/produit\\\/vague-de-fraicheur-shp-500ml-natur-argile\\\/#breadcrumb\",\"itemListElement\":[{\"@type\":\"ListItem\",\"position\":1,\"name\":\"Accueil\",\"item\":\"https:\\\/\\\/cosmeticstoredz.com\\\/\"},{\"@type\":\"ListItem\",\"position\":2,\"name\":\"Boutique\",\"item\":\"https:\\\/\\\/cosmeticstoredz.com\\\/boutique\\\/\"},{\"@type\":\"ListItem\",\"position\":3,\"name\":\"VAGUE DE FRAICHEUR SHP 500ML NATUR ARGILE\"}]},{\"@type\":\"WebSite\",\"@id\":\"https:\\\/\\\/cosmeticstoredz.com\\\/#website\",\"url\":\"https:\\\/\\\/cosmeticstoredz.com\\\/\",\"name\":\"Cosmetic Store\",\"description\":\"\",\"publisher\":{\"@id\":\"https:\\\/\\\/cosmeticstoredz.com\\\/#organization\"},\"potentialAction\":[{\"@type\":\"SearchAction\",\"target\":{\"@type\":\"EntryPoint\",\"urlTemplate\":\"https:\\\/\\\/cosmeticstoredz.com\\\/?s={search_term_string}\"},\"query-input\":{\"@type\":\"PropertyValueSpecification\",\"valueRequired\":true,\"valueName\":\"search_term_string\"}}],\"inLanguage\":\"ar\"},{\"@type\":\"Organization\",\"@id\":\"https:\\\/\\\/cosmeticstoredz.com\\\/#organization\",\"name\":\"Cosmetic Store\",\"url\":\"https:\\\/\\\/cosmeticstoredz.com\\\/\",\"logo\":{\"@type\":\"ImageObject\",\"inLanguage\":\"ar\",\"@id\":\"https:\\\/\\\/cosmeticstoredz.com\\\/#\\\/schema\\\/logo\\\/image\\\/\",\"url\":\"https:\\\/\\\/cosmeticstoredz.com\\\/wp-content\\\/uploads\\\/2026\\\/02\\\/cropped-LOGO_CS-512x512-1-1-e1771275285345.webp\",\"contentUrl\":\"https:\\\/\\\/cosmeticstoredz.com\\\/wp-content\\\/uploads\\\/2026\\\/02\\\/cropped-LOGO_CS-512x512-1-1-e1771275285345.webp\",\"width\":265,\"height\":319,\"caption\":\"Cosmetic Store\"},\"image\":{\"@id\":\"https:\\\/\\\/cosmeticstoredz.com\\\/#\\\/schema\\\/logo\\\/image\\\/\"},\"sameAs\":[\"https:\\\/\\\/www.facebook.com\\\/profile.php?id=61564954260683\",\"https:\\\/\\\/www.instagram.com\\\/cosmetic.storedz\\\/\"]}]}<\/script>\n<!-- \/ Yoast SEO plugin. -->","yoast_head_json":{"title":"VAGUE DE FRAICHEUR SHP 500ML NATUR ARGILE - Cosmetic Store","robots":{"index":"index","follow":"follow","max-snippet":"max-snippet:-1","max-image-preview":"max-image-preview:large","max-video-preview":"max-video-preview:-1"},"canonical":"https:\/\/cosmeticstoredz.com\/ar\/product\/vague-de-fraicheur-shp-500ml-natur-argile\/","og_locale":"ar_AR","og_type":"article","og_title":"VAGUE DE FRAICHEUR SHP 500ML NATUR ARGILE - Cosmetic Store","og_description":"Une s\u00e9duction pour vos cheveux purement orientale D\u00e9couvrez la gamme de shampoings Chic, toute orientale, cr\u00e9\u00e9e \u00e0 partir de produits 100% naturels et compos\u00e9e d\u2019agents th\u00e9rapeutiques pour retrouver \u00e9quilibre et douceur \u00e0 vos cheveux. V\u00e9ritables soins pour tous types de cheveux, les shampoings Chic nourrissent, fortifient et assainissent la fibre capillaire. Chic Oriental \u00e0 l\u2019argile pour un cuir chevelu purifi\u00e9, des cheveux l\u00e9gers et un volume assur\u00e9","og_url":"https:\/\/cosmeticstoredz.com\/ar\/product\/vague-de-fraicheur-shp-500ml-natur-argile\/","og_site_name":"Cosmetic Store","article_publisher":"https:\/\/www.facebook.com\/profile.php?id=61564954260683","article_modified_time":"2026-04-18T19:20:56+00:00","og_image":[{"width":1563,"height":1563,"url":"https:\/\/cosmeticstoredz.com\/wp-content\/uploads\/2026\/02\/SPLENDID-SERUM-CHVX-BOUCLES-19.png","type":"image\/png"}],"twitter_card":"summary_large_image","schema":{"@context":"https:\/\/schema.org","@graph":[{"@type":"WebPage","@id":"https:\/\/cosmeticstoredz.com\/produit\/vague-de-fraicheur-shp-500ml-natur-argile\/","url":"https:\/\/cosmeticstoredz.com\/produit\/vague-de-fraicheur-shp-500ml-natur-argile\/","name":"VAGUE DE FRAICHEUR SHP 500ML NATUR ARGILE - Cosmetic Store","isPartOf":{"@id":"https:\/\/cosmeticstoredz.com\/#website"},"primaryImageOfPage":{"@id":"https:\/\/cosmeticstoredz.com\/produit\/vague-de-fraicheur-shp-500ml-natur-argile\/#primaryimage"},"image":{"@id":"https:\/\/cosmeticstoredz.com\/produit\/vague-de-fraicheur-shp-500ml-natur-argile\/#primaryimage"},"thumbnailUrl":"https:\/\/cosmeticstoredz.com\/wp-content\/uploads\/2026\/02\/SPLENDID-SERUM-CHVX-BOUCLES-19.png","datePublished":"2025-06-04T19:58:56+00:00","dateModified":"2026-04-18T19:20:56+00:00","breadcrumb":{"@id":"https:\/\/cosmeticstoredz.com\/produit\/vague-de-fraicheur-shp-500ml-natur-argile\/#breadcrumb"},"inLanguage":"ar","potentialAction":[{"@type":"ReadAction","target":["https:\/\/cosmeticstoredz.com\/produit\/vague-de-fraicheur-shp-500ml-natur-argile\/"]}]},{"@type":"ImageObject","inLanguage":"ar","@id":"https:\/\/cosmeticstoredz.com\/produit\/vague-de-fraicheur-shp-500ml-natur-argile\/#primaryimage","url":"https:\/\/cosmeticstoredz.com\/wp-content\/uploads\/2026\/02\/SPLENDID-SERUM-CHVX-BOUCLES-19.png","contentUrl":"https:\/\/cosmeticstoredz.com\/wp-content\/uploads\/2026\/02\/SPLENDID-SERUM-CHVX-BOUCLES-19.png","width":1563,"height":1563},{"@type":"BreadcrumbList","@id":"https:\/\/cosmeticstoredz.com\/produit\/vague-de-fraicheur-shp-500ml-natur-argile\/#breadcrumb","itemListElement":[{"@type":"ListItem","position":1,"name":"Accueil","item":"https:\/\/cosmeticstoredz.com\/"},{"@type":"ListItem","position":2,"name":"Boutique","item":"https:\/\/cosmeticstoredz.com\/boutique\/"},{"@type":"ListItem","position":3,"name":"VAGUE DE FRAICHEUR SHP 500ML NATUR ARGILE"}]},{"@type":"WebSite","@id":"https:\/\/cosmeticstoredz.com\/#website","url":"https:\/\/cosmeticstoredz.com\/","name":"Cosmetic Store","description":"","publisher":{"@id":"https:\/\/cosmeticstoredz.com\/#organization"},"potentialAction":[{"@type":"SearchAction","target":{"@type":"EntryPoint","urlTemplate":"https:\/\/cosmeticstoredz.com\/?s={search_term_string}"},"query-input":{"@type":"PropertyValueSpecification","valueRequired":true,"valueName":"search_term_string"}}],"inLanguage":"ar"},{"@type":"Organization","@id":"https:\/\/cosmeticstoredz.com\/#organization","name":"Cosmetic Store","url":"https:\/\/cosmeticstoredz.com\/","logo":{"@type":"ImageObject","inLanguage":"ar","@id":"https:\/\/cosmeticstoredz.com\/#\/schema\/logo\/image\/","url":"https:\/\/cosmeticstoredz.com\/wp-content\/uploads\/2026\/02\/cropped-LOGO_CS-512x512-1-1-e1771275285345.webp","contentUrl":"https:\/\/cosmeticstoredz.com\/wp-content\/uploads\/2026\/02\/cropped-LOGO_CS-512x512-1-1-e1771275285345.webp","width":265,"height":319,"caption":"Cosmetic Store"},"image":{"@id":"https:\/\/cosmeticstoredz.com\/#\/schema\/logo\/image\/"},"sameAs":["https:\/\/www.facebook.com\/profile.php?id=61564954260683","https:\/\/www.instagram.com\/cosmetic.storedz\/"]}]}},"_links":{"self":[{"href":"https:\/\/cosmeticstoredz.com\/ar\/wp-json\/wp\/v2\/product\/7440","targetHints":{"allow":["GET"]}}],"collection":[{"href":"https:\/\/cosmeticstoredz.com\/ar\/wp-json\/wp\/v2\/product"}],"about":[{"href":"https:\/\/cosmeticstoredz.com\/ar\/wp-json\/wp\/v2\/types\/product"}],"replies":[{"embeddable":true,"href":"https:\/\/cosmeticstoredz.com\/ar\/wp-json\/wp\/v2\/comments?post=7440"}],"version-history":[{"count":1,"href":"https:\/\/cosmeticstoredz.com\/ar\/wp-json\/wp\/v2\/product\/7440\/revisions"}],"predecessor-version":[{"id":21790,"href":"https:\/\/cosmeticstoredz.com\/ar\/wp-json\/wp\/v2\/product\/7440\/revisions\/21790"}],"wp:featuredmedia":[{"embeddable":true,"href":"https:\/\/cosmeticstoredz.com\/ar\/wp-json\/wp\/v2\/media\/21789"}],"wp:attachment":[{"href":"https:\/\/cosmeticstoredz.com\/ar\/wp-json\/wp\/v2\/media?parent=7440"}],"wp:term":[{"taxonomy":"product_brand","embeddable":true,"href":"https:\/\/cosmeticstoredz.com\/ar\/wp-json\/wp\/v2\/product_brand?post=7440"},{"taxonomy":"product_cat","embeddable":true,"href":"https:\/\/cosmeticstoredz.com\/ar\/wp-json\/wp\/v2\/product_cat?post=7440"},{"taxonomy":"product_tag","embeddable":true,"href":"https:\/\/cosmeticstoredz.com\/ar\/wp-json\/wp\/v2\/product_tag?post=7440"}],"curies":[{"name":"wp","href":"https:\/\/api.w.org\/{rel}","templated":true}]}}