{"id":7416,"date":"2025-06-04T19:58:32","date_gmt":"2025-06-04T19:58:32","guid":{"rendered":"https:\/\/test.fitnessworldgym27.com\/?post_type=product&#038;p=7416"},"modified":"2026-03-30T19:28:10","modified_gmt":"2026-03-30T19:28:10","slug":"vague-de-fraicheur-la-laque-200ml-proteine-de-soie","status":"publish","type":"product","link":"https:\/\/cosmeticstoredz.com\/ar\/product\/vague-de-fraicheur-la-laque-200ml-proteine-de-soie\/","title":{"rendered":"VAGUE DE FRAICHEUR LA LAQUE 200ML PROTEINE DE SOIE"},"content":{"rendered":"<p>Laque capillaire Pour une coiffure impeccable et soign\u00e9e, Lactescence, un soin de coiffage \u00e0 la k\u00e9ratine et prot\u00e9ine de soie fixe vos cheveux pour une tenue longue dur\u00e9e tout en leurs apportant souplesse, tenue et brillance. FIXE DURABLEMENT Sans r\u00e9sidus ne ternit pas les cheveux R\u00e9sultat : \u2022 Fixation extra forte des coiffures \u2022 Soin, volume et corps<\/p>\n<p>&nbsp;<\/p>","protected":false},"excerpt":{"rendered":"<p>Laque capillaire Pour une coiffure impeccable et soign\u00e9e, Lactescence, un soin de coiffage \u00e0 la k\u00e9ratine et prot\u00e9ine de soie fixe vos cheveux pour une tenue longue dur\u00e9e tout en leurs apportant souplesse, tenue et brillance.<\/p>","protected":false},"featured_media":21767,"comment_status":"open","ping_status":"closed","template":"","meta":[],"product_brand":[],"product_cat":[75,218,95],"product_tag":[90],"class_list":{"0":"post-7416","1":"product","2":"type-product","3":"status-publish","4":"has-post-thumbnail","6":"product_cat-femme","7":"product_cat-la-laque","8":"product_cat-soin-cheveux-f","9":"product_tag-made-in-algeria","11":"first","12":"instock","13":"shipping-taxable","14":"purchasable","15":"product-type-simple"},"_links":{"self":[{"href":"https:\/\/cosmeticstoredz.com\/ar\/wp-json\/wp\/v2\/product\/7416","targetHints":{"allow":["GET"]}}],"collection":[{"href":"https:\/\/cosmeticstoredz.com\/ar\/wp-json\/wp\/v2\/product"}],"about":[{"href":"https:\/\/cosmeticstoredz.com\/ar\/wp-json\/wp\/v2\/types\/product"}],"replies":[{"embeddable":true,"href":"https:\/\/cosmeticstoredz.com\/ar\/wp-json\/wp\/v2\/comments?post=7416"}],"version-history":[{"count":1,"href":"https:\/\/cosmeticstoredz.com\/ar\/wp-json\/wp\/v2\/product\/7416\/revisions"}],"predecessor-version":[{"id":21768,"href":"https:\/\/cosmeticstoredz.com\/ar\/wp-json\/wp\/v2\/product\/7416\/revisions\/21768"}],"wp:featuredmedia":[{"embeddable":true,"href":"https:\/\/cosmeticstoredz.com\/ar\/wp-json\/wp\/v2\/media\/21767"}],"wp:attachment":[{"href":"https:\/\/cosmeticstoredz.com\/ar\/wp-json\/wp\/v2\/media?parent=7416"}],"wp:term":[{"taxonomy":"product_brand","embeddable":true,"href":"https:\/\/cosmeticstoredz.com\/ar\/wp-json\/wp\/v2\/product_brand?post=7416"},{"taxonomy":"product_cat","embeddable":true,"href":"https:\/\/cosmeticstoredz.com\/ar\/wp-json\/wp\/v2\/product_cat?post=7416"},{"taxonomy":"product_tag","embeddable":true,"href":"https:\/\/cosmeticstoredz.com\/ar\/wp-json\/wp\/v2\/product_tag?post=7416"}],"curies":[{"name":"wp","href":"https:\/\/api.w.org\/{rel}","templated":true}]}}